{"id":505388,"date":"2025-02-11T13:03:33","date_gmt":"2025-02-11T12:03:33","guid":{"rendered":"https:\/\/lucacastelli.com\/prodotto\/husqvarna-schnittschutzhose-technique-haute-visibilite\/"},"modified":"2025-02-11T13:03:33","modified_gmt":"2025-02-11T12:03:33","slug":"husqvarna-schnittschutzhose-technique-haute-visibilite","status":"publish","type":"product","link":"https:\/\/lucacastelli.com\/fr\/produit\/husqvarna-schnittschutzhose-technique-haute-visibilite\/","title":{"rendered":"Husqvarna Schnittschutzhose Technique Haute Visibilit\u00e9"},"content":{"rendered":"<p>Pantalon technique haute visibilit\u00e9<br \/>\nPour le travail sur la route ou l\u00e0 o\u00f9 vous devez \u00eatre clairement visible. Le mat\u00e9riau extensible dans les 4 sens vous permet de bouger librement, en toute s\u00e9curit\u00e9 et confortablement. Les jambes pr\u00e9form\u00e9es offrent une mobilit\u00e9 maximale, les bandes r\u00e9fl\u00e9chissantes assurent une grande visibilit\u00e9 et une s\u00e9curit\u00e9 accrue, tandis que les genoux et les jambes renforc\u00e9s assurent la r\u00e9sistance n\u00e9cessaire dans des conditions difficiles. Homologu\u00e9 selon les normes EN 381 classe 1 (20 m\/s) et EN ISO 20471 classe 2.   <\/p>\n","protected":false},"excerpt":{"rendered":"<p>Pantalon technique haute visibilit\u00e9 Pour le travail sur la route ou l\u00e0 o\u00f9 vous devez \u00eatre clairement visible. Le mat\u00e9riau<\/p>\n","protected":false},"featured_media":96624,"template":"","meta":{"_seopress_robots_primary_cat":"","_seopress_titles_title":"","_seopress_titles_desc":"","_seopress_robots_index":""},"product_brand":[4371],"product_cat":[81,1381],"product_tag":[],"class_list":{"0":"post-505388","1":"product","2":"type-product","3":"status-publish","4":"has-post-thumbnail","6":"product_brand-husqvarna-fr","7":"product_cat-vetements","8":"product_cat-vetements-de-travail","9":"sws-gruppo-abb-libero-fr","10":"sws-categoria-sito-fr","11":"sws-conto-ricavi-merci-rivendita-abbigliamento-fr","12":"sws-gruppo-iva-iva81-fr","14":"first","15":"instock","16":"shipping-taxable","17":"purchasable","18":"product-type-variable"},"_links":{"self":[{"href":"https:\/\/lucacastelli.com\/fr\/wp-json\/wp\/v2\/product\/505388","targetHints":{"allow":["GET"]}}],"collection":[{"href":"https:\/\/lucacastelli.com\/fr\/wp-json\/wp\/v2\/product"}],"about":[{"href":"https:\/\/lucacastelli.com\/fr\/wp-json\/wp\/v2\/types\/product"}],"wp:featuredmedia":[{"embeddable":true,"href":"https:\/\/lucacastelli.com\/fr\/wp-json\/wp\/v2\/media\/96624"}],"wp:attachment":[{"href":"https:\/\/lucacastelli.com\/fr\/wp-json\/wp\/v2\/media?parent=505388"}],"wp:term":[{"taxonomy":"product_brand","embeddable":true,"href":"https:\/\/lucacastelli.com\/fr\/wp-json\/wp\/v2\/product_brand?post=505388"},{"taxonomy":"product_cat","embeddable":true,"href":"https:\/\/lucacastelli.com\/fr\/wp-json\/wp\/v2\/product_cat?post=505388"},{"taxonomy":"product_tag","embeddable":true,"href":"https:\/\/lucacastelli.com\/fr\/wp-json\/wp\/v2\/product_tag?post=505388"}],"curies":[{"name":"wp","href":"https:\/\/api.w.org\/{rel}","templated":true}]}}