{"id":505383,"date":"2023-07-20T09:18:15","date_gmt":"2023-07-20T07:18:15","guid":{"rendered":"https:\/\/lucacastelli.com\/prodotto\/visiere-husqvarna-ultra-vision\/"},"modified":"2023-07-20T09:18:15","modified_gmt":"2023-07-20T07:18:15","slug":"visiere-husqvarna-ultra-vision","status":"publish","type":"product","link":"https:\/\/lucacastelli.com\/fr\/produit\/visiere-husqvarna-ultra-vision\/","title":{"rendered":"Visi\u00e8re HUSQVARNA Ultra Vision"},"content":{"rendered":"<p>La r\u00e9duction de la lumi\u00e8re sur l\u2019ensemble de la visi\u00e8re n\u2019est que de 20&nbsp;%, contre 30&nbsp;% pour une visi\u00e8re traditionnelle. Gr\u00e2ce \u00e0 la conception, le risque que l\u2019eau soit pi\u00e9g\u00e9e dans le grillage a \u00e9t\u00e9 consid\u00e9rablement r\u00e9duit. Il en va de m\u00eame pour la d\u00e9formation permanente.  <\/p>\n","protected":false},"excerpt":{"rendered":"<p>La r\u00e9duction de la lumi\u00e8re sur l\u2019ensemble de la visi\u00e8re n\u2019est que de 20&nbsp;%, contre 30&nbsp;% pour une visi\u00e8re traditionnelle.<\/p>\n","protected":false},"featured_media":92786,"template":"","meta":{"_seopress_robots_primary_cat":"","_seopress_titles_title":"","_seopress_titles_desc":"","_seopress_robots_index":""},"product_brand":[4371],"product_cat":[1405,144,1397,1412],"product_tag":[],"class_list":{"0":"post-505383","1":"product","2":"type-product","3":"status-publish","4":"has-post-thumbnail","6":"product_brand-husqvarna-fr","7":"product_cat-casques","8":"product_cat-equipement","9":"product_cat-equipement-de-travail","10":"product_cat-visieres-et-lunettes","11":"sws-gruppo-abb-libero-fr","12":"sws-conto-ricavi-merci-rivendita-abbigliamento-fr","13":"sws-gruppo-iva-iva81-fr","15":"first","16":"instock","17":"shipping-taxable","18":"purchasable","19":"product-type-simple"},"_links":{"self":[{"href":"https:\/\/lucacastelli.com\/fr\/wp-json\/wp\/v2\/product\/505383","targetHints":{"allow":["GET"]}}],"collection":[{"href":"https:\/\/lucacastelli.com\/fr\/wp-json\/wp\/v2\/product"}],"about":[{"href":"https:\/\/lucacastelli.com\/fr\/wp-json\/wp\/v2\/types\/product"}],"wp:featuredmedia":[{"embeddable":true,"href":"https:\/\/lucacastelli.com\/fr\/wp-json\/wp\/v2\/media\/92786"}],"wp:attachment":[{"href":"https:\/\/lucacastelli.com\/fr\/wp-json\/wp\/v2\/media?parent=505383"}],"wp:term":[{"taxonomy":"product_brand","embeddable":true,"href":"https:\/\/lucacastelli.com\/fr\/wp-json\/wp\/v2\/product_brand?post=505383"},{"taxonomy":"product_cat","embeddable":true,"href":"https:\/\/lucacastelli.com\/fr\/wp-json\/wp\/v2\/product_cat?post=505383"},{"taxonomy":"product_tag","embeddable":true,"href":"https:\/\/lucacastelli.com\/fr\/wp-json\/wp\/v2\/product_tag?post=505383"}],"curies":[{"name":"wp","href":"https:\/\/api.w.org\/{rel}","templated":true}]}}