{"id":505368,"date":"2023-10-06T09:57:16","date_gmt":"2023-10-06T07:57:16","guid":{"rendered":"https:\/\/lucacastelli.com\/prodotto\/chapeau-polaire-cmp-enfant\/"},"modified":"2023-10-06T09:57:16","modified_gmt":"2023-10-06T07:57:16","slug":"chapeau-polaire-cmp-enfant","status":"publish","type":"product","link":"https:\/\/lucacastelli.com\/fr\/produit\/chapeau-polaire-cmp-enfant\/","title":{"rendered":"CHAPEAU POLAIRE CMP ENFANT"},"content":{"rendered":"<p>Un accent joyeux pour le look hivernal de votre enfant, que ce soit dans la neige ou en ville lors des froides journ\u00e9es d\u2019hiver. Cet accessoire est fabriqu\u00e9 en polaire douce et chaude et est \u00e9quip\u00e9 d\u2019une mentonni\u00e8re pour nouer le chapeau. <\/p>\n<p>CARACT\u00c9RISTIQUES TECHNIQUES<br \/>\nPoids<br \/>\n40 gr<\/p>\n<p>PROPRI\u00c9T\u00c9S<br \/>\nPolaire chaude et douce, facile \u00e0 laver<\/p>\n<p>TECHNOLOGIE<br \/>\nPolaire arctique<\/p>\n","protected":false},"excerpt":{"rendered":"<p>Un accent joyeux pour le look hivernal de votre enfant, que ce soit dans la neige ou en ville lors<\/p>\n","protected":false},"featured_media":98037,"template":"","meta":{"_seopress_robots_primary_cat":"","_seopress_titles_title":"","_seopress_titles_desc":"","_seopress_robots_index":""},"product_brand":[4388],"product_cat":[21,189,685],"product_tag":[],"class_list":{"0":"post-505368","1":"product","2":"type-product","3":"status-publish","4":"has-post-thumbnail","6":"product_brand-cmp","7":"product_cat-abbigliamento","8":"product_cat-abbigliamento-per-il-tempo-libero","9":"product_cat-abbigliamento-da-bambino","11":"first","12":"instock","13":"shipping-taxable","14":"purchasable","15":"product-type-variable"},"_links":{"self":[{"href":"https:\/\/lucacastelli.com\/fr\/wp-json\/wp\/v2\/product\/505368","targetHints":{"allow":["GET"]}}],"collection":[{"href":"https:\/\/lucacastelli.com\/fr\/wp-json\/wp\/v2\/product"}],"about":[{"href":"https:\/\/lucacastelli.com\/fr\/wp-json\/wp\/v2\/types\/product"}],"wp:featuredmedia":[{"embeddable":true,"href":"https:\/\/lucacastelli.com\/fr\/wp-json\/wp\/v2\/media\/98037"}],"wp:attachment":[{"href":"https:\/\/lucacastelli.com\/fr\/wp-json\/wp\/v2\/media?parent=505368"}],"wp:term":[{"taxonomy":"product_brand","embeddable":true,"href":"https:\/\/lucacastelli.com\/fr\/wp-json\/wp\/v2\/product_brand?post=505368"},{"taxonomy":"product_cat","embeddable":true,"href":"https:\/\/lucacastelli.com\/fr\/wp-json\/wp\/v2\/product_cat?post=505368"},{"taxonomy":"product_tag","embeddable":true,"href":"https:\/\/lucacastelli.com\/fr\/wp-json\/wp\/v2\/product_tag?post=505368"}],"curies":[{"name":"wp","href":"https:\/\/api.w.org\/{rel}","templated":true}]}}