{"id":505347,"date":"2023-10-06T09:22:52","date_gmt":"2023-10-06T07:22:52","guid":{"rendered":"https:\/\/lucacastelli.com\/prodotto\/cmp-sweat-enfant\/"},"modified":"2023-10-06T09:22:52","modified_gmt":"2023-10-06T07:22:52","slug":"cmp-sweat-enfant","status":"publish","type":"product","link":"https:\/\/lucacastelli.com\/fr\/produit\/cmp-sweat-enfant\/","title":{"rendered":"CMP SWEAT ENFANT"},"content":{"rendered":"<p>Polaire en tissu Softech, un tissu l\u00e9ger, r\u00e9sistant \u00e0 l\u2019abrasion et \u00e9lastique avec un traitement au carbone qui adoucit le v\u00eatement et favorise l\u2019\u00e9vaporation de la sueur. Le design avant, inspir\u00e9 des montagnes d\u2019hiver, enrichit le v\u00eatement. Ce v\u00eatement est enti\u00e8rement fabriqu\u00e9 dans nos usines et est certifi\u00e9 Oeko-Tex\u00ae Standard 100, ce qui garantit l\u2019utilisation de mat\u00e9riaux et de teintures qui ne nuisent pas \u00e0 l\u2019environnement ou qui sont toxiques pour l\u2019homme.  <\/p>\n<p>SP\u00c9CIFICATIONS TECHNIQUES<br \/>\npoids 150 gr<\/p>\n<p>PROPRI\u00c9T\u00c9S<br \/>\nStretch<\/p>\n<p>TECHNOLOGIE<br \/>\nOeko Tex<br \/>\nSoftech<\/p>\n","protected":false},"excerpt":{"rendered":"<p>Polaire en tissu Softech, un tissu l\u00e9ger, r\u00e9sistant \u00e0 l\u2019abrasion et \u00e9lastique avec un traitement au carbone qui adoucit le<\/p>\n","protected":false},"featured_media":97999,"template":"","meta":{"_seopress_robots_primary_cat":"","_seopress_titles_title":"","_seopress_titles_desc":"","_seopress_robots_index":""},"product_brand":[4500],"product_cat":[81,981,1384],"product_tag":[],"class_list":{"0":"post-505347","1":"product","2":"type-product","3":"status-publish","4":"has-post-thumbnail","6":"product_brand-cmp-fr","7":"product_cat-vetements","8":"product_cat-vetements-de-loisirs","9":"product_cat-vetements-pour-enfants","11":"first","12":"instock","13":"shipping-taxable","14":"purchasable","15":"product-type-variable"},"_links":{"self":[{"href":"https:\/\/lucacastelli.com\/fr\/wp-json\/wp\/v2\/product\/505347","targetHints":{"allow":["GET"]}}],"collection":[{"href":"https:\/\/lucacastelli.com\/fr\/wp-json\/wp\/v2\/product"}],"about":[{"href":"https:\/\/lucacastelli.com\/fr\/wp-json\/wp\/v2\/types\/product"}],"wp:featuredmedia":[{"embeddable":true,"href":"https:\/\/lucacastelli.com\/fr\/wp-json\/wp\/v2\/media\/97999"}],"wp:attachment":[{"href":"https:\/\/lucacastelli.com\/fr\/wp-json\/wp\/v2\/media?parent=505347"}],"wp:term":[{"taxonomy":"product_brand","embeddable":true,"href":"https:\/\/lucacastelli.com\/fr\/wp-json\/wp\/v2\/product_brand?post=505347"},{"taxonomy":"product_cat","embeddable":true,"href":"https:\/\/lucacastelli.com\/fr\/wp-json\/wp\/v2\/product_cat?post=505347"},{"taxonomy":"product_tag","embeddable":true,"href":"https:\/\/lucacastelli.com\/fr\/wp-json\/wp\/v2\/product_tag?post=505347"}],"curies":[{"name":"wp","href":"https:\/\/api.w.org\/{rel}","templated":true}]}}