{"id":505301,"date":"2023-10-06T09:20:05","date_gmt":"2023-10-06T07:20:05","guid":{"rendered":"https:\/\/lucacastelli.com\/prodotto\/cmp-kid-g-sweat\/"},"modified":"2023-10-06T09:20:05","modified_gmt":"2023-10-06T07:20:05","slug":"cmp-kid-g-sweat","status":"publish","type":"product","link":"https:\/\/lucacastelli.com\/fr\/produit\/cmp-kid-g-sweat\/","title":{"rendered":"CMP KID G SWEAT"},"content":{"rendered":"<p>Cette veste polaire demi-zipp\u00e9e est fabriqu\u00e9e en polaire Softech, un tissu ultra-l\u00e9ger avec une finition carbone douce et respirante. Choisissez parmi des couleurs vives pour correspondre au mieux \u00e0 votre combinaison de ski ! <\/p>\n<p>CARACT\u00c9RISTIQUES TECHNIQUES<br \/>\npoids 175 gr<\/p>\n<p>PROPRI\u00c9T\u00c9S<br \/>\nStretch<\/p>\n<p>TECHNOLOGIE<br \/>\nFonction Dry<br \/>\nSoftech<\/p>\n","protected":false},"excerpt":{"rendered":"<p>Cette veste polaire demi-zipp\u00e9e est fabriqu\u00e9e en polaire Softech, un tissu ultra-l\u00e9ger avec une finition carbone douce et respirante. Choisissez<\/p>\n","protected":false},"featured_media":97969,"template":"","meta":{"_seopress_robots_primary_cat":"","_seopress_titles_title":"","_seopress_titles_desc":"","_seopress_robots_index":""},"product_brand":[4500],"product_cat":[81,981,1384],"product_tag":[],"class_list":{"0":"post-505301","1":"product","2":"type-product","3":"status-publish","4":"has-post-thumbnail","6":"product_brand-cmp-fr","7":"product_cat-vetements","8":"product_cat-vetements-de-loisirs","9":"product_cat-vetements-pour-enfants","11":"first","12":"instock","13":"shipping-taxable","14":"purchasable","15":"product-type-variable"},"_links":{"self":[{"href":"https:\/\/lucacastelli.com\/fr\/wp-json\/wp\/v2\/product\/505301","targetHints":{"allow":["GET"]}}],"collection":[{"href":"https:\/\/lucacastelli.com\/fr\/wp-json\/wp\/v2\/product"}],"about":[{"href":"https:\/\/lucacastelli.com\/fr\/wp-json\/wp\/v2\/types\/product"}],"wp:featuredmedia":[{"embeddable":true,"href":"https:\/\/lucacastelli.com\/fr\/wp-json\/wp\/v2\/media\/97969"}],"wp:attachment":[{"href":"https:\/\/lucacastelli.com\/fr\/wp-json\/wp\/v2\/media?parent=505301"}],"wp:term":[{"taxonomy":"product_brand","embeddable":true,"href":"https:\/\/lucacastelli.com\/fr\/wp-json\/wp\/v2\/product_brand?post=505301"},{"taxonomy":"product_cat","embeddable":true,"href":"https:\/\/lucacastelli.com\/fr\/wp-json\/wp\/v2\/product_cat?post=505301"},{"taxonomy":"product_tag","embeddable":true,"href":"https:\/\/lucacastelli.com\/fr\/wp-json\/wp\/v2\/product_tag?post=505301"}],"curies":[{"name":"wp","href":"https:\/\/api.w.org\/{rel}","templated":true}]}}