{"id":505281,"date":"2023-09-28T06:37:30","date_gmt":"2023-09-28T04:37:30","guid":{"rendered":"https:\/\/lucacastelli.com\/prodotto\/cmp-kid-g-jacket-fix-hood\/"},"modified":"2023-09-28T06:37:30","modified_gmt":"2023-09-28T04:37:30","slug":"cmp-kid-g-jacket-fix-hood","status":"publish","type":"product","link":"https:\/\/lucacastelli.com\/fr\/produit\/cmp-kid-g-jacket-fix-hood\/","title":{"rendered":"CMP KID G JACKET FIX HOOD"},"content":{"rendered":"<p>Veste polaire Highloft avec finition jacquard g\u00e9om\u00e9trique. La structure sp\u00e9ciale \u00e0 poils longs de cette toison emmagasine la chaleur \u00e0 l\u2019int\u00e9rieur et assure un toucher agr\u00e9ablement doux. Une couche interm\u00e9diaire isolante pour les journ\u00e9es douces qui rend la tenue d\u2019hiver ind\u00e9niablement \u00e0 l\u2019ext\u00e9rieur, chaude et confortable. Fermeture \u00e9clair frontale avec empi\u00e8cement coupe-vent et anti-rayures, poches lat\u00e9rales avec fermeture \u00e9clair, ourlet et poignets \u00e9lastiques pour un meilleur ajustement.   <\/p>\n<p>CARACT\u00c9RISTIQUES TECHNIQUES<br \/>\nPoids<br \/>\n330 gr<\/p>\n<p>TECHNOLOGIE<br \/>\nHaute protection<\/p>\n","protected":false},"excerpt":{"rendered":"<p>Veste polaire Highloft avec finition jacquard g\u00e9om\u00e9trique. La structure sp\u00e9ciale \u00e0 poils longs de cette toison emmagasine la chaleur \u00e0<\/p>\n","protected":false},"featured_media":97882,"template":"","meta":{"_seopress_robots_primary_cat":"","_seopress_titles_title":"","_seopress_titles_desc":"","_seopress_robots_index":""},"product_brand":[4500],"product_cat":[81,981,1384],"product_tag":[],"class_list":{"0":"post-505281","1":"product","2":"type-product","3":"status-publish","4":"has-post-thumbnail","6":"product_brand-cmp-fr","7":"product_cat-vetements","8":"product_cat-vetements-de-loisirs","9":"product_cat-vetements-pour-enfants","10":"sws-gruppo-abb-libero","11":"sws-categoria-sito","12":"sws-conto-ricavi-merci-rivendita-abbigliamento","13":"sws-gruppo-iva-iva81","15":"first","16":"instock","17":"shipping-taxable","18":"purchasable","19":"product-type-variable"},"_links":{"self":[{"href":"https:\/\/lucacastelli.com\/fr\/wp-json\/wp\/v2\/product\/505281","targetHints":{"allow":["GET"]}}],"collection":[{"href":"https:\/\/lucacastelli.com\/fr\/wp-json\/wp\/v2\/product"}],"about":[{"href":"https:\/\/lucacastelli.com\/fr\/wp-json\/wp\/v2\/types\/product"}],"wp:featuredmedia":[{"embeddable":true,"href":"https:\/\/lucacastelli.com\/fr\/wp-json\/wp\/v2\/media\/97882"}],"wp:attachment":[{"href":"https:\/\/lucacastelli.com\/fr\/wp-json\/wp\/v2\/media?parent=505281"}],"wp:term":[{"taxonomy":"product_brand","embeddable":true,"href":"https:\/\/lucacastelli.com\/fr\/wp-json\/wp\/v2\/product_brand?post=505281"},{"taxonomy":"product_cat","embeddable":true,"href":"https:\/\/lucacastelli.com\/fr\/wp-json\/wp\/v2\/product_cat?post=505281"},{"taxonomy":"product_tag","embeddable":true,"href":"https:\/\/lucacastelli.com\/fr\/wp-json\/wp\/v2\/product_tag?post=505281"}],"curies":[{"name":"wp","href":"https:\/\/api.w.org\/{rel}","templated":true}]}}