{"id":505216,"date":"2023-09-28T06:47:25","date_gmt":"2023-09-28T04:47:25","guid":{"rendered":"https:\/\/lucacastelli.com\/prodotto\/cmp-veste-enfant-fix-hood\/"},"modified":"2023-09-28T06:47:25","modified_gmt":"2023-09-28T04:47:25","slug":"cmp-veste-enfant-fix-hood","status":"publish","type":"product","link":"https:\/\/lucacastelli.com\/fr\/produit\/cmp-veste-enfant-fix-hood\/","title":{"rendered":"CMP Veste Enfant Fix Hood"},"content":{"rendered":"<p>Veste polaire \u00e0 capuche HighLoft pour gar\u00e7on avec une structure \u00e0 poils particuli\u00e8rement hauts qui emmagasine la chaleur \u00e0 l\u2019int\u00e9rieur. Les jours plus doux, il peut \u00eatre utilis\u00e9 simplement comme une veste ou comme une couche interm\u00e9diaire. Le mod\u00e8le est \u00e9quip\u00e9 d\u2019une fermeture \u00e9clair contrast\u00e9e sur le devant et de trois poches pour ranger les objets importants.  <\/p>\n<p>CARACT\u00c9RISTIQUES TECHNIQUES<br \/>\nPoids<br \/>\n390 gr<br \/>\nTECHNOLOGIE<br \/>\nHaute protection<\/p>\n","protected":false},"excerpt":{"rendered":"<p>Veste polaire \u00e0 capuche HighLoft pour gar\u00e7on avec une structure \u00e0 poils particuli\u00e8rement hauts qui emmagasine la chaleur \u00e0 l\u2019int\u00e9rieur.<\/p>\n","protected":false},"featured_media":97906,"template":"","meta":{"_seopress_robots_primary_cat":"","_seopress_titles_title":"","_seopress_titles_desc":"","_seopress_robots_index":""},"product_brand":[4388],"product_cat":[21,189,685],"product_tag":[],"class_list":{"0":"post-505216","1":"product","2":"type-product","3":"status-publish","4":"has-post-thumbnail","6":"product_brand-cmp","7":"product_cat-abbigliamento","8":"product_cat-abbigliamento-per-il-tempo-libero","9":"product_cat-abbigliamento-da-bambino","10":"sws-gruppo-abb-libero","11":"sws-categoria-sito","12":"sws-conto-ricavi-merci-rivendita-abbigliamento","13":"sws-gruppo-iva-iva81","15":"first","16":"instock","17":"shipping-taxable","18":"purchasable","19":"product-type-variable"},"_links":{"self":[{"href":"https:\/\/lucacastelli.com\/fr\/wp-json\/wp\/v2\/product\/505216","targetHints":{"allow":["GET"]}}],"collection":[{"href":"https:\/\/lucacastelli.com\/fr\/wp-json\/wp\/v2\/product"}],"about":[{"href":"https:\/\/lucacastelli.com\/fr\/wp-json\/wp\/v2\/types\/product"}],"wp:featuredmedia":[{"embeddable":true,"href":"https:\/\/lucacastelli.com\/fr\/wp-json\/wp\/v2\/media\/97906"}],"wp:attachment":[{"href":"https:\/\/lucacastelli.com\/fr\/wp-json\/wp\/v2\/media?parent=505216"}],"wp:term":[{"taxonomy":"product_brand","embeddable":true,"href":"https:\/\/lucacastelli.com\/fr\/wp-json\/wp\/v2\/product_brand?post=505216"},{"taxonomy":"product_cat","embeddable":true,"href":"https:\/\/lucacastelli.com\/fr\/wp-json\/wp\/v2\/product_cat?post=505216"},{"taxonomy":"product_tag","embeddable":true,"href":"https:\/\/lucacastelli.com\/fr\/wp-json\/wp\/v2\/product_tag?post=505216"}],"curies":[{"name":"wp","href":"https:\/\/api.w.org\/{rel}","templated":true}]}}