{"id":505200,"date":"2023-09-12T10:30:19","date_gmt":"2023-09-12T08:30:19","guid":{"rendered":"https:\/\/lucacastelli.com\/prodotto\/cmp-t-shirt-garcon\/"},"modified":"2023-09-12T10:30:19","modified_gmt":"2023-09-12T08:30:19","slug":"cmp-t-shirt-garcon","status":"publish","type":"product","link":"https:\/\/lucacastelli.com\/fr\/produit\/cmp-t-shirt-garcon\/","title":{"rendered":"CMP T-Shirt Gar\u00e7on"},"content":{"rendered":"<p>T-shirt \u00e0 manches longues en jersey de polyester respirant et \u00e9lastique. La technologie Dry Function favorise l\u2019\u00e9vaporation de la sueur et la thermor\u00e9gulation naturelle du corps. Le traitement anti-odeur assure bien-\u00eatre et confort m\u00eame lors des activit\u00e9s les plus intenses. Le tissu est \u00e9galement facile \u00e0 laver et rapide \u00e0 s\u00e9cher.   <\/p>\n<p>CARACT\u00c9RISTIQUES TECHNIQUES<br \/>\nPoids<br \/>\n140 gr<\/p>\n<p>TECHNOLOGIE<br \/>\nFonction de s\u00e9chage<br \/>\nInhibition des odeurs<\/p>\n","protected":false},"excerpt":{"rendered":"<p>T-shirt \u00e0 manches longues en jersey de polyester respirant et \u00e9lastique. La technologie Dry Function favorise l\u2019\u00e9vaporation de la sueur<\/p>\n","protected":false},"featured_media":97720,"template":"","meta":{"_seopress_robots_primary_cat":"","_seopress_titles_title":"","_seopress_titles_desc":"","_seopress_robots_index":""},"product_brand":[4500],"product_cat":[81,981,1384],"product_tag":[],"class_list":{"0":"post-505200","1":"product","2":"type-product","3":"status-publish","4":"has-post-thumbnail","6":"product_brand-cmp-fr","7":"product_cat-vetements","8":"product_cat-vetements-de-loisirs","9":"product_cat-vetements-pour-enfants","11":"first","12":"instock","13":"shipping-taxable","14":"purchasable","15":"product-type-variable"},"_links":{"self":[{"href":"https:\/\/lucacastelli.com\/fr\/wp-json\/wp\/v2\/product\/505200","targetHints":{"allow":["GET"]}}],"collection":[{"href":"https:\/\/lucacastelli.com\/fr\/wp-json\/wp\/v2\/product"}],"about":[{"href":"https:\/\/lucacastelli.com\/fr\/wp-json\/wp\/v2\/types\/product"}],"wp:featuredmedia":[{"embeddable":true,"href":"https:\/\/lucacastelli.com\/fr\/wp-json\/wp\/v2\/media\/97720"}],"wp:attachment":[{"href":"https:\/\/lucacastelli.com\/fr\/wp-json\/wp\/v2\/media?parent=505200"}],"wp:term":[{"taxonomy":"product_brand","embeddable":true,"href":"https:\/\/lucacastelli.com\/fr\/wp-json\/wp\/v2\/product_brand?post=505200"},{"taxonomy":"product_cat","embeddable":true,"href":"https:\/\/lucacastelli.com\/fr\/wp-json\/wp\/v2\/product_cat?post=505200"},{"taxonomy":"product_tag","embeddable":true,"href":"https:\/\/lucacastelli.com\/fr\/wp-json\/wp\/v2\/product_tag?post=505200"}],"curies":[{"name":"wp","href":"https:\/\/api.w.org\/{rel}","templated":true}]}}