{"id":505183,"date":"2023-09-11T10:57:31","date_gmt":"2023-09-11T08:57:31","guid":{"rendered":"https:\/\/lucacastelli.com\/prodotto\/cmp-kid-jacket-fix-hood-detachble-inn-veste\/"},"modified":"2026-01-31T00:02:36","modified_gmt":"2026-01-30T23:02:36","slug":"cmp-kid-jacket-fix-hood-detachble-inn-veste","status":"publish","type":"product","link":"https:\/\/lucacastelli.com\/fr\/produit\/cmp-kid-jacket-fix-hood-detachble-inn-veste\/","title":{"rendered":"CMP KID JACKET FIX HOOD DETACHBLE INN. VESTE"},"content":{"rendered":"<p>Mod\u00e8le 3 en 1 qui combine l\u2019imperm\u00e9abilit\u00e9 d\u2019un coupe-vent avec les propri\u00e9t\u00e9s isolantes du sweat-shirt polaire Arctic avec un zip sur toute la longueur. L\u2019ext\u00e9rieur r\u00e9sistant aux intemp\u00e9ries (Waterproof 5 000) offre une bonne respirabilit\u00e9 (Windproof 3 000), gr\u00e2ce aux coutures enti\u00e8rement \u00e9tanches et au lamin\u00e9 thermique Clima-Protect. Avec capuche amovible, poignets r\u00e9glables avec velcro et deux poches lat\u00e9rales pratiques avec fermeture \u00e9clair. Couche int\u00e9rieure en polaire arctique, l\u00e9g\u00e8re, isolante et respirante, qui se lave facilement et s\u00e8che rapidement.   <\/p>\n<p>CARACT\u00c9RISTIQUES TECHNIQUES<br \/>\nPoids<br \/>\n725 gr<br \/>\nLongueur<br \/>\n62 cm<\/p>\n<p>FONCTIONNALIT\u00c9S<br \/>\nTissu hydrofuge sans PFC<br \/>\nWP 5.000<br \/>\nJoueur le plus utile 3 000<br \/>\nCoutures \u00e9tanches<br \/>\nR\u00e9fl\u00e9chissant<br \/>\nPoignets r\u00e9glables avec velcro<br \/>\nCoupe ergonomique<br \/>\nLa\u00e7age \u00e0 l\u2019ourlet<br \/>\nA\u00e9ration sous les bras<br \/>\nHautement fonctionnel<br \/>\n2 poches lat\u00e9rales avec fermetures \u00e9clair \u00e9tanches<br \/>\nFermeture \u00e9clair frontale avec rabat int\u00e9rieur coupe-vent et fermeture \u00e9clair de garage anti-frottement<br \/>\nCapuche fixe r\u00e9glable, \u00e0 l\u2019avant et \u00e0 l\u2019arri\u00e8re, avec cordon de serrage<br \/>\nPoches avec ventilation<br \/>\nFermeture \u00e9clair \u00e9tanche sur le devant<br \/>\nCol de protection int\u00e9gr\u00e9 \u00e0 l\u2019avant de la capuche, qui remonte jusqu\u2019au menton<\/p>\n<p>TECHNOLOGIE<br \/>\nClimate Protect<br \/>\nArctic Fleece<\/p>\n","protected":false},"excerpt":{"rendered":"<p>Mod\u00e8le 3 en 1 qui combine l\u2019imperm\u00e9abilit\u00e9 d\u2019un coupe-vent avec les propri\u00e9t\u00e9s isolantes du sweat-shirt polaire Arctic avec un zip<\/p>\n","protected":false},"featured_media":97660,"template":"","meta":{"_seopress_robots_primary_cat":"","_seopress_titles_title":"","_seopress_titles_desc":"","_seopress_robots_index":""},"product_brand":[4500],"product_cat":[81,981,1384],"product_tag":[],"class_list":{"0":"post-505183","1":"product","2":"type-product","3":"status-publish","4":"has-post-thumbnail","6":"product_brand-cmp-fr","7":"product_cat-vetements","8":"product_cat-vetements-de-loisirs","9":"product_cat-vetements-pour-enfants","10":"sws-gruppo-abb-libero-fr","11":"sws-categoria-sito-fr","12":"sws-conto-ricavi-merci-rivendita-abbigliamento-fr","13":"sws-gruppo-iva-iva81-fr","15":"first","16":"instock","17":"shipping-taxable","18":"purchasable","19":"product-type-variable"},"_links":{"self":[{"href":"https:\/\/lucacastelli.com\/fr\/wp-json\/wp\/v2\/product\/505183","targetHints":{"allow":["GET"]}}],"collection":[{"href":"https:\/\/lucacastelli.com\/fr\/wp-json\/wp\/v2\/product"}],"about":[{"href":"https:\/\/lucacastelli.com\/fr\/wp-json\/wp\/v2\/types\/product"}],"wp:featuredmedia":[{"embeddable":true,"href":"https:\/\/lucacastelli.com\/fr\/wp-json\/wp\/v2\/media\/97660"}],"wp:attachment":[{"href":"https:\/\/lucacastelli.com\/fr\/wp-json\/wp\/v2\/media?parent=505183"}],"wp:term":[{"taxonomy":"product_brand","embeddable":true,"href":"https:\/\/lucacastelli.com\/fr\/wp-json\/wp\/v2\/product_brand?post=505183"},{"taxonomy":"product_cat","embeddable":true,"href":"https:\/\/lucacastelli.com\/fr\/wp-json\/wp\/v2\/product_cat?post=505183"},{"taxonomy":"product_tag","embeddable":true,"href":"https:\/\/lucacastelli.com\/fr\/wp-json\/wp\/v2\/product_tag?post=505183"}],"curies":[{"name":"wp","href":"https:\/\/api.w.org\/{rel}","templated":true}]}}