{"id":505160,"date":"2023-09-11T11:00:13","date_gmt":"2023-09-11T09:00:13","guid":{"rendered":"https:\/\/lucacastelli.com\/prodotto\/cmp-kid-g-jacket-fix-hood-detachble-inn-veste\/"},"modified":"2026-01-31T00:02:36","modified_gmt":"2026-01-30T23:02:36","slug":"cmp-kid-g-jacket-fix-hood-detachble-inn-veste","status":"publish","type":"product","link":"https:\/\/lucacastelli.com\/fr\/produit\/cmp-kid-g-jacket-fix-hood-detachble-inn-veste\/","title":{"rendered":"CMP KID G JACKET FIX HOOD DETACHBLE INN. VESTE"},"content":{"rendered":"<p>Un v\u00eatement 3 en 1 qui combine l\u2019imperm\u00e9abilit\u00e9 d\u2019un coupe-vent avec les capacit\u00e9s isolantes du sweat-shirt Arctic Fleece avec une fermeture \u00e9clair compl\u00e8te. La couche ext\u00e9rieure en serg\u00e9 prot\u00e8ge des intemp\u00e9ries (Waterproof 5000) et garantit une bonne respirabilit\u00e9 (Waterproof 3000), gr\u00e2ce aux coutures enti\u00e8rement scell\u00e9es et au lamin\u00e9 thermique Clima Protect. Il est \u00e9quip\u00e9 d\u2019une capuche Fix, de manches r\u00e9glables avec velcro et de deux poches lat\u00e9rales pratiques avec fermeture \u00e9clair. La couche int\u00e9rieure est en polaire arctique, qui est l\u00e9g\u00e8re, isolante, respirante, lavable et \u00e0 s\u00e9chage rapide.   <\/p>\n<p>CARACT\u00c9RISTIQUES TECHNIQUES<br \/>\nPoids<br \/>\n690 gr<br \/>\nLongueur<br \/>\n59 cm<\/p>\n<p>PROPRI\u00c9T\u00c9S<br \/>\nWP 5 000<br \/>\nMVP 3 000<br \/>\nCoutures \u00e9tanches<br \/>\nPoignets r\u00e9glables par velcro<br \/>\nr\u00e9fl\u00e9chissant<br \/>\nCoupe ergonomique<br \/>\nLa\u00e7age \u00e0 l\u2019ourlet<br \/>\nVentilation sous les bras<br \/>\nTr\u00e8s fonctionnel<br \/>\n2 poches lat\u00e9rales avec fermetures \u00e9clair \u00e9tanches<br \/>\nFermeture \u00e9clair frontale avec rabat coupe-vent interne et fermeture \u00e9clair de garage anti-frottement<br \/>\nCapuche fixe r\u00e9glable, \u00e0 l\u2019avant et \u00e0 l\u2019arri\u00e8re, avec cordon<br \/>\nde serrage Poches avec ventilation<br \/>\nFermeture \u00e9clair \u00e9tanche \u00e0 l\u2019avant<br \/>\nCol de protection int\u00e9gr\u00e9 \u00e0 l\u2019avant de la capuche, qui remonte jusqu\u2019au menton<\/p>\n<p>TECHNOLOGIE<br \/>\nClimate Protect<br \/>\nArctic Fleece<\/p>\n","protected":false},"excerpt":{"rendered":"<p>Un v\u00eatement 3 en 1 qui combine l\u2019imperm\u00e9abilit\u00e9 d\u2019un coupe-vent avec les capacit\u00e9s isolantes du sweat-shirt Arctic Fleece avec une<\/p>\n","protected":false},"featured_media":97685,"template":"","meta":{"_seopress_robots_primary_cat":"","_seopress_titles_title":"","_seopress_titles_desc":"","_seopress_robots_index":""},"product_brand":[4500],"product_cat":[81,981,1384],"product_tag":[],"class_list":{"0":"post-505160","1":"product","2":"type-product","3":"status-publish","4":"has-post-thumbnail","6":"product_brand-cmp-fr","7":"product_cat-vetements","8":"product_cat-vetements-de-loisirs","9":"product_cat-vetements-pour-enfants","10":"sws-gruppo-abb-libero-fr","11":"sws-categoria-sito-fr","12":"sws-conto-ricavi-merci-rivendita-abbigliamento-fr","13":"sws-gruppo-iva-iva81-fr","15":"first","16":"instock","17":"shipping-taxable","18":"purchasable","19":"product-type-variable"},"_links":{"self":[{"href":"https:\/\/lucacastelli.com\/fr\/wp-json\/wp\/v2\/product\/505160","targetHints":{"allow":["GET"]}}],"collection":[{"href":"https:\/\/lucacastelli.com\/fr\/wp-json\/wp\/v2\/product"}],"about":[{"href":"https:\/\/lucacastelli.com\/fr\/wp-json\/wp\/v2\/types\/product"}],"wp:featuredmedia":[{"embeddable":true,"href":"https:\/\/lucacastelli.com\/fr\/wp-json\/wp\/v2\/media\/97685"}],"wp:attachment":[{"href":"https:\/\/lucacastelli.com\/fr\/wp-json\/wp\/v2\/media?parent=505160"}],"wp:term":[{"taxonomy":"product_brand","embeddable":true,"href":"https:\/\/lucacastelli.com\/fr\/wp-json\/wp\/v2\/product_brand?post=505160"},{"taxonomy":"product_cat","embeddable":true,"href":"https:\/\/lucacastelli.com\/fr\/wp-json\/wp\/v2\/product_cat?post=505160"},{"taxonomy":"product_tag","embeddable":true,"href":"https:\/\/lucacastelli.com\/fr\/wp-json\/wp\/v2\/product_tag?post=505160"}],"curies":[{"name":"wp","href":"https:\/\/api.w.org\/{rel}","templated":true}]}}