{"id":505148,"date":"2023-09-07T16:50:54","date_gmt":"2023-09-07T14:50:54","guid":{"rendered":"https:\/\/lucacastelli.com\/prodotto\/capuche-cmp-kid-g-sweat-fix\/"},"modified":"2026-01-31T00:02:37","modified_gmt":"2026-01-30T23:02:37","slug":"capuche-cmp-kid-g-sweat-fix","status":"publish","type":"product","link":"https:\/\/lucacastelli.com\/fr\/produit\/capuche-cmp-kid-g-sweat-fix\/","title":{"rendered":"CAPUCHE CMP KID G SWEAT FIX"},"content":{"rendered":"<p>Sweat-shirt en tissu stretch performant, l\u00e9ger, isolant et capable d\u2019accompagner les mouvements corporels les plus difficiles. Une pi\u00e8ce essentielle orn\u00e9e de graphismes inspir\u00e9s de l\u2019ext\u00e9rieur sur le devant et dot\u00e9e de d\u00e9tails qui am\u00e9liorent le confort et la fonctionnalit\u00e9, tels que l\u2019ourlet \u00e9lastique sur les manches et l\u2019ourlet. Parfait pour \u00eatre utilis\u00e9 comme deuxi\u00e8me couche sous votre combinaison de ski.  <\/p>\n<p>CARACT\u00c9RISTIQUES TECHNIQUES<br \/>\nPoids<br \/>\n230 gr<\/p>\n<p>TECHNOLOGIE<br \/>\nPerformance \u00e9lastique<\/p>\n","protected":false},"excerpt":{"rendered":"<p>Sweat-shirt en tissu stretch performant, l\u00e9ger, isolant et capable d\u2019accompagner les mouvements corporels les plus difficiles. Une pi\u00e8ce essentielle orn\u00e9e<\/p>\n","protected":false},"featured_media":97616,"template":"","meta":{"_seopress_robots_primary_cat":"","_seopress_titles_title":"","_seopress_titles_desc":"","_seopress_robots_index":""},"product_brand":[4500],"product_cat":[81,981,1384],"product_tag":[],"class_list":{"0":"post-505148","1":"product","2":"type-product","3":"status-publish","4":"has-post-thumbnail","6":"product_brand-cmp-fr","7":"product_cat-vetements","8":"product_cat-vetements-de-loisirs","9":"product_cat-vetements-pour-enfants","11":"first","12":"instock","13":"shipping-taxable","14":"purchasable","15":"product-type-variable"},"_links":{"self":[{"href":"https:\/\/lucacastelli.com\/fr\/wp-json\/wp\/v2\/product\/505148","targetHints":{"allow":["GET"]}}],"collection":[{"href":"https:\/\/lucacastelli.com\/fr\/wp-json\/wp\/v2\/product"}],"about":[{"href":"https:\/\/lucacastelli.com\/fr\/wp-json\/wp\/v2\/types\/product"}],"wp:featuredmedia":[{"embeddable":true,"href":"https:\/\/lucacastelli.com\/fr\/wp-json\/wp\/v2\/media\/97616"}],"wp:attachment":[{"href":"https:\/\/lucacastelli.com\/fr\/wp-json\/wp\/v2\/media?parent=505148"}],"wp:term":[{"taxonomy":"product_brand","embeddable":true,"href":"https:\/\/lucacastelli.com\/fr\/wp-json\/wp\/v2\/product_brand?post=505148"},{"taxonomy":"product_cat","embeddable":true,"href":"https:\/\/lucacastelli.com\/fr\/wp-json\/wp\/v2\/product_cat?post=505148"},{"taxonomy":"product_tag","embeddable":true,"href":"https:\/\/lucacastelli.com\/fr\/wp-json\/wp\/v2\/product_tag?post=505148"}],"curies":[{"name":"wp","href":"https:\/\/api.w.org\/{rel}","templated":true}]}}