{"id":505104,"date":"2023-04-20T11:18:18","date_gmt":"2023-04-20T09:18:18","guid":{"rendered":"https:\/\/lucacastelli.com\/prodotto\/cmp-kid-full-zip-polaire\/"},"modified":"2023-04-20T11:18:18","modified_gmt":"2023-04-20T09:18:18","slug":"cmp-kid-full-zip-polaire","status":"publish","type":"product","link":"https:\/\/lucacastelli.com\/fr\/produit\/cmp-kid-full-zip-polaire\/","title":{"rendered":"CMP Kid Full Zip Polaire"},"content":{"rendered":"<p>Une polaire polyvalente adapt\u00e9e \u00e0 toutes les activit\u00e9s de plein air. Le v\u00eatement se caract\u00e9rise par une fabrication horizontale particuli\u00e8re. \u00c9quip\u00e9 d\u2019une fermeture \u00e9clair frontale avec rabat coupe-vent et anti-frottement, de deux poches lat\u00e9rales avec fermeture \u00e9clair, d\u2019un fond et de poignets \u00e9lastiqu\u00e9s.  <\/p>\n","protected":false},"excerpt":{"rendered":"<p>Une polaire polyvalente adapt\u00e9e \u00e0 toutes les activit\u00e9s de plein air. Le v\u00eatement se caract\u00e9rise par une fabrication horizontale particuli\u00e8re.<\/p>\n","protected":false},"featured_media":97512,"template":"","meta":{"_seopress_robots_primary_cat":"","_seopress_titles_title":"","_seopress_titles_desc":"","_seopress_robots_index":""},"product_brand":[4500],"product_cat":[81,981,1384],"product_tag":[],"class_list":{"0":"post-505104","1":"product","2":"type-product","3":"status-publish","4":"has-post-thumbnail","6":"product_brand-cmp-fr","7":"product_cat-vetements","8":"product_cat-vetements-de-loisirs","9":"product_cat-vetements-pour-enfants","11":"first","12":"instock","13":"shipping-taxable","14":"purchasable","15":"product-type-variable"},"_links":{"self":[{"href":"https:\/\/lucacastelli.com\/fr\/wp-json\/wp\/v2\/product\/505104","targetHints":{"allow":["GET"]}}],"collection":[{"href":"https:\/\/lucacastelli.com\/fr\/wp-json\/wp\/v2\/product"}],"about":[{"href":"https:\/\/lucacastelli.com\/fr\/wp-json\/wp\/v2\/types\/product"}],"wp:featuredmedia":[{"embeddable":true,"href":"https:\/\/lucacastelli.com\/fr\/wp-json\/wp\/v2\/media\/97512"}],"wp:attachment":[{"href":"https:\/\/lucacastelli.com\/fr\/wp-json\/wp\/v2\/media?parent=505104"}],"wp:term":[{"taxonomy":"product_brand","embeddable":true,"href":"https:\/\/lucacastelli.com\/fr\/wp-json\/wp\/v2\/product_brand?post=505104"},{"taxonomy":"product_cat","embeddable":true,"href":"https:\/\/lucacastelli.com\/fr\/wp-json\/wp\/v2\/product_cat?post=505104"},{"taxonomy":"product_tag","embeddable":true,"href":"https:\/\/lucacastelli.com\/fr\/wp-json\/wp\/v2\/product_tag?post=505104"}],"curies":[{"name":"wp","href":"https:\/\/api.w.org\/{rel}","templated":true}]}}