{"id":505084,"date":"2023-08-14T13:05:02","date_gmt":"2023-08-14T11:05:02","guid":{"rendered":"https:\/\/lucacastelli.com\/prodotto\/cmp-pantalon-long-enfant\/"},"modified":"2023-08-14T13:05:02","modified_gmt":"2023-08-14T11:05:02","slug":"cmp-pantalon-long-enfant","status":"publish","type":"product","link":"https:\/\/lucacastelli.com\/fr\/produit\/cmp-pantalon-long-enfant\/","title":{"rendered":"CMP Pantalon Long Enfant"},"content":{"rendered":"<p>Fabriqu\u00e9 en coton stretch, ce mod\u00e8le vous assure confort et libert\u00e9 de mouvement. Parfait pour l\u2019\u00e9cole et les loisirs. Pinces \u00e9lastiques \u00e0 la taille et aux jambes pour un meilleur ajustement au corps. Taille ajustable gr\u00e2ce au cordon de serrage. Deux poches lat\u00e9rales compl\u00e8tent le mod\u00e8le.    <\/p>\n","protected":false},"excerpt":{"rendered":"<p>Fabriqu\u00e9 en coton stretch, ce mod\u00e8le vous assure confort et libert\u00e9 de mouvement. Parfait pour l\u2019\u00e9cole et les loisirs. Pinces<\/p>\n","protected":false},"featured_media":97555,"template":"","meta":{"_seopress_robots_primary_cat":"","_seopress_titles_title":"","_seopress_titles_desc":"","_seopress_robots_index":""},"product_brand":[4388],"product_cat":[21,189,685],"product_tag":[],"class_list":{"0":"post-505084","1":"product","2":"type-product","3":"status-publish","4":"has-post-thumbnail","6":"product_brand-cmp","7":"product_cat-abbigliamento","8":"product_cat-abbigliamento-per-il-tempo-libero","9":"product_cat-abbigliamento-da-bambino","11":"first","12":"instock","13":"shipping-taxable","14":"purchasable","15":"product-type-variable"},"_links":{"self":[{"href":"https:\/\/lucacastelli.com\/fr\/wp-json\/wp\/v2\/product\/505084","targetHints":{"allow":["GET"]}}],"collection":[{"href":"https:\/\/lucacastelli.com\/fr\/wp-json\/wp\/v2\/product"}],"about":[{"href":"https:\/\/lucacastelli.com\/fr\/wp-json\/wp\/v2\/types\/product"}],"wp:featuredmedia":[{"embeddable":true,"href":"https:\/\/lucacastelli.com\/fr\/wp-json\/wp\/v2\/media\/97555"}],"wp:attachment":[{"href":"https:\/\/lucacastelli.com\/fr\/wp-json\/wp\/v2\/media?parent=505084"}],"wp:term":[{"taxonomy":"product_brand","embeddable":true,"href":"https:\/\/lucacastelli.com\/fr\/wp-json\/wp\/v2\/product_brand?post=505084"},{"taxonomy":"product_cat","embeddable":true,"href":"https:\/\/lucacastelli.com\/fr\/wp-json\/wp\/v2\/product_cat?post=505084"},{"taxonomy":"product_tag","embeddable":true,"href":"https:\/\/lucacastelli.com\/fr\/wp-json\/wp\/v2\/product_tag?post=505084"}],"curies":[{"name":"wp","href":"https:\/\/api.w.org\/{rel}","templated":true}]}}