{"id":505049,"date":"2023-04-05T07:58:31","date_gmt":"2023-04-05T05:58:31","guid":{"rendered":"https:\/\/lucacastelli.com\/prodotto\/cmp-short-enfant-g\/"},"modified":"2023-04-05T07:58:31","modified_gmt":"2023-04-05T05:58:31","slug":"cmp-short-enfant-g","status":"publish","type":"product","link":"https:\/\/lucacastelli.com\/fr\/produit\/cmp-short-enfant-g\/","title":{"rendered":"CMP Short Enfant G"},"content":{"rendered":"<p>Short pour fille en coton biologique, une mati\u00e8re saine pour l\u2019\u00e9cosyst\u00e8me, l\u2019environnement et les personnes. Le tissu est extensible pour permettre une plus grande libert\u00e9 de mouvement. Avec taille \u00e9lastiqu\u00e9e ajustable  <\/p>\n","protected":false},"excerpt":{"rendered":"<p>Short pour fille en coton biologique, une mati\u00e8re saine pour l\u2019\u00e9cosyst\u00e8me, l\u2019environnement et les personnes. Le tissu est extensible pour<\/p>\n","protected":false},"featured_media":89122,"template":"","meta":{"_seopress_robots_primary_cat":"","_seopress_titles_title":"","_seopress_titles_desc":"","_seopress_robots_index":""},"product_brand":[4500],"product_cat":[81,981,1384],"product_tag":[],"class_list":{"0":"post-505049","1":"product","2":"type-product","3":"status-publish","4":"has-post-thumbnail","6":"product_brand-cmp-fr","7":"product_cat-vetements","8":"product_cat-vetements-de-loisirs","9":"product_cat-vetements-pour-enfants","11":"first","12":"instock","13":"shipping-taxable","14":"purchasable","15":"product-type-variable"},"_links":{"self":[{"href":"https:\/\/lucacastelli.com\/fr\/wp-json\/wp\/v2\/product\/505049","targetHints":{"allow":["GET"]}}],"collection":[{"href":"https:\/\/lucacastelli.com\/fr\/wp-json\/wp\/v2\/product"}],"about":[{"href":"https:\/\/lucacastelli.com\/fr\/wp-json\/wp\/v2\/types\/product"}],"wp:featuredmedia":[{"embeddable":true,"href":"https:\/\/lucacastelli.com\/fr\/wp-json\/wp\/v2\/media\/89122"}],"wp:attachment":[{"href":"https:\/\/lucacastelli.com\/fr\/wp-json\/wp\/v2\/media?parent=505049"}],"wp:term":[{"taxonomy":"product_brand","embeddable":true,"href":"https:\/\/lucacastelli.com\/fr\/wp-json\/wp\/v2\/product_brand?post=505049"},{"taxonomy":"product_cat","embeddable":true,"href":"https:\/\/lucacastelli.com\/fr\/wp-json\/wp\/v2\/product_cat?post=505049"},{"taxonomy":"product_tag","embeddable":true,"href":"https:\/\/lucacastelli.com\/fr\/wp-json\/wp\/v2\/product_tag?post=505049"}],"curies":[{"name":"wp","href":"https:\/\/api.w.org\/{rel}","templated":true}]}}