{"id":505045,"date":"2023-04-05T07:01:29","date_gmt":"2023-04-05T05:01:29","guid":{"rendered":"https:\/\/lucacastelli.com\/prodotto\/cmp-kid-g-bermuda-light-climb\/"},"modified":"2023-04-05T07:01:29","modified_gmt":"2023-04-05T05:01:29","slug":"cmp-kid-g-bermuda-light-climb","status":"publish","type":"product","link":"https:\/\/lucacastelli.com\/fr\/produit\/cmp-kid-g-bermuda-light-climb\/","title":{"rendered":"CMP Kid G Bermuda Light Climb"},"content":{"rendered":"<p>Pantalon de trekking court en tissu technique fin et \u00e9lastique \u00e9quip\u00e9 de la technologie Dry Function, qui favorise la transpiration de l\u2019humidit\u00e9 et la thermor\u00e9gulation normale du corps. Avec deux poches lat\u00e9rales profondes et une taille confortable en lycra m\u00e8lange avec cordon de serrage interne. <\/p>\n","protected":false},"excerpt":{"rendered":"<p>Pantalon de trekking court en tissu technique fin et \u00e9lastique \u00e9quip\u00e9 de la technologie Dry Function, qui favorise la transpiration<\/p>\n","protected":false},"featured_media":89029,"template":"","meta":{"_seopress_robots_primary_cat":"","_seopress_titles_title":"","_seopress_titles_desc":"","_seopress_robots_index":""},"product_brand":[4500],"product_cat":[81,981,1384],"product_tag":[],"class_list":{"0":"post-505045","1":"product","2":"type-product","3":"status-publish","4":"has-post-thumbnail","6":"product_brand-cmp-fr","7":"product_cat-vetements","8":"product_cat-vetements-de-loisirs","9":"product_cat-vetements-pour-enfants","11":"first","12":"instock","13":"shipping-taxable","14":"purchasable","15":"product-type-variable"},"_links":{"self":[{"href":"https:\/\/lucacastelli.com\/fr\/wp-json\/wp\/v2\/product\/505045","targetHints":{"allow":["GET"]}}],"collection":[{"href":"https:\/\/lucacastelli.com\/fr\/wp-json\/wp\/v2\/product"}],"about":[{"href":"https:\/\/lucacastelli.com\/fr\/wp-json\/wp\/v2\/types\/product"}],"wp:featuredmedia":[{"embeddable":true,"href":"https:\/\/lucacastelli.com\/fr\/wp-json\/wp\/v2\/media\/89029"}],"wp:attachment":[{"href":"https:\/\/lucacastelli.com\/fr\/wp-json\/wp\/v2\/media?parent=505045"}],"wp:term":[{"taxonomy":"product_brand","embeddable":true,"href":"https:\/\/lucacastelli.com\/fr\/wp-json\/wp\/v2\/product_brand?post=505045"},{"taxonomy":"product_cat","embeddable":true,"href":"https:\/\/lucacastelli.com\/fr\/wp-json\/wp\/v2\/product_cat?post=505045"},{"taxonomy":"product_tag","embeddable":true,"href":"https:\/\/lucacastelli.com\/fr\/wp-json\/wp\/v2\/product_tag?post=505045"}],"curies":[{"name":"wp","href":"https:\/\/api.w.org\/{rel}","templated":true}]}}