{"id":505038,"date":"2023-04-04T08:17:33","date_gmt":"2023-04-04T06:17:33","guid":{"rendered":"https:\/\/lucacastelli.com\/prodotto\/cmp-kid-color-block-jacket-fix-hood\/"},"modified":"2023-04-04T08:17:33","modified_gmt":"2023-04-04T06:17:33","slug":"cmp-kid-color-block-jacket-fix-hood","status":"publish","type":"product","link":"https:\/\/lucacastelli.com\/fr\/produit\/cmp-kid-color-block-jacket-fix-hood\/","title":{"rendered":"CMP Kid Color Block Jacket Fix Hood"},"content":{"rendered":"<p>Veste avec rembourrage plat Feel warm, une fibre synth\u00e9tique capable de garantir l\u2019isolation m\u00eame dans des conditions humides. Avec un look technique, avec un matelassage horizontal, sur le devant la fermeture \u00e9clair compl\u00e8te et deux poches lat\u00e9rales pratiques avec fermeture \u00e9clair. Le traitement ext\u00e9rieur d\u00e9perlant PFC Free garantit l\u2019isolation et la protection sous une pluie l\u00e9g\u00e8re.  <\/p>\n","protected":false},"excerpt":{"rendered":"<p>Veste avec rembourrage plat Feel warm, une fibre synth\u00e9tique capable de garantir l\u2019isolation m\u00eame dans des conditions humides. Avec un<\/p>\n","protected":false},"featured_media":88847,"template":"","meta":{"_seopress_robots_primary_cat":"","_seopress_titles_title":"","_seopress_titles_desc":"","_seopress_robots_index":""},"product_brand":[4500],"product_cat":[81,981,1384],"product_tag":[],"class_list":{"0":"post-505038","1":"product","2":"type-product","3":"status-publish","4":"has-post-thumbnail","6":"product_brand-cmp-fr","7":"product_cat-vetements","8":"product_cat-vetements-de-loisirs","9":"product_cat-vetements-pour-enfants","10":"sws-gruppo-abb-libero-fr","11":"sws-categoria-sito-fr","12":"sws-conto-ricavi-merci-rivendita-abbigliamento-fr","13":"sws-gruppo-iva-iva81-fr","15":"first","16":"instock","17":"shipping-taxable","18":"purchasable","19":"product-type-variable"},"_links":{"self":[{"href":"https:\/\/lucacastelli.com\/fr\/wp-json\/wp\/v2\/product\/505038","targetHints":{"allow":["GET"]}}],"collection":[{"href":"https:\/\/lucacastelli.com\/fr\/wp-json\/wp\/v2\/product"}],"about":[{"href":"https:\/\/lucacastelli.com\/fr\/wp-json\/wp\/v2\/types\/product"}],"wp:featuredmedia":[{"embeddable":true,"href":"https:\/\/lucacastelli.com\/fr\/wp-json\/wp\/v2\/media\/88847"}],"wp:attachment":[{"href":"https:\/\/lucacastelli.com\/fr\/wp-json\/wp\/v2\/media?parent=505038"}],"wp:term":[{"taxonomy":"product_brand","embeddable":true,"href":"https:\/\/lucacastelli.com\/fr\/wp-json\/wp\/v2\/product_brand?post=505038"},{"taxonomy":"product_cat","embeddable":true,"href":"https:\/\/lucacastelli.com\/fr\/wp-json\/wp\/v2\/product_cat?post=505038"},{"taxonomy":"product_tag","embeddable":true,"href":"https:\/\/lucacastelli.com\/fr\/wp-json\/wp\/v2\/product_tag?post=505038"}],"curies":[{"name":"wp","href":"https:\/\/api.w.org\/{rel}","templated":true}]}}