{"id":504976,"date":"2023-04-04T08:52:47","date_gmt":"2023-04-04T06:52:47","guid":{"rendered":"https:\/\/lucacastelli.com\/prodotto\/cmp-t-shirt-enfant-g-burn-out\/"},"modified":"2023-04-04T08:52:47","modified_gmt":"2023-04-04T06:52:47","slug":"cmp-t-shirt-enfant-g-burn-out","status":"publish","type":"product","link":"https:\/\/lucacastelli.com\/fr\/produit\/cmp-t-shirt-enfant-g-burn-out\/","title":{"rendered":"CMP T-shirt Enfant G Burn Out"},"content":{"rendered":"<p>T-shirt en coton m\u00e9lang\u00e9. Le motif int\u00e9gral \u00e0 th\u00e8me floral est r\u00e9alis\u00e9 avec la technique Burn Out, qui grave le motif dans le tissu. Un v\u00eatement adapt\u00e9 \u00e0 toutes les activit\u00e9s de plein air dans la nature et en ville.  <\/p>\n","protected":false},"excerpt":{"rendered":"<p>T-shirt en coton m\u00e9lang\u00e9. Le motif int\u00e9gral \u00e0 th\u00e8me floral est r\u00e9alis\u00e9 avec la technique Burn Out, qui grave le<\/p>\n","protected":false},"featured_media":88915,"template":"","meta":{"_seopress_robots_primary_cat":"","_seopress_titles_title":"","_seopress_titles_desc":"","_seopress_robots_index":""},"product_brand":[4500],"product_cat":[81,981,1384],"product_tag":[],"class_list":{"0":"post-504976","1":"product","2":"type-product","3":"status-publish","4":"has-post-thumbnail","6":"product_brand-cmp-fr","7":"product_cat-vetements","8":"product_cat-vetements-de-loisirs","9":"product_cat-vetements-pour-enfants","11":"first","12":"instock","13":"shipping-taxable","14":"purchasable","15":"product-type-variable"},"_links":{"self":[{"href":"https:\/\/lucacastelli.com\/fr\/wp-json\/wp\/v2\/product\/504976","targetHints":{"allow":["GET"]}}],"collection":[{"href":"https:\/\/lucacastelli.com\/fr\/wp-json\/wp\/v2\/product"}],"about":[{"href":"https:\/\/lucacastelli.com\/fr\/wp-json\/wp\/v2\/types\/product"}],"wp:featuredmedia":[{"embeddable":true,"href":"https:\/\/lucacastelli.com\/fr\/wp-json\/wp\/v2\/media\/88915"}],"wp:attachment":[{"href":"https:\/\/lucacastelli.com\/fr\/wp-json\/wp\/v2\/media?parent=504976"}],"wp:term":[{"taxonomy":"product_brand","embeddable":true,"href":"https:\/\/lucacastelli.com\/fr\/wp-json\/wp\/v2\/product_brand?post=504976"},{"taxonomy":"product_cat","embeddable":true,"href":"https:\/\/lucacastelli.com\/fr\/wp-json\/wp\/v2\/product_cat?post=504976"},{"taxonomy":"product_tag","embeddable":true,"href":"https:\/\/lucacastelli.com\/fr\/wp-json\/wp\/v2\/product_tag?post=504976"}],"curies":[{"name":"wp","href":"https:\/\/api.w.org\/{rel}","templated":true}]}}