{"id":504966,"date":"2023-04-04T07:30:03","date_gmt":"2023-04-04T05:30:03","guid":{"rendered":"https:\/\/lucacastelli.com\/prodotto\/cmp-kid-g-haut\/"},"modified":"2023-04-04T07:30:03","modified_gmt":"2023-04-04T05:30:03","slug":"cmp-kid-g-haut","status":"publish","type":"product","link":"https:\/\/lucacastelli.com\/fr\/produit\/cmp-kid-g-haut\/","title":{"rendered":"CMP Kid G Haut"},"content":{"rendered":"<p>D\u00e9bardeur \u00e0 manches courtes fille en tissu piqu\u00e9, qui garantit une excellente respirabilit\u00e9 gr\u00e2ce \u00e0 la technologie Dry Function, et qui favorise une thermor\u00e9gulation normale du corps. Le traitement qui inhibe la formation de mauvaises odeurs rend ce v\u00eatement id\u00e9al m\u00eame pour les moments de jeu les plus intenses de votre tout-petit. <\/p>\n","protected":false},"excerpt":{"rendered":"<p>D\u00e9bardeur \u00e0 manches courtes fille en tissu piqu\u00e9, qui garantit une excellente respirabilit\u00e9 gr\u00e2ce \u00e0 la technologie Dry Function, et<\/p>\n","protected":false},"featured_media":88738,"template":"","meta":{"_seopress_robots_primary_cat":"","_seopress_titles_title":"","_seopress_titles_desc":"","_seopress_robots_index":""},"product_brand":[4500],"product_cat":[81,981,1384],"product_tag":[],"class_list":{"0":"post-504966","1":"product","2":"type-product","3":"status-publish","4":"has-post-thumbnail","6":"product_brand-cmp-fr","7":"product_cat-vetements","8":"product_cat-vetements-de-loisirs","9":"product_cat-vetements-pour-enfants","11":"first","12":"instock","13":"shipping-taxable","14":"purchasable","15":"product-type-variable"},"_links":{"self":[{"href":"https:\/\/lucacastelli.com\/fr\/wp-json\/wp\/v2\/product\/504966","targetHints":{"allow":["GET"]}}],"collection":[{"href":"https:\/\/lucacastelli.com\/fr\/wp-json\/wp\/v2\/product"}],"about":[{"href":"https:\/\/lucacastelli.com\/fr\/wp-json\/wp\/v2\/types\/product"}],"wp:featuredmedia":[{"embeddable":true,"href":"https:\/\/lucacastelli.com\/fr\/wp-json\/wp\/v2\/media\/88738"}],"wp:attachment":[{"href":"https:\/\/lucacastelli.com\/fr\/wp-json\/wp\/v2\/media?parent=504966"}],"wp:term":[{"taxonomy":"product_brand","embeddable":true,"href":"https:\/\/lucacastelli.com\/fr\/wp-json\/wp\/v2\/product_brand?post=504966"},{"taxonomy":"product_cat","embeddable":true,"href":"https:\/\/lucacastelli.com\/fr\/wp-json\/wp\/v2\/product_cat?post=504966"},{"taxonomy":"product_tag","embeddable":true,"href":"https:\/\/lucacastelli.com\/fr\/wp-json\/wp\/v2\/product_tag?post=504966"}],"curies":[{"name":"wp","href":"https:\/\/api.w.org\/{rel}","templated":true}]}}