{"id":504931,"date":"2022-09-10T10:46:30","date_gmt":"2022-09-10T08:46:30","guid":{"rendered":"https:\/\/lucacastelli.com\/prodotto\/trabaldo-serak-noir\/"},"modified":"2026-03-01T00:25:11","modified_gmt":"2026-02-28T23:25:11","slug":"trabaldo-serak-noir","status":"publish","type":"product","link":"https:\/\/lucacastelli.com\/fr\/produit\/trabaldo-serak-noir\/","title":{"rendered":"TRABALDO SERAK NOIR"},"content":{"rendered":"<p>\u00c9dition noire du mod\u00e8le SERAK pr\u00e9existant pour ceux qui recherchent un look technique \u00e0 montrer 365 jours par an. Couche interm\u00e9diaire d\u00e9di\u00e9e \u00e0 la s\u00e9rie ALPINE CHALLENGE, SERAK BLACK se distingue de la polaire normale gr\u00e2ce \u00e0 l\u2019utilisation de l\u2019innovant POLARTEC\u00ae POWER AIR\u2122 sur les c\u00f4t\u00e9s et la poitrine. Un fil de polyester (100&nbsp;% recycl\u00e9) est encapsul\u00e9 \u00e0 l\u2019int\u00e9rieur de chaque cellule individuelle pour cr\u00e9er une poche d\u2019air qui agit comme un isolant thermique. Le r\u00e9sultat est un tissu au toucher doux et aux qualit\u00e9s isolantes \u00e9lev\u00e9es par rapport aux volumes r\u00e9duits et \u00e0 une grande \u00e9lasticit\u00e9. Dans la partie centrale du v\u00eatement, en revanche, une polaire avec une structure en grille est utilis\u00e9e, ce qui garantit la chaleur et l\u2019\u00e9limination rapide de la transpiration en cas de faible poids. SERAK BLACK est \u00e9quip\u00e9 d\u2019inserts KETRATEX extensibles sur les \u00e9paules et les coudes qui offrent une r\u00e9sistance dans les points les plus sollicit\u00e9s.     <\/p>\n","protected":false},"excerpt":{"rendered":"<p>\u00c9dition noire du mod\u00e8le SERAK pr\u00e9existant pour ceux qui recherchent un look technique \u00e0 montrer 365 jours par an. Couche<\/p>\n","protected":false},"featured_media":81349,"template":"","meta":{"_seopress_robots_primary_cat":"","_seopress_titles_title":"","_seopress_titles_desc":"","_seopress_robots_index":""},"product_brand":[3676],"product_cat":[81,981,982],"product_tag":[],"class_list":{"0":"post-504931","1":"product","2":"type-product","3":"status-publish","4":"has-post-thumbnail","6":"product_brand-trabaldo-gino-fr","7":"product_cat-vetements","8":"product_cat-vetements-de-loisirs","9":"product_cat-vetements-pour-hommes","10":"sws-gruppo-abb-libero-de","11":"sws-conto-ricavi-merci-rivendita-abbigliamento","12":"sws-gruppo-iva-iva81","14":"first","15":"instock","16":"shipping-taxable","17":"purchasable","18":"product-type-variable"},"_links":{"self":[{"href":"https:\/\/lucacastelli.com\/fr\/wp-json\/wp\/v2\/product\/504931","targetHints":{"allow":["GET"]}}],"collection":[{"href":"https:\/\/lucacastelli.com\/fr\/wp-json\/wp\/v2\/product"}],"about":[{"href":"https:\/\/lucacastelli.com\/fr\/wp-json\/wp\/v2\/types\/product"}],"wp:featuredmedia":[{"embeddable":true,"href":"https:\/\/lucacastelli.com\/fr\/wp-json\/wp\/v2\/media\/81349"}],"wp:attachment":[{"href":"https:\/\/lucacastelli.com\/fr\/wp-json\/wp\/v2\/media?parent=504931"}],"wp:term":[{"taxonomy":"product_brand","embeddable":true,"href":"https:\/\/lucacastelli.com\/fr\/wp-json\/wp\/v2\/product_brand?post=504931"},{"taxonomy":"product_cat","embeddable":true,"href":"https:\/\/lucacastelli.com\/fr\/wp-json\/wp\/v2\/product_cat?post=504931"},{"taxonomy":"product_tag","embeddable":true,"href":"https:\/\/lucacastelli.com\/fr\/wp-json\/wp\/v2\/product_tag?post=504931"}],"curies":[{"name":"wp","href":"https:\/\/api.w.org\/{rel}","templated":true}]}}