{"id":504909,"date":"2022-06-26T20:02:09","date_gmt":"2022-06-26T18:02:09","guid":{"rendered":"https:\/\/lucacastelli.com\/prodotto\/trabaldo-identity-t-shirt-sanglier\/"},"modified":"2026-03-01T00:25:12","modified_gmt":"2026-02-28T23:25:12","slug":"trabaldo-identity-t-shirt-sanglier","status":"publish","type":"product","link":"https:\/\/lucacastelli.com\/fr\/produit\/trabaldo-identity-t-shirt-sanglier\/","title":{"rendered":"TRABALDO IDENTITY T-SHIRT SANGLIER"},"content":{"rendered":"<p>Un signe distinctif, un symbole d\u2019appartenance, quelque chose en quoi croire. IDENTITY T-SHIRT a \u00e9t\u00e9 cr\u00e9\u00e9 pour se d\u00e9marquer, pour toujours apporter notre passion avec nous dans la vie de tous les jours. T-shirt en coton \u00e9lastiqu\u00e9 \u00e0 la coupe ergonomique, r\u00e9alis\u00e9 en collaboration avec Sanguemiele Design et pouvant \u00eatre port\u00e9 toute l\u2019ann\u00e9e seul ou en combinaison avec une deuxi\u00e8me couche. Trois versions pour trois types de chasseurs. Et vous, quel chasseur \u00eates-vous ?    <\/p>\n","protected":false},"excerpt":{"rendered":"<p>Un signe distinctif, un symbole d\u2019appartenance, quelque chose en quoi croire. IDENTITY T-SHIRT a \u00e9t\u00e9 cr\u00e9\u00e9 pour se d\u00e9marquer, pour<\/p>\n","protected":false},"featured_media":71921,"template":"","meta":{"_seopress_robots_primary_cat":"","_seopress_titles_title":"","_seopress_titles_desc":"","_seopress_robots_index":""},"product_brand":[3676],"product_cat":[81,981,982],"product_tag":[],"class_list":{"0":"post-504909","1":"product","2":"type-product","3":"status-publish","4":"has-post-thumbnail","6":"product_brand-trabaldo-gino-fr","7":"product_cat-vetements","8":"product_cat-vetements-de-loisirs","9":"product_cat-vetements-pour-hommes","10":"sws-gruppo-abb-libero-de","11":"sws-conto-ricavi-merci-rivendita-abbigliamento","12":"sws-gruppo-iva-iva81","14":"first","15":"instock","16":"shipping-taxable","17":"purchasable","18":"product-type-variable"},"_links":{"self":[{"href":"https:\/\/lucacastelli.com\/fr\/wp-json\/wp\/v2\/product\/504909","targetHints":{"allow":["GET"]}}],"collection":[{"href":"https:\/\/lucacastelli.com\/fr\/wp-json\/wp\/v2\/product"}],"about":[{"href":"https:\/\/lucacastelli.com\/fr\/wp-json\/wp\/v2\/types\/product"}],"wp:featuredmedia":[{"embeddable":true,"href":"https:\/\/lucacastelli.com\/fr\/wp-json\/wp\/v2\/media\/71921"}],"wp:attachment":[{"href":"https:\/\/lucacastelli.com\/fr\/wp-json\/wp\/v2\/media?parent=504909"}],"wp:term":[{"taxonomy":"product_brand","embeddable":true,"href":"https:\/\/lucacastelli.com\/fr\/wp-json\/wp\/v2\/product_brand?post=504909"},{"taxonomy":"product_cat","embeddable":true,"href":"https:\/\/lucacastelli.com\/fr\/wp-json\/wp\/v2\/product_cat?post=504909"},{"taxonomy":"product_tag","embeddable":true,"href":"https:\/\/lucacastelli.com\/fr\/wp-json\/wp\/v2\/product_tag?post=504909"}],"curies":[{"name":"wp","href":"https:\/\/api.w.org\/{rel}","templated":true}]}}