{"id":504899,"date":"2022-06-20T07:24:11","date_gmt":"2022-06-20T05:24:11","guid":{"rendered":"https:\/\/lucacastelli.com\/prodotto\/ceinture-extensible-trabadlo\/"},"modified":"2022-06-20T07:24:11","modified_gmt":"2022-06-20T05:24:11","slug":"ceinture-extensible-trabadlo","status":"publish","type":"product","link":"https:\/\/lucacastelli.com\/fr\/produit\/ceinture-extensible-trabadlo\/","title":{"rendered":"CEINTURE EXTENSIBLE TRABADLO"},"content":{"rendered":"<p>Un accessoire incontournable pour compl\u00e9ter nos lignes. La ceinture STRETCH fait de l\u2019\u00e9lasticit\u00e9 et de la praticit\u00e9 ses points forts, gr\u00e2ce au syst\u00e8me de fermeture par boutonni\u00e8re associ\u00e9 \u00e0 une boucle en aluminium qui assure l\u00e9g\u00e8ret\u00e9 et durabilit\u00e9. Disponible en deux variantes de couleur ORANGE et VERT. Longueur totale 110 cm, hauteur 3 cm.   <\/p>\n","protected":false},"excerpt":{"rendered":"<p>Un accessoire incontournable pour compl\u00e9ter nos lignes. La ceinture STRETCH fait de l\u2019\u00e9lasticit\u00e9 et de la praticit\u00e9 ses points forts,<\/p>\n","protected":false},"featured_media":71219,"template":"","meta":{"_seopress_robots_primary_cat":"","_seopress_titles_title":"","_seopress_titles_desc":"","_seopress_robots_index":""},"product_brand":[3676],"product_cat":[1390,81],"product_tag":[],"class_list":{"0":"post-504899","1":"product","2":"type-product","3":"status-publish","4":"has-post-thumbnail","6":"product_brand-trabaldo-gino-fr","7":"product_cat-accessoires-dhabillement","8":"product_cat-vetements","9":"sws-gruppo-abb-libero-de","10":"sws-conto-ricavi-merci-rivendita-abbigliamento","11":"sws-gruppo-iva-iva81","13":"first","14":"instock","15":"shipping-taxable","16":"purchasable","17":"product-type-variable"},"_links":{"self":[{"href":"https:\/\/lucacastelli.com\/fr\/wp-json\/wp\/v2\/product\/504899","targetHints":{"allow":["GET"]}}],"collection":[{"href":"https:\/\/lucacastelli.com\/fr\/wp-json\/wp\/v2\/product"}],"about":[{"href":"https:\/\/lucacastelli.com\/fr\/wp-json\/wp\/v2\/types\/product"}],"wp:featuredmedia":[{"embeddable":true,"href":"https:\/\/lucacastelli.com\/fr\/wp-json\/wp\/v2\/media\/71219"}],"wp:attachment":[{"href":"https:\/\/lucacastelli.com\/fr\/wp-json\/wp\/v2\/media?parent=504899"}],"wp:term":[{"taxonomy":"product_brand","embeddable":true,"href":"https:\/\/lucacastelli.com\/fr\/wp-json\/wp\/v2\/product_brand?post=504899"},{"taxonomy":"product_cat","embeddable":true,"href":"https:\/\/lucacastelli.com\/fr\/wp-json\/wp\/v2\/product_cat?post=504899"},{"taxonomy":"product_tag","embeddable":true,"href":"https:\/\/lucacastelli.com\/fr\/wp-json\/wp\/v2\/product_tag?post=504899"}],"curies":[{"name":"wp","href":"https:\/\/api.w.org\/{rel}","templated":true}]}}