{"id":504888,"date":"2022-06-20T07:29:57","date_gmt":"2022-06-20T05:29:57","guid":{"rendered":"https:\/\/lucacastelli.com\/prodotto\/trabaldo-no-tick\/"},"modified":"2026-03-01T00:25:09","modified_gmt":"2026-02-28T23:25:09","slug":"trabaldo-no-tick","status":"publish","type":"product","link":"https:\/\/lucacastelli.com\/fr\/produit\/trabaldo-no-tick\/","title":{"rendered":"TRABALDO NO-TICK"},"content":{"rendered":"<p>Chaussette technique en laine et polyamide fabriqu\u00e9e avec une technologie de compression moyenne. La compression appliqu\u00e9e sur les chaussettes r\u00e9duit la sensation de fatigue musculaire, facilitant la circulation naturelle du sang et r\u00e9duisant l\u2019accumulation d\u2019acide lactique. Le fil de laine avec traitement NO-TICK agit comme un r\u00e9pulsif contre les tiques et les moustiques, selon les tests effectu\u00e9s par l\u2019Institut tropical suisse o\u00f9 une r\u00e9duction de 94&nbsp;% des couverts anti-insectes sur le fil trait\u00e9 est d\u00e9clar\u00e9e par rapport au m\u00eame fil non trait\u00e9 (&gt;70&nbsp;% Very Good Effect).  <\/p>\n<p>Traitement actif pour des cycles de lavage 30\/50.<\/p>\n","protected":false},"excerpt":{"rendered":"<p>Chaussette technique en laine et polyamide fabriqu\u00e9e avec une technologie de compression moyenne. La compression appliqu\u00e9e sur les chaussettes r\u00e9duit<\/p>\n","protected":false},"featured_media":71232,"template":"","meta":{"_seopress_robots_primary_cat":"","_seopress_titles_title":"","_seopress_titles_desc":"","_seopress_robots_index":""},"product_brand":[3410],"product_cat":[21,186],"product_tag":[],"class_list":{"0":"post-504888","1":"product","2":"type-product","3":"status-publish","4":"has-post-thumbnail","6":"product_brand-trabaldo-gino","7":"product_cat-abbigliamento","8":"product_cat-accessori-per-labbigliamento","9":"sws-gruppo-abb-libero-fr","10":"sws-conto-ricavi-merci-rivendita-abbigliamento-fr","11":"sws-gruppo-iva-iva81-fr","13":"first","14":"instock","15":"shipping-taxable","16":"purchasable","17":"product-type-variable"},"_links":{"self":[{"href":"https:\/\/lucacastelli.com\/fr\/wp-json\/wp\/v2\/product\/504888","targetHints":{"allow":["GET"]}}],"collection":[{"href":"https:\/\/lucacastelli.com\/fr\/wp-json\/wp\/v2\/product"}],"about":[{"href":"https:\/\/lucacastelli.com\/fr\/wp-json\/wp\/v2\/types\/product"}],"wp:featuredmedia":[{"embeddable":true,"href":"https:\/\/lucacastelli.com\/fr\/wp-json\/wp\/v2\/media\/71232"}],"wp:attachment":[{"href":"https:\/\/lucacastelli.com\/fr\/wp-json\/wp\/v2\/media?parent=504888"}],"wp:term":[{"taxonomy":"product_brand","embeddable":true,"href":"https:\/\/lucacastelli.com\/fr\/wp-json\/wp\/v2\/product_brand?post=504888"},{"taxonomy":"product_cat","embeddable":true,"href":"https:\/\/lucacastelli.com\/fr\/wp-json\/wp\/v2\/product_cat?post=504888"},{"taxonomy":"product_tag","embeddable":true,"href":"https:\/\/lucacastelli.com\/fr\/wp-json\/wp\/v2\/product_tag?post=504888"}],"curies":[{"name":"wp","href":"https:\/\/api.w.org\/{rel}","templated":true}]}}