{"id":504850,"date":"2022-06-20T06:25:10","date_gmt":"2022-06-20T04:25:10","guid":{"rendered":"https:\/\/lucacastelli.com\/prodotto\/trabaldo-serpent-alp\/"},"modified":"2026-03-01T00:25:10","modified_gmt":"2026-02-28T23:25:10","slug":"trabaldo-serpent-alp","status":"publish","type":"product","link":"https:\/\/lucacastelli.com\/fr\/produit\/trabaldo-serpent-alp\/","title":{"rendered":"TRABALDO SERPENT ALP"},"content":{"rendered":"<p>Gant thermique d\u2019hiver d\u00e9di\u00e9 \u00e0 la s\u00e9rie ALPINE CHALLENGE pour les chasseurs en montagne. Qui n\u2019a jamais voulu ce compromis parfait entre chaleur et sensibilit\u00e9 ? SNAKE ALP fait de cet \u00e9quilibre son point fort, garantissant des volumes limit\u00e9s et des propri\u00e9t\u00e9s isolantes \u00e9lev\u00e9es gr\u00e2ce \u00e0 une doublure int\u00e9rieure en POLARTEC\u00ae ALPHA, \u00ae la polaire sp\u00e9ciale de la soci\u00e9t\u00e9 am\u00e9ricaine qui ajoute une agr\u00e9able sensation de douceur \u00e0 l\u2019int\u00e9rieur du gant. Combinaison de SCHOELLER\u00ae DRYSKIN et de CORDURA\u00ae ripstop stretch sur le dos, pour donner force et \u00e9lasticit\u00e9, tandis qu\u2019entre les doigts notre KETRATEX stretch assure r\u00e9sistance et libert\u00e9 de mouvement. Insert en similicuir robuste et doux sur la paume pour r\u00e9sister \u00e0 l\u2019usure sans affecter la sensibilit\u00e9 et l\u2019adh\u00e9rence. Enfin, la manchette en n\u00e9opr\u00e8ne \u00e9lastique et ajustable vous procurera l\u2019agr\u00e9able sensation d\u2019une fermeture solide sans renflements.       <\/p>\n","protected":false},"excerpt":{"rendered":"<p>Gant thermique d\u2019hiver d\u00e9di\u00e9 \u00e0 la s\u00e9rie ALPINE CHALLENGE pour les chasseurs en montagne. Qui n\u2019a jamais voulu ce compromis<\/p>\n","protected":false},"featured_media":71169,"template":"","meta":{"_seopress_robots_primary_cat":"","_seopress_titles_title":"","_seopress_titles_desc":"","_seopress_robots_index":""},"product_brand":[3410],"product_cat":[21,186],"product_tag":[],"class_list":{"0":"post-504850","1":"product","2":"type-product","3":"status-publish","4":"has-post-thumbnail","6":"product_brand-trabaldo-gino","7":"product_cat-abbigliamento","8":"product_cat-accessori-per-labbigliamento","9":"sws-gruppo-abb-libero-de","10":"sws-conto-ricavi-merci-rivendita-abbigliamento","11":"sws-gruppo-iva-iva81","13":"first","14":"instock","15":"shipping-taxable","16":"purchasable","17":"product-type-variable"},"_links":{"self":[{"href":"https:\/\/lucacastelli.com\/fr\/wp-json\/wp\/v2\/product\/504850","targetHints":{"allow":["GET"]}}],"collection":[{"href":"https:\/\/lucacastelli.com\/fr\/wp-json\/wp\/v2\/product"}],"about":[{"href":"https:\/\/lucacastelli.com\/fr\/wp-json\/wp\/v2\/types\/product"}],"wp:featuredmedia":[{"embeddable":true,"href":"https:\/\/lucacastelli.com\/fr\/wp-json\/wp\/v2\/media\/71169"}],"wp:attachment":[{"href":"https:\/\/lucacastelli.com\/fr\/wp-json\/wp\/v2\/media?parent=504850"}],"wp:term":[{"taxonomy":"product_brand","embeddable":true,"href":"https:\/\/lucacastelli.com\/fr\/wp-json\/wp\/v2\/product_brand?post=504850"},{"taxonomy":"product_cat","embeddable":true,"href":"https:\/\/lucacastelli.com\/fr\/wp-json\/wp\/v2\/product_cat?post=504850"},{"taxonomy":"product_tag","embeddable":true,"href":"https:\/\/lucacastelli.com\/fr\/wp-json\/wp\/v2\/product_tag?post=504850"}],"curies":[{"name":"wp","href":"https:\/\/api.w.org\/{rel}","templated":true}]}}