{"id":504817,"date":"2022-06-20T06:19:10","date_gmt":"2022-06-20T04:19:10","guid":{"rendered":"https:\/\/lucacastelli.com\/prodotto\/pic-de-trabaldo\/"},"modified":"2026-03-01T00:25:10","modified_gmt":"2026-02-28T23:25:10","slug":"pic-de-trabaldo","status":"publish","type":"product","link":"https:\/\/lucacastelli.com\/fr\/produit\/pic-de-trabaldo\/","title":{"rendered":"PIC DE TRABALDO"},"content":{"rendered":"<p>Gant thermique pour une utilisation hivernale lorsque nous devons garder nos mains au chaud et prot\u00e9g\u00e9es du froid mordant. PEAK est rembourr\u00e9 avec du duvet THINDOWN\u00ae qui, pour le m\u00eame poids, est plus chaud que la ouate synth\u00e9tique ordinaire et gr\u00e2ce \u00e0 la r\u00e9duction des volumes, diminue l\u2019\u00e9paisseur, laissant la sensibilit\u00e9 au gant. Par rapport \u00e0 une ouate en polyester, le THINDOWN\u00ae est jusqu\u2019\u00e0 400&nbsp;% plus chaud pour le m\u00eame poids. PEAK est renforc\u00e9 par des inserts en tissu TITANIAL et KETRATEX dans les zones les plus sollicit\u00e9es, tandis que la paume est en \u00e9co-cuir robuste, silencieux et imperm\u00e9able. L\u2019\u00e9lastique au niveau du poignet et la fermeture velcro assurent un ajustement optimal. Gant adapt\u00e9 aux longues et froides attentes au bureau de poste ou pour une utilisation en montagne pendant la saison froide.     <\/p>\n","protected":false},"excerpt":{"rendered":"<p>Gant thermique pour une utilisation hivernale lorsque nous devons garder nos mains au chaud et prot\u00e9g\u00e9es du froid mordant. PEAK<\/p>\n","protected":false},"featured_media":71160,"template":"","meta":{"_seopress_robots_primary_cat":"","_seopress_titles_title":"","_seopress_titles_desc":"","_seopress_robots_index":""},"product_brand":[3676],"product_cat":[1390,81],"product_tag":[],"class_list":{"0":"post-504817","1":"product","2":"type-product","3":"status-publish","4":"has-post-thumbnail","6":"product_brand-trabaldo-gino-fr","7":"product_cat-accessoires-dhabillement","8":"product_cat-vetements","9":"sws-gruppo-abb-libero-de","10":"sws-conto-ricavi-merci-rivendita-abbigliamento","11":"sws-gruppo-iva-iva81","13":"first","14":"instock","15":"shipping-taxable","16":"purchasable","17":"product-type-variable"},"_links":{"self":[{"href":"https:\/\/lucacastelli.com\/fr\/wp-json\/wp\/v2\/product\/504817","targetHints":{"allow":["GET"]}}],"collection":[{"href":"https:\/\/lucacastelli.com\/fr\/wp-json\/wp\/v2\/product"}],"about":[{"href":"https:\/\/lucacastelli.com\/fr\/wp-json\/wp\/v2\/types\/product"}],"wp:featuredmedia":[{"embeddable":true,"href":"https:\/\/lucacastelli.com\/fr\/wp-json\/wp\/v2\/media\/71160"}],"wp:attachment":[{"href":"https:\/\/lucacastelli.com\/fr\/wp-json\/wp\/v2\/media?parent=504817"}],"wp:term":[{"taxonomy":"product_brand","embeddable":true,"href":"https:\/\/lucacastelli.com\/fr\/wp-json\/wp\/v2\/product_brand?post=504817"},{"taxonomy":"product_cat","embeddable":true,"href":"https:\/\/lucacastelli.com\/fr\/wp-json\/wp\/v2\/product_cat?post=504817"},{"taxonomy":"product_tag","embeddable":true,"href":"https:\/\/lucacastelli.com\/fr\/wp-json\/wp\/v2\/product_tag?post=504817"}],"curies":[{"name":"wp","href":"https:\/\/api.w.org\/{rel}","templated":true}]}}