{"id":504781,"date":"2022-06-18T15:13:10","date_gmt":"2022-06-18T13:13:10","guid":{"rendered":"https:\/\/lucacastelli.com\/prodotto\/sentier-trabaldo\/"},"modified":"2026-03-01T00:25:06","modified_gmt":"2026-02-28T23:25:06","slug":"sentier-trabaldo","status":"publish","type":"product","link":"https:\/\/lucacastelli.com\/fr\/produit\/sentier-trabaldo\/","title":{"rendered":"SENTIER TRABALDO"},"content":{"rendered":"<p>TRAIL est la variante la plus accessoiris\u00e9e et enti\u00e8rement ouvrable du mod\u00e8le SERAK. Une couche interm\u00e9diaire d\u00e9di\u00e9e \u00e0 la s\u00e9rie ALPINE CHALLENGE qui se d\u00e9marque des polaires normales gr\u00e2ce \u00e0 l\u2019utilisation de l\u2019innovant POLARTEC\u00ae POWER AIR\u2122 (100&nbsp;% recycl\u00e9). Un fil de polyester est encapsul\u00e9 \u00e0 l\u2019int\u00e9rieur de chaque cellule individuelle pour cr\u00e9er une poche d\u2019air qui agit comme un isolant thermique. Le r\u00e9sultat est un tissu au toucher doux et aux qualit\u00e9s isolantes \u00e9lev\u00e9es par rapport aux volumes r\u00e9duits et \u00e0 une grande \u00e9lasticit\u00e9. La finition Hard-Face appliqu\u00e9e dans les zones les plus us\u00e9es r\u00e9duit l\u2019apparition de bouloches r\u00e9sultant du frottement des bretelles et des sacs \u00e0 dos, tandis que les inserts extensibles KETRATEX sur les \u00e9paules et les coudes offrent une r\u00e9sistance aux points les plus sollicit\u00e9s. Deux poches avant, commod\u00e9ment log\u00e9es dans la partie inf\u00e9rieure, offrent l\u2019espace n\u00e9cessaire pour ranger les accessoires sans cr\u00e9er d\u2019obstacles dans la zone de l\u2019\u00e9paule responsable du tir.     <\/p>\n","protected":false},"excerpt":{"rendered":"<p>TRAIL est la variante la plus accessoiris\u00e9e et enti\u00e8rement ouvrable du mod\u00e8le SERAK. Une couche interm\u00e9diaire d\u00e9di\u00e9e \u00e0 la s\u00e9rie<\/p>\n","protected":false},"featured_media":69938,"template":"","meta":{"_seopress_robots_primary_cat":"","_seopress_titles_title":"","_seopress_titles_desc":"","_seopress_robots_index":""},"product_brand":[3676],"product_cat":[81,981,982],"product_tag":[],"class_list":{"0":"post-504781","1":"product","2":"type-product","3":"status-publish","4":"has-post-thumbnail","6":"product_brand-trabaldo-gino-fr","7":"product_cat-vetements","8":"product_cat-vetements-de-loisirs","9":"product_cat-vetements-pour-hommes","10":"sws-gruppo-abb-libero-de","11":"sws-conto-ricavi-merci-rivendita-abbigliamento","12":"sws-gruppo-iva-iva81","14":"first","15":"instock","16":"shipping-taxable","17":"purchasable","18":"product-type-variable"},"_links":{"self":[{"href":"https:\/\/lucacastelli.com\/fr\/wp-json\/wp\/v2\/product\/504781","targetHints":{"allow":["GET"]}}],"collection":[{"href":"https:\/\/lucacastelli.com\/fr\/wp-json\/wp\/v2\/product"}],"about":[{"href":"https:\/\/lucacastelli.com\/fr\/wp-json\/wp\/v2\/types\/product"}],"wp:featuredmedia":[{"embeddable":true,"href":"https:\/\/lucacastelli.com\/fr\/wp-json\/wp\/v2\/media\/69938"}],"wp:attachment":[{"href":"https:\/\/lucacastelli.com\/fr\/wp-json\/wp\/v2\/media?parent=504781"}],"wp:term":[{"taxonomy":"product_brand","embeddable":true,"href":"https:\/\/lucacastelli.com\/fr\/wp-json\/wp\/v2\/product_brand?post=504781"},{"taxonomy":"product_cat","embeddable":true,"href":"https:\/\/lucacastelli.com\/fr\/wp-json\/wp\/v2\/product_cat?post=504781"},{"taxonomy":"product_tag","embeddable":true,"href":"https:\/\/lucacastelli.com\/fr\/wp-json\/wp\/v2\/product_tag?post=504781"}],"curies":[{"name":"wp","href":"https:\/\/api.w.org\/{rel}","templated":true}]}}