{"id":504769,"date":"2022-06-19T06:16:17","date_gmt":"2022-06-19T04:16:17","guid":{"rendered":"https:\/\/lucacastelli.com\/prodotto\/alpe-trabaldo\/"},"modified":"2026-01-31T00:02:40","modified_gmt":"2026-01-30T23:02:40","slug":"alpe-trabaldo","status":"publish","type":"product","link":"https:\/\/lucacastelli.com\/fr\/produit\/alpe-trabaldo\/","title":{"rendered":"ALPE TRABALDO"},"content":{"rendered":"<p>Pas la doudoune habituelle. ALP repr\u00e9sente la troisi\u00e8me couche la plus thermique de la s\u00e9rie ALPINE CHALLENGE, qui r\u00e9volutionne le concept traditionnel de rembourrage gr\u00e2ce \u00e0 un syst\u00e8me de cartographie dans les diff\u00e9rentes zones du corps, pour r\u00e9pondre aux besoins de chaleur, de respirabilit\u00e9 et de compressibilit\u00e9. Le corps central et le haut des manches sont rembourr\u00e9s avec un m\u00e9lange de plumes et de ouate PRIMALOFT\u00ae qui combine la chaleur du duvet avec la d\u00e9perlance de PRIMALOFT, \u00ae assurant ainsi une isolation maximale m\u00eame lorsque le v\u00eatement est humide (contrairement aux doudounes normales 100&nbsp;% plumes). \u00c0 son tour, le duvet offre une plus grande chaleur que la ouate synth\u00e9tique courante sur le march\u00e9. Les c\u00f4t\u00e9s et les avant-bras sont rembourr\u00e9s avec de la ouate 100&nbsp;% PRIMALOFT\u00ae pour assurer la respirabilit\u00e9 et l\u2019\u00e9limination la plus rapide de l\u2019humidit\u00e9, ainsi que pour \u00e9viter la migration des plumes due aux frottements continus.    <\/p>\n<p>Tout chez ALP est con\u00e7u pour les longues journ\u00e9es froides en montagne, \u00e0 commencer par les renforts sur les \u00e9paules, fa\u00e7onn\u00e9s pour r\u00e9sister au frottement des sacs \u00e0 dos, sur les avant-bras et sur les hanches. La capuche est \u00e9galement con\u00e7ue pour les chasseurs alpins : fabriqu\u00e9e en POLARTEC\u00ae THERMAL PRO, gr\u00e2ce \u00e0 l\u2019\u00e9lasticit\u00e9 naturelle du mat\u00e9riau, elle adh\u00e8re parfaitement au v\u00eatement en assurant la chaleur et en minimisant tout bruissement. <\/p>\n<p>ALP est compl\u00e9t\u00e9 par des inserts extensibles \u00e0 l\u2019arri\u00e8re, deux poches avant et deux poches int\u00e9rieures.<\/p>\n","protected":false},"excerpt":{"rendered":"<p>Pas la doudoune habituelle. ALP repr\u00e9sente la troisi\u00e8me couche la plus thermique de la s\u00e9rie ALPINE CHALLENGE, qui r\u00e9volutionne le<\/p>\n","protected":false},"featured_media":70773,"template":"","meta":{"_seopress_robots_primary_cat":"","_seopress_titles_title":"","_seopress_titles_desc":"","_seopress_robots_index":""},"product_brand":[3676],"product_cat":[81,981,982],"product_tag":[],"class_list":{"0":"post-504769","1":"product","2":"type-product","3":"status-publish","4":"has-post-thumbnail","6":"product_brand-trabaldo-gino-fr","7":"product_cat-vetements","8":"product_cat-vetements-de-loisirs","9":"product_cat-vetements-pour-hommes","10":"sws-gruppo-abb-libero-de","11":"sws-conto-ricavi-merci-rivendita-abbigliamento","12":"sws-gruppo-iva-iva81","14":"first","15":"instock","16":"shipping-taxable","17":"purchasable","18":"product-type-variable"},"_links":{"self":[{"href":"https:\/\/lucacastelli.com\/fr\/wp-json\/wp\/v2\/product\/504769","targetHints":{"allow":["GET"]}}],"collection":[{"href":"https:\/\/lucacastelli.com\/fr\/wp-json\/wp\/v2\/product"}],"about":[{"href":"https:\/\/lucacastelli.com\/fr\/wp-json\/wp\/v2\/types\/product"}],"wp:featuredmedia":[{"embeddable":true,"href":"https:\/\/lucacastelli.com\/fr\/wp-json\/wp\/v2\/media\/70773"}],"wp:attachment":[{"href":"https:\/\/lucacastelli.com\/fr\/wp-json\/wp\/v2\/media?parent=504769"}],"wp:term":[{"taxonomy":"product_brand","embeddable":true,"href":"https:\/\/lucacastelli.com\/fr\/wp-json\/wp\/v2\/product_brand?post=504769"},{"taxonomy":"product_cat","embeddable":true,"href":"https:\/\/lucacastelli.com\/fr\/wp-json\/wp\/v2\/product_cat?post=504769"},{"taxonomy":"product_tag","embeddable":true,"href":"https:\/\/lucacastelli.com\/fr\/wp-json\/wp\/v2\/product_tag?post=504769"}],"curies":[{"name":"wp","href":"https:\/\/api.w.org\/{rel}","templated":true}]}}