{"id":504734,"date":"2022-06-18T15:00:14","date_gmt":"2022-06-18T13:00:14","guid":{"rendered":"https:\/\/lucacastelli.com\/prodotto\/trabaldo-cirrus-light\/"},"modified":"2026-03-01T00:25:07","modified_gmt":"2026-02-28T23:25:07","slug":"trabaldo-cirrus-light","status":"publish","type":"product","link":"https:\/\/lucacastelli.com\/fr\/produit\/trabaldo-cirrus-light\/","title":{"rendered":"TRABALDO CIRRUS LIGHT"},"content":{"rendered":"<p>Combien p\u00e8se un nuage ? CIRRUS LIGHT s\u2019en rapproche beaucoup avec ses seulement 120 gr. (taille L). Jersey technique id\u00e9al lorsque la chaleur ne laisse aucun r\u00e9pit et que n\u2019importe quel v\u00eatement est d\u00e9j\u00e0 de trop. Tissu de base en DRYFAST, un m\u00e9lange de polypropyl\u00e8ne \u00e0 l\u2019int\u00e9rieur et de polyester \u00e0 l\u2019ext\u00e9rieur. Ce couplage particulier permet de laisser la partie du v\u00eatement en contact avec la peau s\u00e8che lors d\u2019une activit\u00e9 intense, transportant la transpiration vers l\u2019ext\u00e9rieur o\u00f9 elle est libre de s\u2019\u00e9vaporer rapidement. Inserts lat\u00e9raux en Lyocell, d\u00e9riv\u00e9 de la cellulose, pour assurer douceur et respirabilit\u00e9 dans ce cas \u00e9galement. Personnalisation ALPINE CHALLENGE sur l\u2019\u00e9paule gauche pour s\u2019accorder avec les v\u00eatements de la s\u00e9rie.        <\/p>\n","protected":false},"excerpt":{"rendered":"<p>Combien p\u00e8se un nuage ? CIRRUS LIGHT s\u2019en rapproche beaucoup avec ses seulement 120 gr. (taille L). Jersey technique id\u00e9al<\/p>\n","protected":false},"featured_media":69910,"template":"","meta":{"_seopress_robots_primary_cat":"","_seopress_titles_title":"","_seopress_titles_desc":"","_seopress_robots_index":""},"product_brand":[3676],"product_cat":[81,981,982],"product_tag":[],"class_list":{"0":"post-504734","1":"product","2":"type-product","3":"status-publish","4":"has-post-thumbnail","6":"product_brand-trabaldo-gino-fr","7":"product_cat-vetements","8":"product_cat-vetements-de-loisirs","9":"product_cat-vetements-pour-hommes","10":"sws-gruppo-abb-libero-de","11":"sws-conto-ricavi-merci-rivendita-abbigliamento","12":"sws-gruppo-iva-iva81","14":"first","15":"instock","16":"shipping-taxable","17":"purchasable","18":"product-type-variable"},"_links":{"self":[{"href":"https:\/\/lucacastelli.com\/fr\/wp-json\/wp\/v2\/product\/504734","targetHints":{"allow":["GET"]}}],"collection":[{"href":"https:\/\/lucacastelli.com\/fr\/wp-json\/wp\/v2\/product"}],"about":[{"href":"https:\/\/lucacastelli.com\/fr\/wp-json\/wp\/v2\/types\/product"}],"wp:featuredmedia":[{"embeddable":true,"href":"https:\/\/lucacastelli.com\/fr\/wp-json\/wp\/v2\/media\/69910"}],"wp:attachment":[{"href":"https:\/\/lucacastelli.com\/fr\/wp-json\/wp\/v2\/media?parent=504734"}],"wp:term":[{"taxonomy":"product_brand","embeddable":true,"href":"https:\/\/lucacastelli.com\/fr\/wp-json\/wp\/v2\/product_brand?post=504734"},{"taxonomy":"product_cat","embeddable":true,"href":"https:\/\/lucacastelli.com\/fr\/wp-json\/wp\/v2\/product_cat?post=504734"},{"taxonomy":"product_tag","embeddable":true,"href":"https:\/\/lucacastelli.com\/fr\/wp-json\/wp\/v2\/product_tag?post=504734"}],"curies":[{"name":"wp","href":"https:\/\/api.w.org\/{rel}","templated":true}]}}