{"id":504722,"date":"2023-12-14T13:28:08","date_gmt":"2023-12-14T12:28:08","guid":{"rendered":"https:\/\/lucacastelli.com\/prodotto\/tsl-305-original-boa-celestial\/"},"modified":"2023-12-14T13:28:08","modified_gmt":"2023-12-14T12:28:08","slug":"tsl-305-original-boa-celestial","status":"publish","type":"product","link":"https:\/\/lucacastelli.com\/fr\/produit\/tsl-305-original-boa-celestial\/","title":{"rendered":"TSL 305 Original BOA Celestial"},"content":{"rendered":"<p>Raquette \u00e0 neige TSL 305 Original (Bleu clair)<br \/>\nLa combinaison du cadre 3D et de la fixation de raquette TSL Original 305 vous permettra de connecter facilement diff\u00e9rents terrains de jeu.<\/p>\n<p>Avantages:<br \/>\nBon rappel<br \/>\nLumi\u00e8re<br \/>\nFacile \u00e0 utiliser<br \/>\nCaract\u00e9ristiques techniques :<br \/>\nPatins Vespa = marche naturelle<br \/>\nConception 3D pour une bonne adh\u00e9rence sur les<br \/>\npistes Montage t\u00e9lescopique souple qui respecte le d\u00e9veloppement du pied<br \/>\nR\u00e9glage du verrouillage : facile \u00e0 r\u00e9aliser, ce r\u00e9glage permet de m\u00e9moriser la pointure pour toutes les sorties en raquettes.<br \/>\nBOA\u00ae Fit System&nbsp;: VOUS PERMET D\u2019OBTENIR UNE PRISE EN MAIN RAPIDE, FACILE ET PR\u00c9CISE D\u2019UNE SEULE MAIN.<br \/>\n&#8211; AGILIT\u00c9 ET VITESSE : Le BOA Fit System permet des\u00ae changements de direction plus rapides et plus puissants gr\u00e2ce \u00e0 une meilleure connexion entre l\u2019\u00e9quipement et le corps.<br \/>\n&#8211; PUISSANCE ET PR\u00c9CISION : Puissance sans compromettre la pr\u00e9cision : Le syst\u00e8me BOA Fit offre une\u00ae action plus explosive et une pr\u00e9cision in\u00e9gal\u00e9e.<br \/>\nR\u00e9glage lat\u00e9ral : R\u00e9glage lat\u00e9ral avec m\u00e9moire pour s\u2019adapter \u00e0 n\u2019importe quelle largeur de chaussure.<br \/>\nPince \u00e0 cr\u00e9maill\u00e8re pour le talon pour un jeu pr\u00e9cis et rapide<br \/>\nSangle de confort bi-mati\u00e8re<br \/>\nEASY ASSIGN antibruit et amortisseur<br \/>\n: cale d\u2019escalade automatique qui peut \u00eatre fix\u00e9e au b\u00e2ton. En mont\u00e9e, il n\u2019y a pas de sensation de coup de poing sous le pied, le poids est r\u00e9parti sur tout le talon de la fixation.<br \/>\nTr\u00e8s forte adh\u00e9rence sur les pistes gr\u00e2ce \u00e0 la conception 3D<br \/>\nGriffe avant<br \/>\n6 crampons en acier interchangeables<br \/>\nToutes les paires de raquettes TSL sont fournies avec des housses pour le transport et le stockage. <\/p>\n<p>Tailles&nbsp;: 37 &gt; 45<br \/>\nPoids de l\u2019utilisateur&nbsp;: 30 &gt; 80 kg<br \/>\nDimensions&nbsp;: 55 x 20,5 cm<br \/>\nPoids&nbsp;: 800 g x 2<br \/>\nGoujons&nbsp;: 2 x 6<br \/>\nGriffe avant&nbsp;: ok<\/p>\n","protected":false},"excerpt":{"rendered":"<p>Raquette \u00e0 neige TSL 305 Original (Bleu clair) La combinaison du cadre 3D et de la fixation de raquette TSL<\/p>\n","protected":false},"featured_media":94892,"template":"","meta":{"_seopress_robots_primary_cat":"","_seopress_titles_title":"","_seopress_titles_desc":"","_seopress_robots_index":""},"product_brand":[4403],"product_cat":[33,211,212],"product_tag":[],"class_list":{"0":"post-504722","1":"product","2":"type-product","3":"status-publish","4":"has-post-thumbnail","6":"product_brand-tsl","7":"product_cat-attrezzature","8":"product_cat-attrezzatura-per-il-tempo-libero","9":"product_cat-altro","11":"first","12":"instock","13":"shipping-taxable","14":"purchasable","15":"product-type-simple"},"_links":{"self":[{"href":"https:\/\/lucacastelli.com\/fr\/wp-json\/wp\/v2\/product\/504722","targetHints":{"allow":["GET"]}}],"collection":[{"href":"https:\/\/lucacastelli.com\/fr\/wp-json\/wp\/v2\/product"}],"about":[{"href":"https:\/\/lucacastelli.com\/fr\/wp-json\/wp\/v2\/types\/product"}],"wp:featuredmedia":[{"embeddable":true,"href":"https:\/\/lucacastelli.com\/fr\/wp-json\/wp\/v2\/media\/94892"}],"wp:attachment":[{"href":"https:\/\/lucacastelli.com\/fr\/wp-json\/wp\/v2\/media?parent=504722"}],"wp:term":[{"taxonomy":"product_brand","embeddable":true,"href":"https:\/\/lucacastelli.com\/fr\/wp-json\/wp\/v2\/product_brand?post=504722"},{"taxonomy":"product_cat","embeddable":true,"href":"https:\/\/lucacastelli.com\/fr\/wp-json\/wp\/v2\/product_cat?post=504722"},{"taxonomy":"product_tag","embeddable":true,"href":"https:\/\/lucacastelli.com\/fr\/wp-json\/wp\/v2\/product_tag?post=504722"}],"curies":[{"name":"wp","href":"https:\/\/api.w.org\/{rel}","templated":true}]}}