{"id":504711,"date":"2024-08-18T08:14:08","date_gmt":"2024-08-18T06:14:08","guid":{"rendered":"https:\/\/lucacastelli.com\/prodotto\/trabaldo-audax\/"},"modified":"2026-03-01T00:25:07","modified_gmt":"2026-02-28T23:25:07","slug":"trabaldo-audax","status":"publish","type":"product","link":"https:\/\/lucacastelli.com\/fr\/produit\/trabaldo-audax\/","title":{"rendered":"TRABALDO AUDAX"},"content":{"rendered":"<p>Gant technique capable d\u2019allier force, sensibilit\u00e9 et chaleur. Tous les gants thermiques, en raison du rembourrage utilis\u00e9 \u00e0 l\u2019int\u00e9rieur, nous privent en partie de la sensibilit\u00e9 n\u00e9cessaire sur l\u2019arme. AUDAX offre une solution pratique et fonctionnelle au probl\u00e8me : le sous-gant thermique amovible en laine m\u00e9rinos, gr\u00e2ce \u00e0 sa coupe s\u00e8che, \u00e9vite les renflements g\u00eanants, minimisant la perte de sensibilit\u00e9 sur les doigts, donnant chaleur et confort. Le gant ext\u00e9rieur, quant \u00e0 lui, utilise notre nouveau TITANIAL STRETCH \u00e0 l\u2019arri\u00e8re qui, gr\u00e2ce au module d\u2019\u00e9lasticit\u00e9 du mat\u00e9riau, assure un ajustement parfait et une grande r\u00e9sistance \u00e0 la d\u00e9chirure et aux accrocs. Enfin, la paume est en \u00e9co-cuir robuste et souple pour r\u00e9sister \u00e0 l\u2019usure sans affecter la sensibilit\u00e9 et l\u2019adh\u00e9rence. Gr\u00e2ce \u00e0 sa modularit\u00e9, ce gant vous accompagnera du d\u00e9but \u00e0 la fin de la saison de chasse : vous pouvez utiliser AUDAX en combinaison avec le sous-gant thermique en saison hivernale ou directement sur la peau pendant les journ\u00e9es douces du d\u00e9but de saison.     <\/p>\n","protected":false},"excerpt":{"rendered":"<p>Gant technique capable d\u2019allier force, sensibilit\u00e9 et chaleur. Tous les gants thermiques, en raison du rembourrage utilis\u00e9 \u00e0 l\u2019int\u00e9rieur, nous<\/p>\n","protected":false},"featured_media":97148,"template":"","meta":{"_seopress_robots_primary_cat":"","_seopress_titles_title":"","_seopress_titles_desc":"","_seopress_robots_index":""},"product_brand":[3676],"product_cat":[1390,81],"product_tag":[],"class_list":{"0":"post-504711","1":"product","2":"type-product","3":"status-publish","4":"has-post-thumbnail","6":"product_brand-trabaldo-gino-fr","7":"product_cat-accessoires-dhabillement","8":"product_cat-vetements","10":"first","11":"instock","12":"shipping-taxable","13":"purchasable","14":"product-type-variable"},"_links":{"self":[{"href":"https:\/\/lucacastelli.com\/fr\/wp-json\/wp\/v2\/product\/504711","targetHints":{"allow":["GET"]}}],"collection":[{"href":"https:\/\/lucacastelli.com\/fr\/wp-json\/wp\/v2\/product"}],"about":[{"href":"https:\/\/lucacastelli.com\/fr\/wp-json\/wp\/v2\/types\/product"}],"wp:featuredmedia":[{"embeddable":true,"href":"https:\/\/lucacastelli.com\/fr\/wp-json\/wp\/v2\/media\/97148"}],"wp:attachment":[{"href":"https:\/\/lucacastelli.com\/fr\/wp-json\/wp\/v2\/media?parent=504711"}],"wp:term":[{"taxonomy":"product_brand","embeddable":true,"href":"https:\/\/lucacastelli.com\/fr\/wp-json\/wp\/v2\/product_brand?post=504711"},{"taxonomy":"product_cat","embeddable":true,"href":"https:\/\/lucacastelli.com\/fr\/wp-json\/wp\/v2\/product_cat?post=504711"},{"taxonomy":"product_tag","embeddable":true,"href":"https:\/\/lucacastelli.com\/fr\/wp-json\/wp\/v2\/product_tag?post=504711"}],"curies":[{"name":"wp","href":"https:\/\/api.w.org\/{rel}","templated":true}]}}