{"id":504705,"date":"2024-06-03T13:57:22","date_gmt":"2024-06-03T11:57:22","guid":{"rendered":"https:\/\/lucacastelli.com\/prodotto\/trabaldo-chauffe-cou-vert-orange\/"},"modified":"2024-06-03T13:57:22","modified_gmt":"2024-06-03T11:57:22","slug":"trabaldo-chauffe-cou-vert-orange","status":"publish","type":"product","link":"https:\/\/lucacastelli.com\/fr\/produit\/trabaldo-chauffe-cou-vert-orange\/","title":{"rendered":"TRABALDO CHAUFFE-COU &#8211; Vert Orange"},"content":{"rendered":"<p>Cache-cou polyvalent fabriqu\u00e9 avec la technologie SEAMLESS en trois variantes de couleurs. Dans les versions 298\/vert et 298\/fluo, vous pouvez choisir de le porter du c\u00f4t\u00e9 vert ou du c\u00f4t\u00e9 fluorescent pour une plus grande visibilit\u00e9 dans les bois, tandis que la version 298\/188 est id\u00e9ale pour \u00eatre combin\u00e9e avec les v\u00eatements de notre ligne ALPINE CHALLENGE.   <\/p>\n","protected":false},"excerpt":{"rendered":"<p>Cache-cou polyvalent fabriqu\u00e9 avec la technologie SEAMLESS en trois variantes de couleurs. Dans les versions 298\/vert et 298\/fluo, vous pouvez<\/p>\n","protected":false},"featured_media":97138,"template":"","meta":{"_seopress_robots_primary_cat":"","_seopress_titles_title":"","_seopress_titles_desc":"","_seopress_robots_index":""},"product_brand":[3410],"product_cat":[21,186],"product_tag":[],"class_list":{"0":"post-504705","1":"product","2":"type-product","3":"status-publish","4":"has-post-thumbnail","6":"product_brand-trabaldo-gino","7":"product_cat-abbigliamento","8":"product_cat-accessori-per-labbigliamento","10":"first","11":"outofstock","12":"shipping-taxable","13":"purchasable","14":"product-type-simple"},"_links":{"self":[{"href":"https:\/\/lucacastelli.com\/fr\/wp-json\/wp\/v2\/product\/504705","targetHints":{"allow":["GET"]}}],"collection":[{"href":"https:\/\/lucacastelli.com\/fr\/wp-json\/wp\/v2\/product"}],"about":[{"href":"https:\/\/lucacastelli.com\/fr\/wp-json\/wp\/v2\/types\/product"}],"wp:featuredmedia":[{"embeddable":true,"href":"https:\/\/lucacastelli.com\/fr\/wp-json\/wp\/v2\/media\/97138"}],"wp:attachment":[{"href":"https:\/\/lucacastelli.com\/fr\/wp-json\/wp\/v2\/media?parent=504705"}],"wp:term":[{"taxonomy":"product_brand","embeddable":true,"href":"https:\/\/lucacastelli.com\/fr\/wp-json\/wp\/v2\/product_brand?post=504705"},{"taxonomy":"product_cat","embeddable":true,"href":"https:\/\/lucacastelli.com\/fr\/wp-json\/wp\/v2\/product_cat?post=504705"},{"taxonomy":"product_tag","embeddable":true,"href":"https:\/\/lucacastelli.com\/fr\/wp-json\/wp\/v2\/product_tag?post=504705"}],"curies":[{"name":"wp","href":"https:\/\/api.w.org\/{rel}","templated":true}]}}