{"id":504674,"date":"2023-05-23T23:45:44","date_gmt":"2023-05-23T21:45:44","guid":{"rendered":"https:\/\/lucacastelli.com\/prodotto\/trabaldo-supercayman-h-v\/"},"modified":"2026-01-31T00:02:44","modified_gmt":"2026-01-30T23:02:44","slug":"trabaldo-supercayman-h-v","status":"publish","type":"product","link":"https:\/\/lucacastelli.com\/fr\/produit\/trabaldo-supercayman-h-v\/","title":{"rendered":"TRABALDO SUPERCAYMAN H.V."},"content":{"rendered":"<p>Peut-on l\u2019appeler soft-shell ? SUPERCAYMAN H.V., c\u2019est bien plus que cela. Lorsqu\u2019une couche interm\u00e9diaire respirante et extensible, l\u00e9g\u00e8re et bien ajust\u00e9e est le seul v\u00eatement que nous voulons porter, mais que nous avons toujours besoin de protection sur nos bras pour avancer dans les bois, c\u2019est ce dont nous avons besoin. Cr\u00e9\u00e9 pour les mi-saisons ou pour les chasseurs qui souhaitent voyager l\u00e9ger, SUPERCAYMAN H.V. est \u00e0 toutes fins utiles un v\u00eatement polyvalent. La particularit\u00e9 qui distingue ce produit d\u2019une deuxi\u00e8me couche normale sont les manchons renforc\u00e9s avec de l\u2019\u00e9lasticit\u00e9 TITANIAL et KETRATEX qui, en vertu d\u2019une combinaison habile, combinent la r\u00e9sistance \u00e0 l\u2019abrasion et \u00e0 la d\u00e9chirure avec l\u2019\u00e9lasticit\u00e9 et l\u2019ajustement serr\u00e9. Les \u00e9paules, les coudes et les fesses sont \u00e9galement renforc\u00e9s de mani\u00e8re appropri\u00e9e, afin d\u2019offrir une protection aux points les plus sollicit\u00e9s. Gr\u00e2ce \u00e0 sa construction, SUPERCAYMAN H.V. peut \u00eatre port\u00e9 comme v\u00eatement d\u2019ext\u00e9rieur, o\u00f9 le panneau avant soft-shell WINDSYSTEM \u00e9vite la dispersion de la chaleur due \u00e0 l\u2019effet de refroidissement \u00e9olien g\u00eanant. Les c\u00f4t\u00e9s et le dos sont en polaire douce et \u00e9lastique avec une structure en grille qui, en plus de remplir une fonction thermique, favorise l\u2019\u00e9vacuation rapide de l\u2019exc\u00e8s de chaleur. Cr\u00e9\u00e9 pour la chasse en for\u00eat, SUPERCAYMAN H.V. pense \u00e9galement \u00e0 la s\u00e9curit\u00e9 et est \u00e9quip\u00e9 d\u2019inserts en polyester haute t\u00e9nacit\u00e9 de couleur verte haute visibilit\u00e9 sur la poitrine et le dos. Pour compl\u00e9ter l\u2019\u00e9quipement, deux grandes poches avant, allou\u00e9es verticalement avec une structure extensible KETRATEX, offrent un h\u00e9bergement confortable pour les PDA, les radios et divers accessoires.         <\/p>\n<p>SUPERCAYMAN H.V. est parfait en combinaison avec le gilet INTREPID\/INTREPID H.V. de la m\u00eame ligne pour optimiser sa protection.  <\/p>\n","protected":false},"excerpt":{"rendered":"<p>Peut-on l\u2019appeler soft-shell ? SUPERCAYMAN H.V., c\u2019est bien plus que cela. Lorsqu\u2019une couche interm\u00e9diaire respirante et extensible, l\u00e9g\u00e8re et bien<\/p>\n","protected":false},"featured_media":91225,"template":"","meta":{"_seopress_robots_primary_cat":"","_seopress_titles_title":"","_seopress_titles_desc":"","_seopress_robots_index":""},"product_brand":[3410],"product_cat":[21,189,190],"product_tag":[],"class_list":{"0":"post-504674","1":"product","2":"type-product","3":"status-publish","4":"has-post-thumbnail","6":"product_brand-trabaldo-gino","7":"product_cat-abbigliamento","8":"product_cat-abbigliamento-per-il-tempo-libero","9":"product_cat-abbigliamento-da-uomo","11":"first","12":"instock","13":"shipping-taxable","14":"purchasable","15":"product-type-variable"},"_links":{"self":[{"href":"https:\/\/lucacastelli.com\/fr\/wp-json\/wp\/v2\/product\/504674","targetHints":{"allow":["GET"]}}],"collection":[{"href":"https:\/\/lucacastelli.com\/fr\/wp-json\/wp\/v2\/product"}],"about":[{"href":"https:\/\/lucacastelli.com\/fr\/wp-json\/wp\/v2\/types\/product"}],"wp:featuredmedia":[{"embeddable":true,"href":"https:\/\/lucacastelli.com\/fr\/wp-json\/wp\/v2\/media\/91225"}],"wp:attachment":[{"href":"https:\/\/lucacastelli.com\/fr\/wp-json\/wp\/v2\/media?parent=504674"}],"wp:term":[{"taxonomy":"product_brand","embeddable":true,"href":"https:\/\/lucacastelli.com\/fr\/wp-json\/wp\/v2\/product_brand?post=504674"},{"taxonomy":"product_cat","embeddable":true,"href":"https:\/\/lucacastelli.com\/fr\/wp-json\/wp\/v2\/product_cat?post=504674"},{"taxonomy":"product_tag","embeddable":true,"href":"https:\/\/lucacastelli.com\/fr\/wp-json\/wp\/v2\/product_tag?post=504674"}],"curies":[{"name":"wp","href":"https:\/\/api.w.org\/{rel}","templated":true}]}}