{"id":504657,"date":"2023-05-24T04:11:49","date_gmt":"2023-05-24T02:11:49","guid":{"rendered":"https:\/\/lucacastelli.com\/prodotto\/trabaldo-warrior-pro\/"},"modified":"2023-05-24T04:11:49","modified_gmt":"2023-05-24T02:11:49","slug":"trabaldo-warrior-pro","status":"publish","type":"product","link":"https:\/\/lucacastelli.com\/fr\/produit\/trabaldo-warrior-pro\/","title":{"rendered":"TRABALDO WARRIOR PRO"},"content":{"rendered":"<p>Nous sommes fiers de vous pr\u00e9senter WARRIOR PRO. Un pas en avant suppl\u00e9mentaire pour les pantalons extensibles capables d\u2019am\u00e9liorer encore la r\u00e9sistance aux accrocs et \u00e0 l\u2019abrasion, sans sacrifier le confort gr\u00e2ce \u00e0 l\u2019utilisation de l\u2019\u00e9tirement KETREX. Pour ce pantalon aux lignes insaisissables, cependant, nous ne nous sommes pas limit\u00e9s \u00e0 cela, WARRIOR adopte en effet la technologie TITANIAL pour les renforts avant. N\u00e9 \u00e0 Trabaldo de la connaissance approfondie des techniques de tissage et des propri\u00e9t\u00e9s physiques des fibres, TITANIAL est l\u2019expression du plus haut niveau possible aujourd\u2019hui avec les technologies les plus avanc\u00e9es, pour obtenir des tissus qui savent combiner l\u00e9g\u00e8ret\u00e9 et respirabilit\u00e9 avec une r\u00e9sistance in\u00e9gal\u00e9e \u00e0 la d\u00e9chirure et \u00e0 l\u2019accrochage. Compos\u00e9 d\u2019un m\u00e9lange de fibres \u00e0 haute t\u00e9nacit\u00e9 dont le Dyneema\u00ae, 15 fois plus r\u00e9sistant que l\u2019acier, TITANIAL est un nouveau jalon pour les besoins d\u2019all\u00e8gement de poids et d\u2019\u00e9l\u00e9vation de r\u00e9sistance dont le monde de la chasse a besoin pour l\u2019am\u00e9lioration des performances de durabilit\u00e9 et du bien-\u00eatre d\u2019utilisation quotidienne. Un nouveau pas en avant qui ne manquera pas de vous \u00e9tonner et qui permet \u00e0 WARRIOR PRO de s\u2019adapter aux situations de chasse les plus difficiles. La zone de confort sur la zone lombaire vous donnera plus de libert\u00e9 de mouvement, tandis que le Top Fix pour la fixation \u00e0 la botte vous fera oublier les gu\u00eatres. La ligne, les couleurs et le style, en plus de satisfaire vos yeux, vous feront sentir que vous faites partie de notre monde.       <\/p>\n<p>Disponible en deux versions \u00e9tanches (WARRIOR PRO) et non \u00e9tanches (WARRIOR, art. 2950\/19500TITANIAL).<\/p>\n","protected":false},"excerpt":{"rendered":"<p>Nous sommes fiers de vous pr\u00e9senter WARRIOR PRO. Un pas en avant suppl\u00e9mentaire pour les pantalons extensibles capables d\u2019am\u00e9liorer encore<\/p>\n","protected":false},"featured_media":91244,"template":"","meta":{"_seopress_robots_primary_cat":"","_seopress_titles_title":"","_seopress_titles_desc":"","_seopress_robots_index":""},"product_brand":[3410],"product_cat":[21,189,190],"product_tag":[],"class_list":{"0":"post-504657","1":"product","2":"type-product","3":"status-publish","4":"has-post-thumbnail","6":"product_brand-trabaldo-gino","7":"product_cat-abbigliamento","8":"product_cat-abbigliamento-per-il-tempo-libero","9":"product_cat-abbigliamento-da-uomo","11":"first","12":"instock","13":"sale","14":"shipping-taxable","15":"purchasable","16":"product-type-variable"},"_links":{"self":[{"href":"https:\/\/lucacastelli.com\/fr\/wp-json\/wp\/v2\/product\/504657","targetHints":{"allow":["GET"]}}],"collection":[{"href":"https:\/\/lucacastelli.com\/fr\/wp-json\/wp\/v2\/product"}],"about":[{"href":"https:\/\/lucacastelli.com\/fr\/wp-json\/wp\/v2\/types\/product"}],"wp:featuredmedia":[{"embeddable":true,"href":"https:\/\/lucacastelli.com\/fr\/wp-json\/wp\/v2\/media\/91244"}],"wp:attachment":[{"href":"https:\/\/lucacastelli.com\/fr\/wp-json\/wp\/v2\/media?parent=504657"}],"wp:term":[{"taxonomy":"product_brand","embeddable":true,"href":"https:\/\/lucacastelli.com\/fr\/wp-json\/wp\/v2\/product_brand?post=504657"},{"taxonomy":"product_cat","embeddable":true,"href":"https:\/\/lucacastelli.com\/fr\/wp-json\/wp\/v2\/product_cat?post=504657"},{"taxonomy":"product_tag","embeddable":true,"href":"https:\/\/lucacastelli.com\/fr\/wp-json\/wp\/v2\/product_tag?post=504657"}],"curies":[{"name":"wp","href":"https:\/\/api.w.org\/{rel}","templated":true}]}}