{"id":504601,"date":"2023-05-11T19:42:05","date_gmt":"2023-05-11T17:42:05","guid":{"rendered":"https:\/\/lucacastelli.com\/prodotto\/trabaldo-freerider-evoeder\/"},"modified":"2026-03-01T00:25:08","modified_gmt":"2026-02-28T23:25:08","slug":"trabaldo-freerider-evoeder","status":"publish","type":"product","link":"https:\/\/lucacastelli.com\/fr\/produit\/trabaldo-freerider-evoeder\/","title":{"rendered":"TRABALDO FREERIDER EVOeder"},"content":{"rendered":"<p>Notre l\u00e9gendaire FREERIDER PRO en est aujourd\u2019hui \u00e0 sa deuxi\u00e8me g\u00e9n\u00e9ration et, en gardant intact l\u2019ADN qui le rendait unique, il a \u00e9t\u00e9 renouvel\u00e9 en termes de technicit\u00e9 et de style. Il s\u2019agit de la version monochrome du c\u00e9l\u00e8bre DRAGONFLY PRO, d\u00e9di\u00e9e aux amateurs de ton sur ton. Noyau en CORDURA\u00ae LIGHT bistretch, renforts avant en TITANIAL, culasse en KETRATEX stretch. Il s\u2019adapte comme un pantalon mais se porte comme un gant. Renforts DURATEX STRUCTUR\u00c9S souples \u00e0 l\u2019int\u00e9rieur de la cheville et fermeture \u00e9clair arri\u00e8re pour s\u2019adapter \u00e0 tout type de chaussure. Crochet interne et finition antid\u00e9rapante pour faciliter la fixation des chaussures. Inscription FREERIDER pour souligner l\u2019unicit\u00e9 de l\u2019article.        <\/p>\n","protected":false},"excerpt":{"rendered":"<p>Notre l\u00e9gendaire FREERIDER PRO en est aujourd\u2019hui \u00e0 sa deuxi\u00e8me g\u00e9n\u00e9ration et, en gardant intact l\u2019ADN qui le rendait unique,<\/p>\n","protected":false},"featured_media":90633,"template":"","meta":{"_seopress_robots_primary_cat":"","_seopress_titles_title":"","_seopress_titles_desc":"","_seopress_robots_index":""},"product_brand":[3410],"product_cat":[21,189,190],"product_tag":[],"class_list":{"0":"post-504601","1":"product","2":"type-product","3":"status-publish","4":"has-post-thumbnail","6":"product_brand-trabaldo-gino","7":"product_cat-abbigliamento","8":"product_cat-abbigliamento-per-il-tempo-libero","9":"product_cat-abbigliamento-da-uomo","10":"sws-gruppo-abb-libero-de","11":"sws-conto-ricavi-merci-rivendita-abbigliamento","12":"sws-gruppo-iva-iva81","14":"first","15":"instock","16":"shipping-taxable","17":"purchasable","18":"product-type-variable"},"_links":{"self":[{"href":"https:\/\/lucacastelli.com\/fr\/wp-json\/wp\/v2\/product\/504601","targetHints":{"allow":["GET"]}}],"collection":[{"href":"https:\/\/lucacastelli.com\/fr\/wp-json\/wp\/v2\/product"}],"about":[{"href":"https:\/\/lucacastelli.com\/fr\/wp-json\/wp\/v2\/types\/product"}],"wp:featuredmedia":[{"embeddable":true,"href":"https:\/\/lucacastelli.com\/fr\/wp-json\/wp\/v2\/media\/90633"}],"wp:attachment":[{"href":"https:\/\/lucacastelli.com\/fr\/wp-json\/wp\/v2\/media?parent=504601"}],"wp:term":[{"taxonomy":"product_brand","embeddable":true,"href":"https:\/\/lucacastelli.com\/fr\/wp-json\/wp\/v2\/product_brand?post=504601"},{"taxonomy":"product_cat","embeddable":true,"href":"https:\/\/lucacastelli.com\/fr\/wp-json\/wp\/v2\/product_cat?post=504601"},{"taxonomy":"product_tag","embeddable":true,"href":"https:\/\/lucacastelli.com\/fr\/wp-json\/wp\/v2\/product_tag?post=504601"}],"curies":[{"name":"wp","href":"https:\/\/api.w.org\/{rel}","templated":true}]}}