{"id":504587,"date":"2023-05-11T19:24:01","date_gmt":"2023-05-11T17:24:01","guid":{"rendered":"https:\/\/lucacastelli.com\/prodotto\/trabaldo-orix\/"},"modified":"2026-01-31T00:02:43","modified_gmt":"2026-01-30T23:02:43","slug":"trabaldo-orix","status":"publish","type":"product","link":"https:\/\/lucacastelli.com\/fr\/produit\/trabaldo-orix\/","title":{"rendered":"TRABALDO ORIX"},"content":{"rendered":"<p>Un t-shirt d\u2019\u00e9t\u00e9 avec un poids record de seulement 90 g en taille L, pouvez-vous imaginer quelque chose de plus l\u00e9ger ? Il suffit de porter ORIX une seule fois pour se rendre compte qu\u2019il s\u2019agit plus d\u2019une seconde peau que d\u2019un maillot technique. Con\u00e7u pour les mois les plus chauds et les entra\u00eenements printemps\/\u00e9t\u00e9 avec nos auxiliaires, ce t-shirt utilise le polyester ESSENSE avec des propri\u00e9t\u00e9s de l\u00e9g\u00e8ret\u00e9, de respirabilit\u00e9, de douceur et d\u2019\u00e9lasticit\u00e9 \u00e9lev\u00e9es. La structure en tricot particuli\u00e8rement ouvert permet \u00e0 la condensation g\u00e9n\u00e9r\u00e9e par le corps lors d\u2019une activit\u00e9 intense de passer vers l\u2019ext\u00e9rieur, donnant une agr\u00e9able sensation de fra\u00eecheur. Tout cela dans la paume de votre main.    <\/p>\n","protected":false},"excerpt":{"rendered":"<p>Un t-shirt d\u2019\u00e9t\u00e9 avec un poids record de seulement 90 g en taille L, pouvez-vous imaginer quelque chose de plus<\/p>\n","protected":false},"featured_media":90579,"template":"","meta":{"_seopress_robots_primary_cat":"","_seopress_titles_title":"","_seopress_titles_desc":"","_seopress_robots_index":""},"product_brand":[3410],"product_cat":[21,189,190],"product_tag":[],"class_list":{"0":"post-504587","1":"product","2":"type-product","3":"status-publish","4":"has-post-thumbnail","6":"product_brand-trabaldo-gino","7":"product_cat-abbigliamento","8":"product_cat-abbigliamento-per-il-tempo-libero","9":"product_cat-abbigliamento-da-uomo","10":"sws-gruppo-abb-libero-fr","11":"sws-conto-ricavi-merci-rivendita-abbigliamento-fr","12":"sws-gruppo-iva-iva81-fr","14":"first","15":"instock","16":"shipping-taxable","17":"purchasable","18":"product-type-variable"},"_links":{"self":[{"href":"https:\/\/lucacastelli.com\/fr\/wp-json\/wp\/v2\/product\/504587","targetHints":{"allow":["GET"]}}],"collection":[{"href":"https:\/\/lucacastelli.com\/fr\/wp-json\/wp\/v2\/product"}],"about":[{"href":"https:\/\/lucacastelli.com\/fr\/wp-json\/wp\/v2\/types\/product"}],"wp:featuredmedia":[{"embeddable":true,"href":"https:\/\/lucacastelli.com\/fr\/wp-json\/wp\/v2\/media\/90579"}],"wp:attachment":[{"href":"https:\/\/lucacastelli.com\/fr\/wp-json\/wp\/v2\/media?parent=504587"}],"wp:term":[{"taxonomy":"product_brand","embeddable":true,"href":"https:\/\/lucacastelli.com\/fr\/wp-json\/wp\/v2\/product_brand?post=504587"},{"taxonomy":"product_cat","embeddable":true,"href":"https:\/\/lucacastelli.com\/fr\/wp-json\/wp\/v2\/product_cat?post=504587"},{"taxonomy":"product_tag","embeddable":true,"href":"https:\/\/lucacastelli.com\/fr\/wp-json\/wp\/v2\/product_tag?post=504587"}],"curies":[{"name":"wp","href":"https:\/\/api.w.org\/{rel}","templated":true}]}}