{"id":504567,"date":"2023-05-11T19:07:06","date_gmt":"2023-05-11T17:07:06","guid":{"rendered":"https:\/\/lucacastelli.com\/prodotto\/trabaldo-1740-primaloft-inverno-hiver\/"},"modified":"2026-03-01T00:25:04","modified_gmt":"2026-02-28T23:25:04","slug":"trabaldo-1740-primaloft-inverno-hiver","status":"publish","type":"product","link":"https:\/\/lucacastelli.com\/fr\/produit\/trabaldo-1740-primaloft-inverno-hiver\/","title":{"rendered":"TRABALDO 1740 PRIMALOFT INVERNO\/HIVER"},"content":{"rendered":"<p>Les propri\u00e9t\u00e9s thermiques exceptionnelles de la fibre PRIMALOFT\u00ae en combinaison avec des pourcentages \u00e9lev\u00e9s de LYCRA\u00ae pour une compression de niveau moyen. La technologie de compression appliqu\u00e9e aux chaussettes r\u00e9duit la sensation de fatigue musculaire, facilitant la circulation naturelle du sang et r\u00e9duisant l\u2019accumulation d\u2019acide lactique. La compression permet d\u2019\u00e9liminer plus rapidement le sang d\u00e9soxyg\u00e9n\u00e9 et charg\u00e9 d\u2019acide lactique des muscles (cause de douleurs et de crampes), augmentant ainsi le confort et les performances pendant l\u2019activit\u00e9 sportive.  <\/p>\n","protected":false},"excerpt":{"rendered":"<p>Les propri\u00e9t\u00e9s thermiques exceptionnelles de la fibre PRIMALOFT\u00ae en combinaison avec des pourcentages \u00e9lev\u00e9s de LYCRA\u00ae pour une compression de<\/p>\n","protected":false},"featured_media":90550,"template":"","meta":{"_seopress_robots_primary_cat":"","_seopress_titles_title":"","_seopress_titles_desc":"","_seopress_robots_index":""},"product_brand":[3676],"product_cat":[1399,173,1420],"product_tag":[],"class_list":{"0":"post-504567","1":"product","2":"type-product","3":"status-publish","4":"has-post-thumbnail","6":"product_brand-trabaldo-gino-fr","7":"product_cat-accessoires-pour-chaussures","8":"product_cat-chaussures","9":"product_cat-chaussures-de-loisirs","10":"sws-gruppo-abb-libero-fr","11":"sws-conto-ricavi-merci-rivendita-abbigliamento-fr","12":"sws-gruppo-iva-iva81-fr","14":"first","15":"instock","16":"shipping-taxable","17":"purchasable","18":"product-type-variable"},"_links":{"self":[{"href":"https:\/\/lucacastelli.com\/fr\/wp-json\/wp\/v2\/product\/504567","targetHints":{"allow":["GET"]}}],"collection":[{"href":"https:\/\/lucacastelli.com\/fr\/wp-json\/wp\/v2\/product"}],"about":[{"href":"https:\/\/lucacastelli.com\/fr\/wp-json\/wp\/v2\/types\/product"}],"wp:featuredmedia":[{"embeddable":true,"href":"https:\/\/lucacastelli.com\/fr\/wp-json\/wp\/v2\/media\/90550"}],"wp:attachment":[{"href":"https:\/\/lucacastelli.com\/fr\/wp-json\/wp\/v2\/media?parent=504567"}],"wp:term":[{"taxonomy":"product_brand","embeddable":true,"href":"https:\/\/lucacastelli.com\/fr\/wp-json\/wp\/v2\/product_brand?post=504567"},{"taxonomy":"product_cat","embeddable":true,"href":"https:\/\/lucacastelli.com\/fr\/wp-json\/wp\/v2\/product_cat?post=504567"},{"taxonomy":"product_tag","embeddable":true,"href":"https:\/\/lucacastelli.com\/fr\/wp-json\/wp\/v2\/product_tag?post=504567"}],"curies":[{"name":"wp","href":"https:\/\/api.w.org\/{rel}","templated":true}]}}