{"id":504564,"date":"2023-05-09T11:46:13","date_gmt":"2023-05-09T09:46:13","guid":{"rendered":"https:\/\/lucacastelli.com\/prodotto\/trabaldo-avalon\/"},"modified":"2026-03-01T00:25:04","modified_gmt":"2026-02-28T23:25:04","slug":"trabaldo-avalon","status":"publish","type":"product","link":"https:\/\/lucacastelli.com\/fr\/produit\/trabaldo-avalon\/","title":{"rendered":"TRABALDO AVALON"},"content":{"rendered":"<p>Lorsque la pluie nous surprend soudainement, nous avons besoin d\u2019une solution rapide et efficace : AVALON. Un trois couches avec un poids et un volume extr\u00eamement faibles, \u00e0 tel point qu\u2019il peut \u00eatre facilement rang\u00e9 dans le sac \u00e0 gibier et utilis\u00e9 si n\u00e9cessaire. La membrane RAINSYSTEM garantit l\u2019imperm\u00e9abilit\u00e9 sans affecter la respirabilit\u00e9, de sorte qu\u2019AVALON peut \u00e9galement \u00eatre utilis\u00e9 en mouvement sans probl\u00e8mes de surchauffe. Les ouvertures lat\u00e9rales donnent un acc\u00e8s direct \u00e0 la couche inf\u00e9rieure afin qu\u2019elle puisse \u00eatre port\u00e9e par-dessus une autre veste sans compromettre l\u2019acc\u00e8s. La fermeture \u00e9clair, imperm\u00e9abilis\u00e9e par le double rabat int\u00e9rieur, a \u00e9t\u00e9 cr\u00e9\u00e9e pour \u00eatre accroch\u00e9e \u00e0 l\u2019int\u00e9rieur de la veste VERTICAL, ou \u00e0 d\u2019autres articles de notre collection \u00e9quip\u00e9s d\u2019une double fermeture \u00e9clair.    <\/p>\n","protected":false},"excerpt":{"rendered":"<p>Lorsque la pluie nous surprend soudainement, nous avons besoin d\u2019une solution rapide et efficace : AVALON. Un trois couches avec<\/p>\n","protected":false},"featured_media":90176,"template":"","meta":{"_seopress_robots_primary_cat":"","_seopress_titles_title":"","_seopress_titles_desc":"","_seopress_robots_index":""},"product_brand":[3676],"product_cat":[81,981,982],"product_tag":[],"class_list":{"0":"post-504564","1":"product","2":"type-product","3":"status-publish","4":"has-post-thumbnail","6":"product_brand-trabaldo-gino-fr","7":"product_cat-vetements","8":"product_cat-vetements-de-loisirs","9":"product_cat-vetements-pour-hommes","10":"sws-gruppo-abb-libero-fr","11":"sws-conto-ricavi-merci-rivendita-abbigliamento-fr","12":"sws-gruppo-iva-iva81-fr","14":"first","15":"instock","16":"shipping-taxable","17":"purchasable","18":"product-type-variable"},"_links":{"self":[{"href":"https:\/\/lucacastelli.com\/fr\/wp-json\/wp\/v2\/product\/504564","targetHints":{"allow":["GET"]}}],"collection":[{"href":"https:\/\/lucacastelli.com\/fr\/wp-json\/wp\/v2\/product"}],"about":[{"href":"https:\/\/lucacastelli.com\/fr\/wp-json\/wp\/v2\/types\/product"}],"wp:featuredmedia":[{"embeddable":true,"href":"https:\/\/lucacastelli.com\/fr\/wp-json\/wp\/v2\/media\/90176"}],"wp:attachment":[{"href":"https:\/\/lucacastelli.com\/fr\/wp-json\/wp\/v2\/media?parent=504564"}],"wp:term":[{"taxonomy":"product_brand","embeddable":true,"href":"https:\/\/lucacastelli.com\/fr\/wp-json\/wp\/v2\/product_brand?post=504564"},{"taxonomy":"product_cat","embeddable":true,"href":"https:\/\/lucacastelli.com\/fr\/wp-json\/wp\/v2\/product_cat?post=504564"},{"taxonomy":"product_tag","embeddable":true,"href":"https:\/\/lucacastelli.com\/fr\/wp-json\/wp\/v2\/product_tag?post=504564"}],"curies":[{"name":"wp","href":"https:\/\/api.w.org\/{rel}","templated":true}]}}