{"id":504547,"date":"2023-05-09T11:31:14","date_gmt":"2023-05-09T09:31:14","guid":{"rendered":"https:\/\/lucacastelli.com\/prodotto\/trebaldo-intrepid\/"},"modified":"2026-01-31T00:02:42","modified_gmt":"2026-01-30T23:02:42","slug":"trebaldo-intrepid","status":"publish","type":"product","link":"https:\/\/lucacastelli.com\/fr\/produit\/trebaldo-intrepid\/","title":{"rendered":"TREBALDO INTREPID"},"content":{"rendered":"<p>Le gilet avec un faible poids et une r\u00e9sistance exceptionnelle gr\u00e2ce \u00e0 l\u2019utilisation de TITANIAL dans le corps central du v\u00eatement et dans les renforts. N\u00e9 \u00e0 Trabaldo de la connaissance approfondie des techniques de tissage et des propri\u00e9t\u00e9s physiques des fibres, TITANIAL est l\u2019expression du plus haut niveau possible aujourd\u2019hui avec les technologies les plus avanc\u00e9es, pour obtenir des tissus qui savent combiner l\u00e9g\u00e8ret\u00e9 et respirabilit\u00e9 avec une r\u00e9sistance in\u00e9gal\u00e9e \u00e0 la d\u00e9chirure et \u00e0 l\u2019accrochage. Compos\u00e9 d\u2019un m\u00e9lange de fibres \u00e0 haute t\u00e9nacit\u00e9 dont le Dyneema\u00ae, 15 fois plus r\u00e9sistant que l\u2019acier, TITANIAL est un nouveau jalon pour les besoins d\u2019all\u00e8gement de poids et d\u2019\u00e9l\u00e9vation de r\u00e9sistance dont le monde de la chasse a besoin pour l\u2019am\u00e9lioration des performances de durabilit\u00e9 et du bien-\u00eatre d\u2019utilisation quotidienne. INTREPID, avec son style unique, ne manque pas de vous donner tout l\u2019espace dont vous avez besoin avec 4 poches avant, une poche pour tir, un support satellite et un sac de jeu arri\u00e8re extensible avec double entr\u00e9e et compartiments s\u00e9par\u00e9s. Tout cela combin\u00e9 \u00e0 un concept de modularit\u00e9 jamais vu auparavant sur un gilet : c\u2019est vous qui choisirez ce que vous allez combiner. Utilisez-le avec nos mod\u00e8les AVALON et HARD TOP pour d\u00e9couvrir une nouvelle modularit\u00e9 dans la fa\u00e7on dont vous vous habillez qui vous rendra libre de vous adapter \u00e0 n\u2019importe quel environnement et \u00e0 toutes les conditions m\u00e9t\u00e9orologiques.     <\/p>\n","protected":false},"excerpt":{"rendered":"<p>Le gilet avec un faible poids et une r\u00e9sistance exceptionnelle gr\u00e2ce \u00e0 l\u2019utilisation de TITANIAL dans le corps central du<\/p>\n","protected":false},"featured_media":90157,"template":"","meta":{"_seopress_robots_primary_cat":"","_seopress_titles_title":"","_seopress_titles_desc":"","_seopress_robots_index":""},"product_brand":[3676],"product_cat":[81,981,982],"product_tag":[],"class_list":{"0":"post-504547","1":"product","2":"type-product","3":"status-publish","4":"has-post-thumbnail","6":"product_brand-trabaldo-gino-fr","7":"product_cat-vetements","8":"product_cat-vetements-de-loisirs","9":"product_cat-vetements-pour-hommes","10":"sws-gruppo-abb-libero-de","11":"sws-conto-ricavi-merci-rivendita-abbigliamento","12":"sws-gruppo-iva-iva81","14":"first","15":"instock","16":"shipping-taxable","17":"purchasable","18":"product-type-variable"},"_links":{"self":[{"href":"https:\/\/lucacastelli.com\/fr\/wp-json\/wp\/v2\/product\/504547","targetHints":{"allow":["GET"]}}],"collection":[{"href":"https:\/\/lucacastelli.com\/fr\/wp-json\/wp\/v2\/product"}],"about":[{"href":"https:\/\/lucacastelli.com\/fr\/wp-json\/wp\/v2\/types\/product"}],"wp:featuredmedia":[{"embeddable":true,"href":"https:\/\/lucacastelli.com\/fr\/wp-json\/wp\/v2\/media\/90157"}],"wp:attachment":[{"href":"https:\/\/lucacastelli.com\/fr\/wp-json\/wp\/v2\/media?parent=504547"}],"wp:term":[{"taxonomy":"product_brand","embeddable":true,"href":"https:\/\/lucacastelli.com\/fr\/wp-json\/wp\/v2\/product_brand?post=504547"},{"taxonomy":"product_cat","embeddable":true,"href":"https:\/\/lucacastelli.com\/fr\/wp-json\/wp\/v2\/product_cat?post=504547"},{"taxonomy":"product_tag","embeddable":true,"href":"https:\/\/lucacastelli.com\/fr\/wp-json\/wp\/v2\/product_tag?post=504547"}],"curies":[{"name":"wp","href":"https:\/\/api.w.org\/{rel}","templated":true}]}}