{"id":504546,"date":"2022-09-10T11:15:35","date_gmt":"2022-09-10T09:15:35","guid":{"rendered":"https:\/\/lucacastelli.com\/prodotto\/trabaldo-polaire\/"},"modified":"2026-03-01T00:25:05","modified_gmt":"2026-02-28T23:25:05","slug":"trabaldo-polaire","status":"publish","type":"product","link":"https:\/\/lucacastelli.com\/fr\/produit\/trabaldo-polaire\/","title":{"rendered":"TRABALDO POLAIRE"},"content":{"rendered":"<p>Chaussette d\u2019hiver en polyamide et laine (50&nbsp;%PA, 23&nbsp;%WO, 20&nbsp;%PC, 7&nbsp;%EA) fabriqu\u00e9e avec une technologie de compression moyenne. La compression appliqu\u00e9e sur les chaussettes r\u00e9duit la sensation de fatigue musculaire, facilitant la circulation naturelle du sang et r\u00e9duisant l\u2019accumulation d\u2019acide lactique. La conformation adh\u00e9rente permet de r\u00e9duire les volumes et les \u00e9paisseurs excessifs, qui peuvent g\u00e9n\u00e9rer une g\u00eane d\u00e9sagr\u00e9able \u00e0 l\u2019int\u00e9rieur de la chaussure, tandis que la structure en \u00e9ponge, plus volumineuse et thermique, garantit une plus grande isolation et un plus grand confort l\u00e0 o\u00f9 cela est n\u00e9cessaire : haut des orteils, vo\u00fbte plantaire, talon et tibia.  <\/p>\n","protected":false},"excerpt":{"rendered":"<p>Chaussette d\u2019hiver en polyamide et laine (50&nbsp;%PA, 23&nbsp;%WO, 20&nbsp;%PC, 7&nbsp;%EA) fabriqu\u00e9e avec une technologie de compression moyenne. La compression appliqu\u00e9e<\/p>\n","protected":false},"featured_media":81375,"template":"","meta":{"_seopress_robots_primary_cat":"","_seopress_titles_title":"","_seopress_titles_desc":"","_seopress_robots_index":""},"product_brand":[3676],"product_cat":[1399,173],"product_tag":[],"class_list":{"0":"post-504546","1":"product","2":"type-product","3":"status-publish","4":"has-post-thumbnail","6":"product_brand-trabaldo-gino-fr","7":"product_cat-accessoires-pour-chaussures","8":"product_cat-chaussures","9":"sws-gruppo-abb-libero-de","10":"sws-conto-ricavi-merci-rivendita-abbigliamento","11":"sws-gruppo-iva-iva81","13":"first","14":"instock","15":"shipping-taxable","16":"purchasable","17":"product-type-variable"},"_links":{"self":[{"href":"https:\/\/lucacastelli.com\/fr\/wp-json\/wp\/v2\/product\/504546","targetHints":{"allow":["GET"]}}],"collection":[{"href":"https:\/\/lucacastelli.com\/fr\/wp-json\/wp\/v2\/product"}],"about":[{"href":"https:\/\/lucacastelli.com\/fr\/wp-json\/wp\/v2\/types\/product"}],"wp:featuredmedia":[{"embeddable":true,"href":"https:\/\/lucacastelli.com\/fr\/wp-json\/wp\/v2\/media\/81375"}],"wp:attachment":[{"href":"https:\/\/lucacastelli.com\/fr\/wp-json\/wp\/v2\/media?parent=504546"}],"wp:term":[{"taxonomy":"product_brand","embeddable":true,"href":"https:\/\/lucacastelli.com\/fr\/wp-json\/wp\/v2\/product_brand?post=504546"},{"taxonomy":"product_cat","embeddable":true,"href":"https:\/\/lucacastelli.com\/fr\/wp-json\/wp\/v2\/product_cat?post=504546"},{"taxonomy":"product_tag","embeddable":true,"href":"https:\/\/lucacastelli.com\/fr\/wp-json\/wp\/v2\/product_tag?post=504546"}],"curies":[{"name":"wp","href":"https:\/\/api.w.org\/{rel}","templated":true}]}}