{"id":504532,"date":"2022-09-13T06:49:01","date_gmt":"2022-09-13T04:49:01","guid":{"rendered":"https:\/\/lucacastelli.com\/prodotto\/requin-trabaldo\/"},"modified":"2026-03-01T00:25:09","modified_gmt":"2026-02-28T23:25:09","slug":"requin-trabaldo","status":"publish","type":"product","link":"https:\/\/lucacastelli.com\/fr\/produit\/requin-trabaldo\/","title":{"rendered":"REQUIN TRABALDO"},"content":{"rendered":"<p>Souvent, la r\u00e9cup\u00e9ration de l\u2019animal tu\u00e9 est beaucoup plus complexe que la mise \u00e0 mort elle-m\u00eame. Voici SHARK, le gant d\u00e9di\u00e9 aux sangliers et aux r\u00e9cup\u00e9rateurs qui doivent se frayer un chemin \u00e0 travers la v\u00e9g\u00e9tation dense. Avec ce gant, nous ne voulions pas c\u00e9der aux compromis habituels, notre intention \u00e9tait claire : donner le maximum de protection possible. C\u2019est pourquoi SHARK devient un gant avec une r\u00e9sistance am\u00e9lior\u00e9e \u00e0 la perforation des \u00e9pines gr\u00e2ce \u00e0 notre derni\u00e8re technologie THORN SHIELD\u00ae, une structure textile sp\u00e9ciale capable d\u2019assurer la r\u00e9duction des dommages \u00e0 l\u2019\u00e9piderme caus\u00e9s par les \u00e9pines. Le dos et la paume enti\u00e8rement en SCHOELLER\u00ae KEPROTEC pour r\u00e9sister \u00e0 l\u2019abrasion, aux d\u00e9chirures et aux accrocs, tandis qu\u2019entre les doigts, un insert en CORDURA\u00ae H.V. garantit une bonne libert\u00e9 de mouvement. L\u2019empi\u00e8cement SUPERTEK robuste \u00e0 l\u2019arri\u00e8re souligne la technicit\u00e9 du v\u00eatement et son appartenance \u00e0 nos lignes. SHARK a \u00e9t\u00e9 cr\u00e9\u00e9 pour \u00eatre combin\u00e9 avec notre pantalon PANTHER PRO 3.0 et la veste EMPEROR, pour tous les chasseurs qui pensent \u00e0 la protection avant toute autre chose.        <\/p>\n","protected":false},"excerpt":{"rendered":"<p>Souvent, la r\u00e9cup\u00e9ration de l\u2019animal tu\u00e9 est beaucoup plus complexe que la mise \u00e0 mort elle-m\u00eame. Voici SHARK, le gant<\/p>\n","protected":false},"featured_media":81391,"template":"","meta":{"_seopress_robots_primary_cat":"","_seopress_titles_title":"","_seopress_titles_desc":"","_seopress_robots_index":""},"product_brand":[3676],"product_cat":[1390,81],"product_tag":[],"class_list":{"0":"post-504532","1":"product","2":"type-product","3":"status-publish","4":"has-post-thumbnail","6":"product_brand-trabaldo-gino-fr","7":"product_cat-accessoires-dhabillement","8":"product_cat-vetements","10":"first","11":"instock","12":"shipping-taxable","13":"purchasable","14":"product-type-variable"},"_links":{"self":[{"href":"https:\/\/lucacastelli.com\/fr\/wp-json\/wp\/v2\/product\/504532","targetHints":{"allow":["GET"]}}],"collection":[{"href":"https:\/\/lucacastelli.com\/fr\/wp-json\/wp\/v2\/product"}],"about":[{"href":"https:\/\/lucacastelli.com\/fr\/wp-json\/wp\/v2\/types\/product"}],"wp:featuredmedia":[{"embeddable":true,"href":"https:\/\/lucacastelli.com\/fr\/wp-json\/wp\/v2\/media\/81391"}],"wp:attachment":[{"href":"https:\/\/lucacastelli.com\/fr\/wp-json\/wp\/v2\/media?parent=504532"}],"wp:term":[{"taxonomy":"product_brand","embeddable":true,"href":"https:\/\/lucacastelli.com\/fr\/wp-json\/wp\/v2\/product_brand?post=504532"},{"taxonomy":"product_cat","embeddable":true,"href":"https:\/\/lucacastelli.com\/fr\/wp-json\/wp\/v2\/product_cat?post=504532"},{"taxonomy":"product_tag","embeddable":true,"href":"https:\/\/lucacastelli.com\/fr\/wp-json\/wp\/v2\/product_tag?post=504532"}],"curies":[{"name":"wp","href":"https:\/\/api.w.org\/{rel}","templated":true}]}}