{"id":504530,"date":"2022-09-10T11:13:40","date_gmt":"2022-09-10T09:13:40","guid":{"rendered":"https:\/\/lucacastelli.com\/prodotto\/trabaldo-sniper-h-v\/"},"modified":"2026-03-01T00:25:01","modified_gmt":"2026-02-28T23:25:01","slug":"trabaldo-sniper-h-v","status":"publish","type":"product","link":"https:\/\/lucacastelli.com\/fr\/produit\/trabaldo-sniper-h-v\/","title":{"rendered":"TRABALDO SNIPER H.V."},"content":{"rendered":"<p>Version haute visibilit\u00e9 du mod\u00e8le SNIPER.  <\/p>\n<p>Gilet haut de gamme de la ligne 18000 d\u00e9di\u00e9 \u00e0 la chasse avec des chiens d\u2019arr\u00eat ou, plus g\u00e9n\u00e9ralement, \u00e0 toutes les situations o\u00f9 un maximum de l\u00e9g\u00e8ret\u00e9 et de respirabilit\u00e9 sont requis, ainsi que de robustesse et de praticit\u00e9. SNIPER est le gilet le plus l\u00e9ger de la collection Trabaldo (390 gr. Taille L) id\u00e9al pour une utilisation en \u00e9t\u00e9 ou en automne dans des conditions d\u2019activit\u00e9 physique intense et prolong\u00e9e. La l\u00e9g\u00e8ret\u00e9, cependant, ne signifie pas avoir quelque chose de moins, pas dans le cas de SNIPER. Gr\u00e2ce \u00e0 l\u2019utilisation de notre TITANIAL LIGHT dans les points de plus grande usure, en effet, ce gilet offre une grande r\u00e9sistance \u00e0 l\u2019abrasion, \u00e0 la d\u00e9chirure et aux accrocs par rapport \u00e0 des poids et des volumes extr\u00eamement faibles. Un \u00e9change d\u2019air maximal avec l\u2019ext\u00e9rieur est rendu possible par un grand panneau arri\u00e8re en maille et deux bandes lat\u00e9rales en maille, vous donnant ainsi une agr\u00e9able sensation de ventilation constante et d\u2019\u00e9vacuation rapide de l\u2019exc\u00e8s de chaleur. Enfin, les renforts en tissu all\u00e9g\u00e9 SUPERTEK sur les c\u00f4t\u00e9s et les emmanchures, en plus d\u2019am\u00e9liorer la r\u00e9sistance \u00e0 l\u2019abrasion, donnent un style unique et incomparable au v\u00eatement. Malgr\u00e9 sa coupe ajust\u00e9e, SNIPER ne renonce pas \u00e0 deux grandes poches avant, deux poches int\u00e9rieures, deux poches avant \u00e0 la paume et un sac \u00e0 gibier \u00e0 soufflet arri\u00e8re.        <\/p>\n","protected":false},"excerpt":{"rendered":"<p>Version haute visibilit\u00e9 du mod\u00e8le SNIPER. Gilet haut de gamme de la ligne 18000 d\u00e9di\u00e9 \u00e0 la chasse avec des<\/p>\n","protected":false},"featured_media":81365,"template":"","meta":{"_seopress_robots_primary_cat":"","_seopress_titles_title":"","_seopress_titles_desc":"","_seopress_robots_index":""},"product_brand":[3676],"product_cat":[81,981,982],"product_tag":[],"class_list":{"0":"post-504530","1":"product","2":"type-product","3":"status-publish","4":"has-post-thumbnail","6":"product_brand-trabaldo-gino-fr","7":"product_cat-vetements","8":"product_cat-vetements-de-loisirs","9":"product_cat-vetements-pour-hommes","10":"sws-gruppo-abb-libero-de","11":"sws-conto-ricavi-merci-rivendita-abbigliamento","12":"sws-gruppo-iva-iva81","14":"first","15":"instock","16":"shipping-taxable","17":"purchasable","18":"product-type-variable"},"_links":{"self":[{"href":"https:\/\/lucacastelli.com\/fr\/wp-json\/wp\/v2\/product\/504530","targetHints":{"allow":["GET"]}}],"collection":[{"href":"https:\/\/lucacastelli.com\/fr\/wp-json\/wp\/v2\/product"}],"about":[{"href":"https:\/\/lucacastelli.com\/fr\/wp-json\/wp\/v2\/types\/product"}],"wp:featuredmedia":[{"embeddable":true,"href":"https:\/\/lucacastelli.com\/fr\/wp-json\/wp\/v2\/media\/81365"}],"wp:attachment":[{"href":"https:\/\/lucacastelli.com\/fr\/wp-json\/wp\/v2\/media?parent=504530"}],"wp:term":[{"taxonomy":"product_brand","embeddable":true,"href":"https:\/\/lucacastelli.com\/fr\/wp-json\/wp\/v2\/product_brand?post=504530"},{"taxonomy":"product_cat","embeddable":true,"href":"https:\/\/lucacastelli.com\/fr\/wp-json\/wp\/v2\/product_cat?post=504530"},{"taxonomy":"product_tag","embeddable":true,"href":"https:\/\/lucacastelli.com\/fr\/wp-json\/wp\/v2\/product_tag?post=504530"}],"curies":[{"name":"wp","href":"https:\/\/api.w.org\/{rel}","templated":true}]}}