{"id":504263,"date":"2023-05-22T18:16:45","date_gmt":"2023-05-22T16:16:45","guid":{"rendered":"https:\/\/lucacastelli.com\/prodotto\/as-915-sherpa-2wd\/"},"modified":"2025-12-01T14:46:04","modified_gmt":"2025-12-01T13:46:04","slug":"as-915-sherpa-2wd","status":"publish","type":"product","link":"https:\/\/lucacastelli.com\/fr\/produit\/as-915-sherpa-2wd\/","title":{"rendered":"AS 915 Sherpa 2WD"},"content":{"rendered":"<p>La famille Sherpa d\u2019entr\u00e9e de gamme : un poste de travail ergonomique et une tondeuse \u00e0 gazon automotrice maniable<br \/>\nPrenez place dans la classe Sherpa. Le plateau de coupe flottant, le syst\u00e8me de lames crois\u00e9es, le cadre tubulaire int\u00e9gr\u00e9 et le levier de commande \u00e0 une main sont les caract\u00e9ristiques de notre mod\u00e8le AS 915 Sherpa 2WD. La machine polyvalente pour l\u2019utilisateur \u00e0 domicile ou le professionnel ambitieux.  <\/p>\n<p>Moteur robuste et conduite confortable<br \/>\nL\u2019AS 915 Sherpa 2WD est propuls\u00e9e par un moteur bicylindre Briggs &amp; Stratton Professional 7220 d\u2019une capacit\u00e9 de 656 cm\u00b3, qui d\u00e9livre une puissance maximale de 22 ch et est \u00e9galement \u00e9quip\u00e9 d\u2019une pompe \u00e0 huile et \u00e0 carburant. La transmission est hydrostatique et donc progressive. L\u2019utilisation d\u2019une seule main via le levier de conduite vous permet de s\u00e9lectionner les vitesses de 0 \u00e0 10,5 km\/h en marche avant et de 0 \u00e0 8,2 km\/h en marche arri\u00e8re. La particularit\u00e9 : le frein de stationnement m\u00e9canique est int\u00e9gr\u00e9 dans le levier de direction. Pour plus de traction, le blocage de diff\u00e9rentiel peut \u00eatre activ\u00e9 \u00e0 tout moment via une p\u00e9dale.    <\/p>\n<p>\u00c9quip\u00e9e<br \/>\nd\u2019un syst\u00e8me de lames crois\u00e9es et d\u2019un plateau de coupe ferm\u00e9, la tondeuse \u00e0 gazon AS 915 Sherpa 2WD broye parfaitement la v\u00e9g\u00e9tation jusqu\u2019\u00e0 120 cm de hauteur. Gr\u00e2ce \u00e0 la suspension flottante, le carter de tondeuse s\u2019adapte au sol, prot\u00e9geant ainsi les lames et la pelouse, par exemple lors du franchissement d\u2019une bosse. Les hauteurs de coupe sont r\u00e9glables au centre par paliers de 50 \u00e0 105 mm.  <\/p>\n<p>Assis \u00ab&nbsp;\u00e0 l\u2019int\u00e9rieur&nbsp;\u00bb de la machine<br \/>\nGr\u00e2ce \u00e0 la position assise encastr\u00e9e, l\u2019op\u00e9rateur n\u2019est pas assis sur le dessus, mais \u00e0 l\u2019int\u00e9rieur de la machine, ce qui le prot\u00e8ge parfaitement, par exemple, des broussailles. Gr\u00e2ce au si\u00e8ge baquet r\u00e9glable en longueur et \u00e0 un grand espace pour les jambes, m\u00eame les op\u00e9rateurs mesurant 1,90 m trouvent une position ergonomique. Pour encore plus de confort, un pack de suspension de si\u00e8ge est disponible en option. Toutes les commandes sont dispos\u00e9es de mani\u00e8re logique et facilement accessibles.   <\/p>\n","protected":false},"excerpt":{"rendered":"<p>La famille Sherpa d\u2019entr\u00e9e de gamme : un poste de travail ergonomique et une tondeuse \u00e0 gazon automotrice maniable Prenez<\/p>\n","protected":false},"featured_media":55941,"template":"","meta":{"_seopress_robots_primary_cat":"","_seopress_titles_title":"","_seopress_titles_desc":"","_seopress_robots_index":""},"product_brand":[4372],"product_cat":[29,262,278],"product_tag":[],"class_list":{"0":"post-504263","1":"product","2":"type-product","3":"status-publish","4":"has-post-thumbnail","6":"product_brand-as-motor","7":"product_cat-macchinari","8":"product_cat-tosaerba-e-robot","9":"product_cat-robot-tosaerba","10":"sws-gruppo-macchinari-fr","11":"sws-conto-ricavi-merci-rivendita-macchinari-fr","12":"sws-gruppo-iva-iva81-fr","14":"first","15":"onbackorder","16":"shipping-taxable","17":"purchasable","18":"product-type-simple"},"_links":{"self":[{"href":"https:\/\/lucacastelli.com\/fr\/wp-json\/wp\/v2\/product\/504263","targetHints":{"allow":["GET"]}}],"collection":[{"href":"https:\/\/lucacastelli.com\/fr\/wp-json\/wp\/v2\/product"}],"about":[{"href":"https:\/\/lucacastelli.com\/fr\/wp-json\/wp\/v2\/types\/product"}],"wp:featuredmedia":[{"embeddable":true,"href":"https:\/\/lucacastelli.com\/fr\/wp-json\/wp\/v2\/media\/55941"}],"wp:attachment":[{"href":"https:\/\/lucacastelli.com\/fr\/wp-json\/wp\/v2\/media?parent=504263"}],"wp:term":[{"taxonomy":"product_brand","embeddable":true,"href":"https:\/\/lucacastelli.com\/fr\/wp-json\/wp\/v2\/product_brand?post=504263"},{"taxonomy":"product_cat","embeddable":true,"href":"https:\/\/lucacastelli.com\/fr\/wp-json\/wp\/v2\/product_cat?post=504263"},{"taxonomy":"product_tag","embeddable":true,"href":"https:\/\/lucacastelli.com\/fr\/wp-json\/wp\/v2\/product_tag?post=504263"}],"curies":[{"name":"wp","href":"https:\/\/api.w.org\/{rel}","templated":true}]}}