{"id":504262,"date":"2023-05-22T18:16:17","date_gmt":"2023-05-22T16:16:17","guid":{"rendered":"https:\/\/lucacastelli.com\/prodotto\/as-900-enduro\/"},"modified":"2025-12-01T14:46:04","modified_gmt":"2025-12-01T13:46:04","slug":"as-900-enduro","status":"publish","type":"product","link":"https:\/\/lucacastelli.com\/fr\/produit\/as-900-enduro\/","title":{"rendered":"AS 900 Enduro"},"content":{"rendered":"<p>Fiable et robuste, la tondeuse \u00e0 gazon haute automotrice Allm\u00e4her \u00e0 \u00e9jection lat\u00e9rale<br \/>\nDurable, puissante et extr\u00eamement robuste. L\u2019AS 900 Enduro est id\u00e9ale pour les grands buissons et l\u2019herbe jusqu\u2019\u00e0 1,20 m de hauteur. La transmission hydrostatique est \u00e9quip\u00e9e d\u2019un syst\u00e8me de refroidissement qui permet une utilisation permanente et professionnelle. La structure tubulaire tr\u00e8s solide assure une longue dur\u00e9e de vie.   <\/p>\n<p>Moteur puissant et transmission fiable<br \/>\nLe gros moteur bicylindre de 656 cm\u00b3 de la s\u00e9rie Briggs &amp; Stratton 7 Intek d\u00e9livre une puissance maximale de 16,2 ch. Gr\u00e2ce \u00e0 la pompe \u00e0 carburant et \u00e0 huile, l\u2019AS 900 Enduro est \u00e9galement parfaitement \u00e9quip\u00e9e pour les terrains de pente et en pente. Les vitesses avant et arri\u00e8re, respectivement de 0 \u00e0 10,8 km\/h et de 0 \u00e0 7 km\/h, peuvent \u00eatre r\u00e9gl\u00e9es confortablement \u00e0 l\u2019aide du levier de vitesse. De plus, la transmission hydrostatique est \u00e9quip\u00e9e d\u2019un syst\u00e8me de refroidissement suppl\u00e9mentaire pour un fonctionnement optimal m\u00eame dans des conditions difficiles. Pour une traction encore plus efficace, le blocage de diff\u00e9rentiel peut \u00eatre enclench\u00e9 \u00e0 l\u2019aide d\u2019une p\u00e9dale.    <\/p>\n<p>Vitesse de coupe impressionnante gr\u00e2ce \u00e0 l\u2019\u00e9jection lat\u00e9rale<br \/>\nLe plateau de coupe avec des lames amovibles et r\u00e9versibles \u00e9jecte l\u2019herbe coup\u00e9e par le c\u00f4t\u00e9 et par l\u2019arri\u00e8re. Cela permet de contr\u00f4ler sans probl\u00e8me une v\u00e9g\u00e9tation jusqu\u2019\u00e0 1,20 m de haut. Avec une largeur de coupe de 90 cm, il est possible d\u2019atteindre une surface allant jusqu\u2019\u00e0 9 000 m\u00b2 par heure. Les quatre hauteurs de coupe de 50 \u00e0 90 mm peuvent \u00eatre r\u00e9gl\u00e9es de mani\u00e8re centralis\u00e9e et par \u00e9tapes.   <\/p>\n<p>Position assise ergonomique pour un travail confortable<br \/>\nUn espace suffisant pour les jambes et une direction en douceur garantissent un travail sans fatigue. Un kit de suspension de si\u00e8ge est disponible en option pour augmenter encore le confort de la machine. Gr\u00e2ce au si\u00e8ge r\u00e9glable en longueur, chaque op\u00e9rateur dispose de suffisamment d\u2019espace et de la bonne position assise. La disposition logique et l\u2019accessibilit\u00e9 ergonomique de tous les \u00e9l\u00e9ments de commande compl\u00e8tent le tableau.   <\/p>\n","protected":false},"excerpt":{"rendered":"<p>Fiable et robuste, la tondeuse \u00e0 gazon haute automotrice Allm\u00e4her \u00e0 \u00e9jection lat\u00e9rale Durable, puissante et extr\u00eamement robuste. L\u2019AS 900<\/p>\n","protected":false},"featured_media":55936,"template":"","meta":{"_seopress_robots_primary_cat":"","_seopress_titles_title":"","_seopress_titles_desc":"","_seopress_robots_index":""},"product_brand":[4372],"product_cat":[29,262,278],"product_tag":[],"class_list":{"0":"post-504262","1":"product","2":"type-product","3":"status-publish","4":"has-post-thumbnail","6":"product_brand-as-motor","7":"product_cat-macchinari","8":"product_cat-tosaerba-e-robot","9":"product_cat-robot-tosaerba","10":"sws-gruppo-macchinari-fr","11":"sws-conto-ricavi-merci-rivendita-macchinari-de","12":"sws-gruppo-iva-iva81-de","14":"first","15":"onbackorder","16":"shipping-taxable","17":"purchasable","18":"product-type-simple"},"_links":{"self":[{"href":"https:\/\/lucacastelli.com\/fr\/wp-json\/wp\/v2\/product\/504262","targetHints":{"allow":["GET"]}}],"collection":[{"href":"https:\/\/lucacastelli.com\/fr\/wp-json\/wp\/v2\/product"}],"about":[{"href":"https:\/\/lucacastelli.com\/fr\/wp-json\/wp\/v2\/types\/product"}],"wp:featuredmedia":[{"embeddable":true,"href":"https:\/\/lucacastelli.com\/fr\/wp-json\/wp\/v2\/media\/55936"}],"wp:attachment":[{"href":"https:\/\/lucacastelli.com\/fr\/wp-json\/wp\/v2\/media?parent=504262"}],"wp:term":[{"taxonomy":"product_brand","embeddable":true,"href":"https:\/\/lucacastelli.com\/fr\/wp-json\/wp\/v2\/product_brand?post=504262"},{"taxonomy":"product_cat","embeddable":true,"href":"https:\/\/lucacastelli.com\/fr\/wp-json\/wp\/v2\/product_cat?post=504262"},{"taxonomy":"product_tag","embeddable":true,"href":"https:\/\/lucacastelli.com\/fr\/wp-json\/wp\/v2\/product_tag?post=504262"}],"curies":[{"name":"wp","href":"https:\/\/api.w.org\/{rel}","templated":true}]}}