{"id":504258,"date":"2023-05-22T18:04:26","date_gmt":"2023-05-22T16:04:26","guid":{"rendered":"https:\/\/lucacastelli.com\/prodotto\/as-800-free-ridereder\/"},"modified":"2025-12-01T14:46:04","modified_gmt":"2025-12-01T13:46:04","slug":"as-800-free-ridereder","status":"publish","type":"product","link":"https:\/\/lucacastelli.com\/fr\/produit\/as-800-free-ridereder\/","title":{"rendered":"AS 800 Free Ridereder"},"content":{"rendered":"<p>AS 800 FreeRider &#8211; le grand fr\u00e8re de l\u2019AS 799 Rider. Comme l\u2019AS 799 Rider, son grand fr\u00e8re l\u2019AS 800 FreeRider est propuls\u00e9 par le moteur Intek de la s\u00e9rie 3 de Briggs &amp; Stratton. Avec sa puissance maximale de 13,0 ch et sa transmission \u00e0 lame \u00e0 engrenages, la tondeuse \u00e0 gazon autoport\u00e9e coupe l\u2019herbe jusqu\u2019\u00e0 80 cm de haut. Cela est d\u00fb, entre autres, au syst\u00e8me de lames de scie transversale AS. Une fois le plateau de coupe ferm\u00e9, l\u2019herbe coup\u00e9e est bris\u00e9e uniform\u00e9ment et paill\u00e9e. L\u2019herbe coup\u00e9e se d\u00e9pose au milieu et entre les roues. Cela permet de ne pas marcher sur l\u2019herbe coup\u00e9e et offre ainsi une plus grande s\u00e9curit\u00e9 lors de la tonte dans des conditions humides et en pente. Le plateau de tondeuse vous permet \u00e9galement de couper jusqu\u2019au bord de la pelouse. La hauteur de coupe peut \u00eatre r\u00e9gl\u00e9e de mani\u00e8re centralis\u00e9e et 4 hauteurs de coupe diff\u00e9rentes de 35 \u00e0 85 mm sont disponibles. Lorsque le plateau de coupe atteint la position de stationnement, la barre de coupe s\u2019arr\u00eate automatiquement gr\u00e2ce \u00e0 l\u2019accouplement m\u00e9canique des lames. La transmission hydrostatique permet une conduite progressive avec des vitesses de 0,0 \u00e0 8,0 km\/h en marche avant et de 0,0 \u00e0 6,0 km\/h en marche arri\u00e8re. Cela permet un r\u00e9glage optimal et sensible de la vitesse pour chaque application. Le blocage de diff\u00e9rentiel offre une meilleure propulsion, en particulier sur les terrains accident\u00e9s. Il peut \u00eatre activ\u00e9 \u00e0 tout moment avec la p\u00e9dale.<br \/>\nLe cadre tubulaire int\u00e9gral de l\u2019AS 800 FreeRiders assure une grande stabilit\u00e9 et une r\u00e9sistance \u00e0 la d\u00e9formation, m\u00eame sous de lourdes charges. Le pare-chocs prot\u00e8ge \u00e9galement les essieux et la suspension des roues. Le si\u00e8ge baquet, qui est r\u00e9glable vers l\u2019avant et vers l\u2019arri\u00e8re, offre \u00e0 l\u2019utilisateur une position assise confortable et droite et beaucoup d\u2019espace pour les jambes. De plus, la direction facile \u00e0 man\u0153uvrer assure un fonctionnement sans fatigue.<br \/>\nLa tondeuse \u00e0 gazon peut tondre jusqu\u2019\u00e0 6 800 m\u00b2 par heure. Cela est possible gr\u00e2ce au moteur puissant combin\u00e9 \u00e0 la transmission hydrostatique et \u00e0 la largeur de coupe de 80 cm. Le r\u00e9servoir de 15 litres assure \u00e9galement une longue autonomie. L\u2019AS 800 FreeRider est id\u00e9al pour une utilisation sur des terrains plats ou accident\u00e9s. Gr\u00e2ce au moteur avec pompe \u00e0 carburant et \u00e0 huile, \u00e0 son centre de gravit\u00e9 bas et \u00e0 son faible poids total de 231 kg, la tondeuse est parfaite pour les pentes. Les limites sont fix\u00e9es par la s\u00e9curit\u00e9 de l\u2019utilisateur.                    <\/p>\n","protected":false},"excerpt":{"rendered":"<p>AS 800 FreeRider &#8211; le grand fr\u00e8re de l\u2019AS 799 Rider. Comme l\u2019AS 799 Rider, son grand fr\u00e8re l\u2019AS 800<\/p>\n","protected":false},"featured_media":55931,"template":"","meta":{"_seopress_robots_primary_cat":"","_seopress_titles_title":"","_seopress_titles_desc":"","_seopress_robots_index":""},"product_brand":[4372],"product_cat":[29,262,487],"product_tag":[],"class_list":{"0":"post-504258","1":"product","2":"type-product","3":"status-publish","4":"has-post-thumbnail","6":"product_brand-as-motor","7":"product_cat-macchinari","8":"product_cat-tosaerba-e-robot","9":"product_cat-trattorini-tosaerba","10":"sws-gruppo-macchinari-fr","11":"sws-conto-ricavi-merci-rivendita-macchinari-de","12":"sws-gruppo-iva-iva81-de","14":"first","15":"onbackorder","16":"shipping-taxable","17":"purchasable","18":"product-type-simple"},"_links":{"self":[{"href":"https:\/\/lucacastelli.com\/fr\/wp-json\/wp\/v2\/product\/504258","targetHints":{"allow":["GET"]}}],"collection":[{"href":"https:\/\/lucacastelli.com\/fr\/wp-json\/wp\/v2\/product"}],"about":[{"href":"https:\/\/lucacastelli.com\/fr\/wp-json\/wp\/v2\/types\/product"}],"wp:featuredmedia":[{"embeddable":true,"href":"https:\/\/lucacastelli.com\/fr\/wp-json\/wp\/v2\/media\/55931"}],"wp:attachment":[{"href":"https:\/\/lucacastelli.com\/fr\/wp-json\/wp\/v2\/media?parent=504258"}],"wp:term":[{"taxonomy":"product_brand","embeddable":true,"href":"https:\/\/lucacastelli.com\/fr\/wp-json\/wp\/v2\/product_brand?post=504258"},{"taxonomy":"product_cat","embeddable":true,"href":"https:\/\/lucacastelli.com\/fr\/wp-json\/wp\/v2\/product_cat?post=504258"},{"taxonomy":"product_tag","embeddable":true,"href":"https:\/\/lucacastelli.com\/fr\/wp-json\/wp\/v2\/product_tag?post=504258"}],"curies":[{"name":"wp","href":"https:\/\/api.w.org\/{rel}","templated":true}]}}