{"id":504257,"date":"2023-05-22T17:49:12","date_gmt":"2023-05-22T15:49:12","guid":{"rendered":"https:\/\/lucacastelli.com\/prodotto\/as-799-ridereder\/"},"modified":"2025-12-01T14:46:04","modified_gmt":"2025-12-01T13:46:04","slug":"as-799-ridereder","status":"publish","type":"product","link":"https:\/\/lucacastelli.com\/fr\/produit\/as-799-ridereder\/","title":{"rendered":"AS 799 Ridereder"},"content":{"rendered":"<p>La famille de tondeuses \u00e0 gazon autoport\u00e9es d\u2019AS-Motor pour les hauts plateaux commence avec le mod\u00e8le AS 799 Rider. Cette tondeuse \u00e0 gazon est propuls\u00e9e par un moteur Briggs &amp; Stratton Motor 3 Powerbuilt de 344 cm\u00b3. Le moteur d\u00e9veloppe jusqu\u2019\u00e0 10,6 ch et la transmission des lames \u00e0 engrenages vous permet de couper l\u2019herbe jusqu\u2019\u00e0 60 cm de hauteur. Lorsque le plateau de coupe est ferm\u00e9, l\u2019herbe coup\u00e9e est \u00e9galement cassante. Le r\u00e9glage \u00e0 4 niveaux vous permet de r\u00e9gler la hauteur de coupe de 35 \u00e0 85 mm. De plus, la barre de coupe s\u2019\u00e9teint automatiquement lorsque l\u2019accouplement m\u00e9canique des lames a atteint la position de stationnement du bo\u00eetier de la lame. L\u2019AS 799 Rider est entra\u00een\u00e9 par une transmission hydrostatique. Cela permet un contr\u00f4le optimal et sensible de la vitesse pour chaque application. La vitesse peut \u00eatre modifi\u00e9e en continu entre 0 et 8,0 km\/h en marche avant et entre 0 et 6,0 km\/h en marche arri\u00e8re.      <\/p>\n<p>Confort et stabilit\u00e9.<br \/>\nLe si\u00e8ge baquet r\u00e9glable en longueur offre beaucoup d\u2019espace pour les jambes. Cela permet \u00e0 l\u2019utilisateur de s\u2019asseoir droit et confortablement. De plus, la direction est tr\u00e8s maniable, ce qui signifie que le travail ne provoque aucune fatigue. Le centre de gravit\u00e9 tr\u00e8s bas de la machine assure la s\u00e9curit\u00e9 de l\u2019op\u00e9rateur. De plus, le cadre tubulaire int\u00e9gr\u00e9 assure un haut degr\u00e9 de stabilit\u00e9 et de r\u00e9sistance \u00e0 la torsion, m\u00eame sous de lourdes charges. Le pare-chocs prot\u00e8ge les essieux et la suspension des roues.<br \/>\nLa tondeuse autoport\u00e9e AS 799 peut tondre jusqu\u2019\u00e0 6 400 m\u00b2 par heure avec sa largeur de coupe de 80 cm en combinaison avec le moteur et la transmission hydrostatique. Le r\u00e9servoir de 15 litres assure \u00e9galement une longue dur\u00e9e de vie. L\u2019AS 799 Rider est id\u00e9al pour les terrains plats et les pentes douces.       <\/p>\n","protected":false},"excerpt":{"rendered":"<p>La famille de tondeuses \u00e0 gazon autoport\u00e9es d\u2019AS-Motor pour les hauts plateaux commence avec le mod\u00e8le AS 799 Rider. Cette<\/p>\n","protected":false},"featured_media":55921,"template":"","meta":{"_seopress_robots_primary_cat":"","_seopress_titles_title":"","_seopress_titles_desc":"","_seopress_robots_index":""},"product_brand":[4372],"product_cat":[29,262,487],"product_tag":[],"class_list":{"0":"post-504257","1":"product","2":"type-product","3":"status-publish","4":"has-post-thumbnail","6":"product_brand-as-motor","7":"product_cat-macchinari","8":"product_cat-tosaerba-e-robot","9":"product_cat-trattorini-tosaerba","10":"sws-gruppo-macchinari-fr","11":"sws-conto-ricavi-merci-rivendita-macchinari-de","12":"sws-gruppo-iva-iva81-de","14":"first","15":"onbackorder","16":"shipping-taxable","17":"purchasable","18":"product-type-simple"},"_links":{"self":[{"href":"https:\/\/lucacastelli.com\/fr\/wp-json\/wp\/v2\/product\/504257","targetHints":{"allow":["GET"]}}],"collection":[{"href":"https:\/\/lucacastelli.com\/fr\/wp-json\/wp\/v2\/product"}],"about":[{"href":"https:\/\/lucacastelli.com\/fr\/wp-json\/wp\/v2\/types\/product"}],"wp:featuredmedia":[{"embeddable":true,"href":"https:\/\/lucacastelli.com\/fr\/wp-json\/wp\/v2\/media\/55921"}],"wp:attachment":[{"href":"https:\/\/lucacastelli.com\/fr\/wp-json\/wp\/v2\/media?parent=504257"}],"wp:term":[{"taxonomy":"product_brand","embeddable":true,"href":"https:\/\/lucacastelli.com\/fr\/wp-json\/wp\/v2\/product_brand?post=504257"},{"taxonomy":"product_cat","embeddable":true,"href":"https:\/\/lucacastelli.com\/fr\/wp-json\/wp\/v2\/product_cat?post=504257"},{"taxonomy":"product_tag","embeddable":true,"href":"https:\/\/lucacastelli.com\/fr\/wp-json\/wp\/v2\/product_tag?post=504257"}],"curies":[{"name":"wp","href":"https:\/\/api.w.org\/{rel}","templated":true}]}}