{"id":504231,"date":"2023-05-16T19:54:37","date_gmt":"2023-05-16T17:54:37","guid":{"rendered":"https:\/\/lucacastelli.com\/prodotto\/as-53-2t-4wd-rb-mit-r-gang-bremse\/"},"modified":"2025-12-01T14:46:03","modified_gmt":"2025-12-01T13:46:03","slug":"as-53-2t-4wd-rb-mit-r-gang-bremse","status":"publish","type":"product","link":"https:\/\/lucacastelli.com\/fr\/produit\/as-53-2t-4wd-rb-mit-r-gang-bremse\/","title":{"rendered":"AS 53 2T 4WD RB mit R-Gang &amp; Bremse"},"content":{"rendered":"<p>La tondeuse \u00e0 gazon \u00e0 essence \u00e0 4 roues motrices et marche arri\u00e8re pour les pentes raides<\/p>\n<p>La tondeuse \u00e0 gazon AS 53 2T ES 4WD RB est adapt\u00e9e pour tondre des pentes jusqu\u2019\u00e0 45\u00b0. Ce moteur est conforme \u00e0 la directive europ\u00e9enne 97\/68\/CE en vigueur sur les gaz d\u2019\u00e9chappement et est donc le seul moteur 2 temps sur les tondeuses \u00e0 gazon \u00e0 essence qui est conforme \u00e0 la directive sur les gaz d\u2019\u00e9chappement. Le moteur 2 temps AS est \u00e9quip\u00e9 de s\u00e9rie de la fonction EasyStart. Le syst\u00e8me d\u2019allumage num\u00e9rique CDI divise par deux la vitesse de d\u00e9marrage, de sorte que la tondeuse AS 53 2T ES 4WD RB d\u00e9marre tr\u00e8s facilement. M\u00eame dans l\u2019herbe haute et humide, la tondeuse \u00e0 gazon \u00e0 essence d\u00e9veloppe toute sa puissance. C\u2019est gr\u00e2ce au couple \u00e9lev\u00e9 produit par le moteur 2 temps AS-Motor. Le troisi\u00e8me roulement de l\u2019arbre du moteur, combin\u00e9 au support de s\u00e9curit\u00e9 de la lame et aux disques de friction sur la lame, assure une protection optimale du moteur.<br \/>\nLes 4 roues motrices, associ\u00e9es au moteur 2 temps, vous permettent de travailler dans des conditions extr\u00eames, sur des terrains accident\u00e9s et chaotiques et m\u00eame sur des pentes. Les 4 roues motrices assurent une excellente propulsion dans toutes les conditions. Gr\u00e2ce \u00e0 ses grandes roues motrices a\u00e9rodynamiques, la tondeuse \u00e0 gazon AS 53 2T ES 4WD RB a toujours une bonne adh\u00e9rence sur le sol. Si la pente est telle que la transmission n\u2019est plus en mesure de la supporter, le frein entre en jeu. Cela agit \u00e9galement comme un frein de stationnement.<br \/>\nAvec le Variomat, la vitesse de conduite peut \u00eatre ajust\u00e9e confortablement et progressivement en fonction des diff\u00e9rentes circonstances. L\u2019AS 53 2T ES 4WD RB dispose \u00e9galement d\u2019une marche arri\u00e8re. La hauteur de coupe peut \u00eatre r\u00e9gl\u00e9e confortablement dans 6 positions diff\u00e9rentes de 30 \u00e0 100 mm par essieu. Le puissant moteur 2 temps de 6,0 ch et la largeur de coupe de 53 cm permettent de tondre jusqu\u2019\u00e0 2 500 m\u00b2 par heure. La tondeuse \u00e0 gazon AS 53 2T ES 4WD RB peut couper l\u2019herbe jusqu\u2019\u00e0 40 cm de haut sans aucun probl\u00e8me.              <\/p>\n<table class=\"data-table\">\n<colgroup>\n<col width=\"25%\">\n<col>\n                <\/colgroup>\n<tbody>\n<tr class=\"odd\">\n<td class=\"spec-name\">\n Longeur de travail\n                            <\/td>\n<td class=\"spec-value\">\n53 cm <\/td>\n<\/tr>\n<tr class=\"even\">\n<td class=\"spec-name\">\n puissance\n                            <\/td>\n<td class=\"spec-value\">\n6.0 PS <\/td>\n<\/tr>\n<tr class=\"odd\">\n<td class=\"spec-name\">\n moteur\n                            <\/td>\n<td class=\"spec-value\">\nessence 2T <\/td>\n<\/tr>\n<tr class=\"even\">\n<td class=\"spec-name\">\n cylindre\n                            <\/td>\n<td class=\"spec-value\">\n1 cylindre <\/td>\n<\/tr>\n<tr class=\"odd\">\n<td class=\"spec-name\">\n d\u00e9marreur \u00e9lectrique\n                            <\/td>\n<td class=\"spec-value\">\nnon <\/td>\n<\/tr>\n<tr class=\"even\">\n<td class=\"spec-name\">\n Dispositif d\u2019entra\u00eenement\n                            <\/td>\n<td class=\"spec-value\">\noui <\/td>\n<\/tr>\n<tr class=\"odd\">\n<td class=\"spec-name\">\n Moyen de propulsion\n                            <\/td>\n<td class=\"spec-value\">\nvariomatique <\/td>\n<\/tr>\n<tr class=\"even\">\n<td class=\"spec-name\">\n Vitesses\n                            <\/td>\n<td class=\"spec-value\">\nVariomatique <\/td>\n<\/tr>\n<tr class=\"odd\">\n<td class=\"spec-name\">\n t\u00e9l\u00e9commande\n                            <\/td>\n<td class=\"spec-value\">\nnon <\/td>\n<\/tr>\n<tr class=\"even\">\n<td class=\"spec-name\">\n accessoire optionnel\n                            <\/td>\n<td class=\"spec-value\">\noui <\/td>\n<\/tr>\n<\/tbody>\n<\/table>\n","protected":false},"excerpt":{"rendered":"<p>La tondeuse \u00e0 gazon \u00e0 essence \u00e0 4 roues motrices et marche arri\u00e8re pour les pentes raides La tondeuse \u00e0<\/p>\n","protected":false},"featured_media":55310,"template":"","meta":{"_seopress_robots_primary_cat":"","_seopress_titles_title":"","_seopress_titles_desc":"","_seopress_robots_index":""},"product_brand":[4372],"product_cat":[29,262,279],"product_tag":[],"class_list":{"0":"post-504231","1":"product","2":"type-product","3":"status-publish","4":"has-post-thumbnail","6":"product_brand-as-motor","7":"product_cat-macchinari","8":"product_cat-tosaerba-e-robot","9":"product_cat-tosaerba-a-motore","10":"sws-gruppo-macchinari-fr","11":"sws-conto-ricavi-merci-rivendita-macchinari-de","12":"sws-gruppo-iva-iva81-de","14":"first","15":"onbackorder","16":"shipping-taxable","17":"purchasable","18":"product-type-simple"},"_links":{"self":[{"href":"https:\/\/lucacastelli.com\/fr\/wp-json\/wp\/v2\/product\/504231","targetHints":{"allow":["GET"]}}],"collection":[{"href":"https:\/\/lucacastelli.com\/fr\/wp-json\/wp\/v2\/product"}],"about":[{"href":"https:\/\/lucacastelli.com\/fr\/wp-json\/wp\/v2\/types\/product"}],"wp:featuredmedia":[{"embeddable":true,"href":"https:\/\/lucacastelli.com\/fr\/wp-json\/wp\/v2\/media\/55310"}],"wp:attachment":[{"href":"https:\/\/lucacastelli.com\/fr\/wp-json\/wp\/v2\/media?parent=504231"}],"wp:term":[{"taxonomy":"product_brand","embeddable":true,"href":"https:\/\/lucacastelli.com\/fr\/wp-json\/wp\/v2\/product_brand?post=504231"},{"taxonomy":"product_cat","embeddable":true,"href":"https:\/\/lucacastelli.com\/fr\/wp-json\/wp\/v2\/product_cat?post=504231"},{"taxonomy":"product_tag","embeddable":true,"href":"https:\/\/lucacastelli.com\/fr\/wp-json\/wp\/v2\/product_tag?post=504231"}],"curies":[{"name":"wp","href":"https:\/\/api.w.org\/{rel}","templated":true}]}}