{"id":504222,"date":"2023-05-16T19:27:58","date_gmt":"2023-05-16T17:27:58","guid":{"rendered":"https:\/\/lucacastelli.com\/prodotto\/as-grundtrager-ego-rucken-akku\/"},"modified":"2023-05-16T19:27:58","modified_gmt":"2023-05-16T17:27:58","slug":"as-grundtrager-ego-rucken-akku","status":"publish","type":"product","link":"https:\/\/lucacastelli.com\/fr\/produit\/as-grundtrager-ego-rucken-akku\/","title":{"rendered":"AS Grundtr\u00e4ger EGO R\u00fccken Akku"},"content":{"rendered":"<p>Pour l\u2019utilisation en option de la batterie EGO Back sur les AS 510, AS 531, AS 21, AS 62 et AS 63 Electric. Des adaptateurs individuels suppl\u00e9mentaires sont n\u00e9cessaires, adapt\u00e9s aux machines respectives.<br \/>\n56 volts <\/p>\n","protected":false},"excerpt":{"rendered":"<p>Pour l\u2019utilisation en option de la batterie EGO Back sur les AS 510, AS 531, AS 21, AS 62 et<\/p>\n","protected":false},"featured_media":55290,"template":"","meta":{"_seopress_robots_primary_cat":"","_seopress_titles_title":"","_seopress_titles_desc":"","_seopress_robots_index":""},"product_brand":[4372],"product_cat":[29,262,488],"product_tag":[],"class_list":{"0":"post-504222","1":"product","2":"type-product","3":"status-publish","4":"has-post-thumbnail","6":"product_brand-as-motor","7":"product_cat-macchinari","8":"product_cat-tosaerba-e-robot","9":"product_cat-tosaerba-a-batteria","11":"first","12":"onbackorder","13":"shipping-taxable","14":"purchasable","15":"product-type-simple"},"_links":{"self":[{"href":"https:\/\/lucacastelli.com\/fr\/wp-json\/wp\/v2\/product\/504222","targetHints":{"allow":["GET"]}}],"collection":[{"href":"https:\/\/lucacastelli.com\/fr\/wp-json\/wp\/v2\/product"}],"about":[{"href":"https:\/\/lucacastelli.com\/fr\/wp-json\/wp\/v2\/types\/product"}],"wp:featuredmedia":[{"embeddable":true,"href":"https:\/\/lucacastelli.com\/fr\/wp-json\/wp\/v2\/media\/55290"}],"wp:attachment":[{"href":"https:\/\/lucacastelli.com\/fr\/wp-json\/wp\/v2\/media?parent=504222"}],"wp:term":[{"taxonomy":"product_brand","embeddable":true,"href":"https:\/\/lucacastelli.com\/fr\/wp-json\/wp\/v2\/product_brand?post=504222"},{"taxonomy":"product_cat","embeddable":true,"href":"https:\/\/lucacastelli.com\/fr\/wp-json\/wp\/v2\/product_cat?post=504222"},{"taxonomy":"product_tag","embeddable":true,"href":"https:\/\/lucacastelli.com\/fr\/wp-json\/wp\/v2\/product_tag?post=504222"}],"curies":[{"name":"wp","href":"https:\/\/api.w.org\/{rel}","templated":true}]}}