{"id":504207,"date":"2023-05-16T19:10:42","date_gmt":"2023-05-16T17:10:42","guid":{"rendered":"https:\/\/lucacastelli.com\/prodotto\/as-531-e-procut-b-ohne-akku-und-ladegerat\/"},"modified":"2025-12-01T14:46:03","modified_gmt":"2025-12-01T13:46:03","slug":"as-531-e-procut-b-ohne-akku-und-ladegerat","status":"publish","type":"product","link":"https:\/\/lucacastelli.com\/fr\/produit\/as-531-e-procut-b-ohne-akku-und-ladegerat\/","title":{"rendered":"AS 531 E-ProCut B (ohne Akku und Ladeger\u00e4t)"},"content":{"rendered":"<p>Une v\u00e9ritable tondeuse \u00e0 gazon professionnelle avec une batterie et des caract\u00e9ristiques exclusives<br \/>\nL\u2019AS 531 E-ProCut B est une tondeuse \u00e0 gazon sans fil professionnelle. \u00c9tant un mod\u00e8le 3-en-1 avec de nombreuses caract\u00e9ristiques uniques, il offre \u00e0 l\u2019utilisateur averti plus que les autres machines sur le march\u00e9. Il montre ses points forts sur les terrains difficiles. L\u2019AS 531 E-ProCut B est \u00e9quip\u00e9e en standard d\u2019un kit de paillage qui peut \u00eatre mont\u00e9 sans outils, selon les besoins. Elle peut donc \u00eatre utilis\u00e9e comme tondeuse \u00e0 gazon mulching, comme tondeuse \u00e0 gazon de collection ou avec \u00e9jection arri\u00e8re. L\u2019AS 531 E-ProCut B est \u00e9quip\u00e9 du nouveau moteur \u00e9lectrique AS-Motor. Le moteur \u00e9lectrique a une puissance incroyable de 3 200 watts, aliment\u00e9 par deux batteries lithium-ion de 56 V et 10 Ah. Avec les deux batteries, il dispose d\u2019une r\u00e9serve d\u2019\u00e9nergie de 1120 wattheures. Gr\u00e2ce \u00e0 la puissance et au couple du moteur brushless, c\u2019est actuellement la tondeuse \u00e0 gazon sans fil la plus puissante du march\u00e9. Gr\u00e2ce \u00e0 ses r\u00e9serves d\u2019\u00e9nergie, il peut compenser les pics de puissance sans s\u2019\u00e9teindre. Pour une autonomie maximale, la grande batterie arri\u00e8re EGO de 28 Ah peut \u00eatre connect\u00e9e en plus des deux batteries de 10 Ah. Avec 2 688 Wh dans le \u00ab r\u00e9servoir d\u2019\u00e9nergie \u00bb, rien ne s\u2019oppose \u00e0 une journ\u00e9e de travail professionnelle. Gr\u00e2ce \u00e0 la poign\u00e9e mono centrale, le collecteur d\u2019herbe peut \u00eatre vid\u00e9 facilement et commod\u00e9ment des deux c\u00f4t\u00e9s. L\u2019AS 531 E-ProCut B est la seule tondeuse \u00e0 gazon professionnelle de sa cat\u00e9gorie \u00e9quip\u00e9e d\u2019un frein de s\u00e9curit\u00e9 automatique et d\u2019un blocage de diff\u00e9rentiel. D\u00e8s que le levier d\u2019embrayage de la lame est rel\u00e2ch\u00e9, le frein de stationnement est activ\u00e9 et arr\u00eate la tondeuse en toute s\u00e9curit\u00e9, m\u00eame sur les pentes. La forme en V ouverte du guidon et le concept de commande d\u00e9velopp\u00e9 par AS-Motor soulagent l\u2019op\u00e9rateur : la main gauche peut \u00eatre utilis\u00e9e pour r\u00e9gler en continu la vitesse de 3,0 \u00e0 4,5 km\/h tout en travaillant \u00e0 l\u2019aide du levier Variomatic. La main droite dirige et actionne l\u2019embrayage de la lame, le rapport avant et le frein de stationnement automatique. Le guidon extensible permet \u00e0 l\u2019AS 531 d\u2019\u00eatre utilis\u00e9 confortablement le long des murs, des cl\u00f4tures, des haies ou lors de la tonte \u00e0 proximit\u00e9 de voitures gar\u00e9es. Le syst\u00e8me anti-vibration VibrationProtect sur le guidon r\u00e9duit les vibrations fatigantes des mains.                  <\/p>\n<p>Une tondeuse \u00e0 gazon sans fil professionnelle pas comme les autres<br \/>\nLes points forts de la tondeuse \u00e0 gazon AS 531 E-ProCut B sont les suivants<\/p>\n<p>diff\u00e9rentiel autobloquant pour descente autobloquant<br \/>\n, frein de stationnement<br \/>\nautomatique, guidon ouvert en forme de V avec VibrationProtect<br \/>\nLes autres caract\u00e9ristiques de la machine sont<\/p>\n<p>Guide unilat\u00e9ral pour faciliter la vidange du collecteur d\u2019herbe des deux c\u00f4t\u00e9s<br \/>\nRefroidissement actif du moteur \u00e9lectrique<br \/>\nCh\u00e2ssis en acier tubulaire qui absorbe les forces sur chaque roue et prot\u00e8ge le moteur<br \/>\nEssieu avant en acier inoxydable ind\u00e9formable avec amortisseur<\/p>\n<table class=\"data-table\">\n<colgroup>\n<col width=\"25%\">\n<col>\n                <\/colgroup>\n<tbody>\n<tr class=\"odd\">\n<td class=\"spec-name\">\n Longeur de travail\n                            <\/td>\n<td class=\"spec-value\">\n53 cm <\/td>\n<\/tr>\n<tr class=\"even\">\n<td class=\"spec-name\">\n moteur\n                            <\/td>\n<td class=\"spec-value\">\nElektro\/Akku <\/td>\n<\/tr>\n<tr class=\"odd\">\n<td class=\"spec-name\">\n<\/td>\n<td class=\"spec-value\">\n56V <\/td>\n<p> volts<br \/>\n                        <\/tr>\n<tr class=\"even\">\n<td class=\"spec-name\">\n puissance\n                            <\/td>\n<td class=\"spec-value\">\n3.2 kW <\/td>\n<\/tr>\n<tr class=\"odd\">\n<td class=\"spec-name\">\n Dispositif d\u2019entra\u00eenement\n                            <\/td>\n<td class=\"spec-value\">\noui <\/td>\n<\/tr>\n<tr class=\"even\">\n<td class=\"spec-name\">\n Moyen de propulsion\n                            <\/td>\n<td class=\"spec-value\">\nvariomatique <\/td>\n<\/tr>\n<tr class=\"odd\">\n<td class=\"spec-name\">\n Vitesses\n                            <\/td>\n<td class=\"spec-value\">\nVariomatique <\/td>\n<\/tr>\n<tr class=\"even\">\n<td class=\"spec-name\">\n t\u00e9l\u00e9commande\n                            <\/td>\n<td class=\"spec-value\">\nnon <\/td>\n<\/tr>\n<\/tbody>\n<\/table>\n","protected":false},"excerpt":{"rendered":"<p>Une v\u00e9ritable tondeuse \u00e0 gazon professionnelle avec une batterie et des caract\u00e9ristiques exclusives L\u2019AS 531 E-ProCut B est une tondeuse<\/p>\n","protected":false},"featured_media":55260,"template":"","meta":{"_seopress_robots_primary_cat":"","_seopress_titles_title":"","_seopress_titles_desc":"","_seopress_robots_index":""},"product_brand":[4374],"product_cat":[167,1657,1670],"product_tag":[],"class_list":{"0":"post-504207","1":"product","2":"type-product","3":"status-publish","4":"has-post-thumbnail","6":"product_brand-as-motor-fr","7":"product_cat-machines","8":"product_cat-tondeuses-et-robots","9":"product_cat-tondeuses-a-batterie","10":"sws-gruppo-macchinari-fr","11":"sws-conto-ricavi-merci-rivendita-macchinari-de","12":"sws-gruppo-iva-iva81-de","14":"first","15":"onbackorder","16":"shipping-taxable","17":"purchasable","18":"product-type-simple"},"_links":{"self":[{"href":"https:\/\/lucacastelli.com\/fr\/wp-json\/wp\/v2\/product\/504207","targetHints":{"allow":["GET"]}}],"collection":[{"href":"https:\/\/lucacastelli.com\/fr\/wp-json\/wp\/v2\/product"}],"about":[{"href":"https:\/\/lucacastelli.com\/fr\/wp-json\/wp\/v2\/types\/product"}],"wp:featuredmedia":[{"embeddable":true,"href":"https:\/\/lucacastelli.com\/fr\/wp-json\/wp\/v2\/media\/55260"}],"wp:attachment":[{"href":"https:\/\/lucacastelli.com\/fr\/wp-json\/wp\/v2\/media?parent=504207"}],"wp:term":[{"taxonomy":"product_brand","embeddable":true,"href":"https:\/\/lucacastelli.com\/fr\/wp-json\/wp\/v2\/product_brand?post=504207"},{"taxonomy":"product_cat","embeddable":true,"href":"https:\/\/lucacastelli.com\/fr\/wp-json\/wp\/v2\/product_cat?post=504207"},{"taxonomy":"product_tag","embeddable":true,"href":"https:\/\/lucacastelli.com\/fr\/wp-json\/wp\/v2\/product_tag?post=504207"}],"curies":[{"name":"wp","href":"https:\/\/api.w.org\/{rel}","templated":true}]}}