{"id":504200,"date":"2023-05-16T19:10:13","date_gmt":"2023-05-16T17:10:13","guid":{"rendered":"https:\/\/lucacastelli.com\/prodotto\/as-531-4t-mk\/"},"modified":"2025-12-01T14:46:02","modified_gmt":"2025-12-01T13:46:02","slug":"as-531-4t-mk","status":"publish","type":"product","link":"https:\/\/lucacastelli.com\/fr\/produit\/as-531-4t-mk\/","title":{"rendered":"AS 531 4T MK"},"content":{"rendered":"<p>La tondeuse \u00e0 gazon professionnelle avec un ramassage parfait de l\u2019herbe pour une tonte exigeante<\/p>\n<p>L\u2019AS 531 4T MK est la tondeuse \u00e0 gazon professionnelle de toutes les tondeuses \u00e0 gazon. Cette tondeuse \u00e0 gazon 3 en 1, \u00e9quip\u00e9e de nombreuses caract\u00e9ristiques sp\u00e9ciales, convient \u00e0 la tonte partout o\u00f9 l\u2019entretien de la pelouse est n\u00e9cessaire : sur un sol accident\u00e9 ou dans des endroits restreints. L\u2019AS 531 4T MK 3en1 est d\u00e9sormais \u00e9quip\u00e9 de s\u00e9rie d\u2019un kit de paillage, qui peut \u00eatre mont\u00e9 et d\u00e9mont\u00e9 sans outils, en fonction de vos besoins. Il peut \u00eatre utilis\u00e9 comme tondeuse \u00e0 gazon ou tondeuse \u00e0 fl\u00e9aux avec ou sans sac de collecte, 3 en 1. L\u2019AS 531 4T MK est \u00e9quip\u00e9e d\u2019un moteur Kawasaki PRO qui d\u00e9veloppe une puissance maximale de 3,4 kW (4,6 ch). Le bac de ramassage a une capacit\u00e9 de 75 litres et est \u00e9quip\u00e9 d\u2019un indicateur de remplissage. Vider le panier est facile et pratique car la colonne se trouve au centre. La forme en V ouverte du guidon avec le concept de commande d\u00e9velopp\u00e9 par AS-Motor soulage le conducteur de la machine : la main gauche peut \u00eatre utilis\u00e9e pour r\u00e9gler la vitesse entre 3,0 et 4,5 km\/h avec le levier Variomatic pendant la conduite. La main droite actionne et g\u00e8re l\u2019accouplement et la transmission des lames. L\u2019accouplement de la lame permet de l\u2019arr\u00eater, par exemple lors de la vidange du sac, sans avoir \u00e0 arr\u00eater et red\u00e9marrer le moteur. Gr\u00e2ce au guidon pivotant, l\u2019AS 531 4T MK peut facilement rouler le long des murs et des buissons des maisons ou \u00e0 proximit\u00e9 de voitures gar\u00e9es. Le guidon est mont\u00e9 sur un support en caoutchouc et est \u00e9quip\u00e9 de l\u2019amortissement des vibrations VibrationProtect, qui r\u00e9duit les vibrations dans les mains et les bras. La r\u00e9partition intelligente du poids de l\u2019AS 531 4T MK garantit une manipulation ergonomique et un travail sans fatigue.            <\/p>\n<table class=\"data-table\">\n<colgroup>\n<col width=\"25%\">\n<col>\n                <\/colgroup>\n<tbody>\n<tr class=\"odd\">\n<td class=\"spec-name\">\n Longeur de travail\n                            <\/td>\n<td class=\"spec-value\">\n53 cm <\/td>\n<\/tr>\n<tr class=\"even\">\n<td class=\"spec-name\">\n puissance\n                            <\/td>\n<td class=\"spec-value\">\n4.6 PS <\/td>\n<\/tr>\n<tr class=\"odd\">\n<td class=\"spec-name\">\n moteur\n                            <\/td>\n<td class=\"spec-value\">\nessence 4T <\/td>\n<\/tr>\n<tr class=\"even\">\n<td class=\"spec-name\">\n cylindre\n                            <\/td>\n<td class=\"spec-value\">\n1 cylindre <\/td>\n<\/tr>\n<tr class=\"odd\">\n<td class=\"spec-name\">\n d\u00e9marreur \u00e9lectrique\n                            <\/td>\n<td class=\"spec-value\">\nnon <\/td>\n<\/tr>\n<tr class=\"even\">\n<td class=\"spec-name\">\n Dispositif d\u2019entra\u00eenement\n                            <\/td>\n<td class=\"spec-value\">\noui <\/td>\n<\/tr>\n<tr class=\"odd\">\n<td class=\"spec-name\">\n Moyen de propulsion\n                            <\/td>\n<td class=\"spec-value\">\nvariomatique <\/td>\n<\/tr>\n<tr class=\"even\">\n<td class=\"spec-name\">\n Vitesses\n                            <\/td>\n<td class=\"spec-value\">\nVariomatique <\/td>\n<\/tr>\n<tr class=\"odd\">\n<td class=\"spec-name\">\n t\u00e9l\u00e9commande\n                            <\/td>\n<td class=\"spec-value\">\nnon <\/td>\n<\/tr>\n<tr class=\"even\">\n<td class=\"spec-name\">\n accessoire optionnel\n                            <\/td>\n<td class=\"spec-value\">\noui <\/td>\n<\/tr>\n<\/tbody>\n<\/table>\n","protected":false},"excerpt":{"rendered":"<p>La tondeuse \u00e0 gazon professionnelle avec un ramassage parfait de l\u2019herbe pour une tonte exigeante L\u2019AS 531 4T MK est<\/p>\n","protected":false},"featured_media":55255,"template":"","meta":{"_seopress_robots_primary_cat":"","_seopress_titles_title":"","_seopress_titles_desc":"","_seopress_robots_index":""},"product_brand":[4374],"product_cat":[167,1671,1657],"product_tag":[],"class_list":{"0":"post-504200","1":"product","2":"type-product","3":"status-publish","4":"has-post-thumbnail","6":"product_brand-as-motor-fr","7":"product_cat-machines","8":"product_cat-tondeuses-a-moteur","9":"product_cat-tondeuses-et-robots","10":"sws-gruppo-macchinari-fr","11":"sws-conto-ricavi-merci-rivendita-macchinari-de","12":"sws-gruppo-iva-iva81-de","14":"first","15":"onbackorder","16":"shipping-taxable","17":"purchasable","18":"product-type-simple"},"_links":{"self":[{"href":"https:\/\/lucacastelli.com\/fr\/wp-json\/wp\/v2\/product\/504200","targetHints":{"allow":["GET"]}}],"collection":[{"href":"https:\/\/lucacastelli.com\/fr\/wp-json\/wp\/v2\/product"}],"about":[{"href":"https:\/\/lucacastelli.com\/fr\/wp-json\/wp\/v2\/types\/product"}],"wp:featuredmedia":[{"embeddable":true,"href":"https:\/\/lucacastelli.com\/fr\/wp-json\/wp\/v2\/media\/55255"}],"wp:attachment":[{"href":"https:\/\/lucacastelli.com\/fr\/wp-json\/wp\/v2\/media?parent=504200"}],"wp:term":[{"taxonomy":"product_brand","embeddable":true,"href":"https:\/\/lucacastelli.com\/fr\/wp-json\/wp\/v2\/product_brand?post=504200"},{"taxonomy":"product_cat","embeddable":true,"href":"https:\/\/lucacastelli.com\/fr\/wp-json\/wp\/v2\/product_cat?post=504200"},{"taxonomy":"product_tag","embeddable":true,"href":"https:\/\/lucacastelli.com\/fr\/wp-json\/wp\/v2\/product_tag?post=504200"}],"curies":[{"name":"wp","href":"https:\/\/api.w.org\/{rel}","templated":true}]}}