{"id":504188,"date":"2023-05-13T16:50:27","date_gmt":"2023-05-13T14:50:27","guid":{"rendered":"https:\/\/lucacastelli.com\/prodotto\/as-940-sherpa-4wd-xl-rc\/"},"modified":"2025-12-01T14:46:02","modified_gmt":"2025-12-01T13:46:02","slug":"as-940-sherpa-4wd-xl-rc","status":"publish","type":"product","link":"https:\/\/lucacastelli.com\/fr\/produit\/as-940-sherpa-4wd-xl-rc\/","title":{"rendered":"AS 940 Sherpa 4WD XL RC"},"content":{"rendered":"<p>La premi\u00e8re tondeuse \u00e0 gazon autoport\u00e9e \u00e0 4 roues motrices au monde avec t\u00e9l\u00e9commande offre encore plus de confort et de s\u00e9curit\u00e9 dans des conditions d\u2019utilisation difficiles<br \/>\nL\u2019AS 940 Sherpa 4WD RC est la premi\u00e8re tondeuse \u00e0 gazon autoport\u00e9e au monde \u00e9quip\u00e9e d\u2019une t\u00e9l\u00e9commande. Il vous permet de travailler confortablement assis ou avec la t\u00e9l\u00e9commande. \u00c9quip\u00e9 d\u2019un moteur Briggs &amp; Stratton Professional Series 8 et d\u2019une transmission hydrostatique, l\u2019AS 940 Sherpa 4WD RC est respectueux de la pente et confortable \u00e0 utiliser. Sur un terrain plat et large, il est conseill\u00e9 de travailler en position assise pour atteindre des performances \u00e9lev\u00e9es. Le mode de t\u00e9l\u00e9commande est utilis\u00e9 pour assurer une s\u00e9curit\u00e9 \u00e9lev\u00e9e de l\u2019op\u00e9rateur lors des travaux sur les pentes. Le confort de l\u2019op\u00e9rateur est \u00e9galement consid\u00e9rablement am\u00e9lior\u00e9 : pas de gaz d\u2019\u00e9chappement, pas de bruit, pas de vibrations, pas de poussi\u00e8re, pas de pollen, pas d\u2019insectes et pas de broussailles. En mode RC, la tondeuse peut \u00eatre utilis\u00e9e en toute s\u00e9curit\u00e9 et confortablement sur des pentes allant jusqu\u2019\u00e0 33\u00b0. C\u2019est possible gr\u00e2ce \u00e0 la t\u00e9l\u00e9commande professionnelle longue port\u00e9e. La t\u00e9l\u00e9commande vous permet de contr\u00f4ler les fonctions suivantes de la machine : d\u00e9marrage et arr\u00eat, marche avant et arri\u00e8re, r\u00e9glage de la hauteur de coupe, embrayage de la lame, blocage du diff\u00e9rentiel, trim et marche arri\u00e8re. En mode assis, la t\u00e9l\u00e9commande ex\u00e9cute certaines des fonctions d\u2019un tableau de bord. Les leviers de commande de la t\u00e9l\u00e9commande sont progressifs : plus vous appuyez sur le levier de commande, plus la vitesse ou l\u2019angle de braquage augmente. Lorsque les leviers de commande sont rel\u00e2ch\u00e9s, le frein de stationnement est automatiquement serr\u00e9 ou la direction passe au point mort. Pour contr\u00f4ler la machine en toute s\u00e9curit\u00e9 et avec pr\u00e9cision, seule une courte phase d\u2019apprentissage et de formation est n\u00e9cessaire.            <\/p>\n<p>Gr\u00e2ce<br \/>\nau ch\u00e2ssis tubulaire int\u00e9gr\u00e9, l\u2019AS 940 Sherpa 4WD RC permet une position assise similaire \u00e0 celle d\u2019un \u00ab kart \u00bb. Les utilisateurs mesurant entre 1,60 m et 2,00 m disposent de suffisamment d\u2019espace. Le confort est encore am\u00e9lior\u00e9 par le si\u00e8ge baquet r\u00e9glable en longueur. La suspension du si\u00e8ge peut \u00eatre r\u00e9gl\u00e9e en continu pour chaque utilisateur. Le conducteur est assis \u00ab \u00e0 l\u2019int\u00e9rieur \u00bb de la voiture et le centre de gravit\u00e9 bas reste bas. Le pare-chocs lat\u00e9ral et l\u2019arceau de s\u00e9curit\u00e9 rabattable offrent une protection optimale \u00e0 l\u2019op\u00e9rateur.     <\/p>\n<p>Le c\u0153ur de l\u2019AS 940 Sherpa 4WD RC : le corps de tondeuse \u00e0 surface<br \/>\nferm\u00e9e Comme son petit fr\u00e8re l\u2019AS 940 Sherpa 4WD XL, l\u2019AS 940 Sherpa 4WD RC est \u00e9galement \u00e9quip\u00e9 d\u2019un plateau de coupe de 90 cm de large. Il est \u00e9quip\u00e9 d\u2019un syst\u00e8me de lames transversales AS qui d\u00e9chiquette, d\u00e9chiquette et \u00e9jecte l\u2019herbe coup\u00e9e \u00e0 l\u2019arri\u00e8re. Pour prot\u00e9ger les lames et la pelouse, ce pont peut \u00e9viter les obstacles vers le haut. La seule diff\u00e9rence par rapport \u00e0 la machine s\u0153ur est que la hauteur de coupe peut \u00eatre r\u00e9gl\u00e9e \u00e0 l\u2019aide d\u2019une t\u00e9l\u00e9commande de 80 \u00e0 135 mm, en mode RC et MC.   <\/p>\n<table class=\"data-table\">\n<colgroup>\n<col width=\"25%\">\n<col>\n                <\/colgroup>\n<tbody>\n<tr class=\"odd\">\n<td class=\"spec-name\">\n Longeur de travail\n                            <\/td>\n<td class=\"spec-value\">\n90 cm <\/td>\n<\/tr>\n<tr class=\"even\">\n<td class=\"spec-name\">\n puissance\n                            <\/td>\n<td class=\"spec-value\">\n27.0 PS <\/td>\n<\/tr>\n<tr class=\"odd\">\n<td class=\"spec-name\">\n moteur\n                            <\/td>\n<td class=\"spec-value\">\nessence 4T <\/td>\n<\/tr>\n<tr class=\"even\">\n<td class=\"spec-name\">\n cylindre\n                            <\/td>\n<td class=\"spec-value\">\n2 cylindre <\/td>\n<\/tr>\n<tr class=\"odd\">\n<td class=\"spec-name\">\n d\u00e9marreur \u00e9lectrique\n                            <\/td>\n<td class=\"spec-value\">\noui <\/td>\n<\/tr>\n<tr class=\"even\">\n<td class=\"spec-name\">\n Dispositif d\u2019entra\u00eenement\n                            <\/td>\n<td class=\"spec-value\">\noui <\/td>\n<\/tr>\n<tr class=\"odd\">\n<td class=\"spec-name\">\n Moyen de propulsion\n                            <\/td>\n<td class=\"spec-value\">\nhydrostatique <\/td>\n<\/tr>\n<tr class=\"even\">\n<td class=\"spec-name\">\n Vitesses\n                            <\/td>\n<td class=\"spec-value\">\nHydrostatique <\/td>\n<\/tr>\n<tr class=\"odd\">\n<td class=\"spec-name\">\n t\u00e9l\u00e9commande\n                            <\/td>\n<td class=\"spec-value\">\noui <\/td>\n<\/tr>\n<tr class=\"even\">\n<td class=\"spec-name\">\n accessoire optionnel\n                            <\/td>\n<td class=\"spec-value\">\noui <\/td>\n<\/tr>\n<tr class=\"odd\">\n<td class=\"spec-name\">\n sp\u00e9cialit\u00e9s\n                            <\/td>\n<td class=\"spec-value\">\nFehrnbedienung, XL-Bereifung, 4WD, Kreuzmesser, Diff.-Sperre, elektromagnetische Messerkupplung <\/td>\n<\/tr>\n<\/tbody>\n<\/table>\n","protected":false},"excerpt":{"rendered":"<p>La premi\u00e8re tondeuse \u00e0 gazon autoport\u00e9e \u00e0 4 roues motrices au monde avec t\u00e9l\u00e9commande offre encore plus de confort et<\/p>\n","protected":false},"featured_media":55147,"template":"","meta":{"_seopress_robots_primary_cat":"","_seopress_titles_title":"","_seopress_titles_desc":"","_seopress_robots_index":""},"product_brand":[4374],"product_cat":[167,1657,1691],"product_tag":[],"class_list":{"0":"post-504188","1":"product","2":"type-product","3":"status-publish","4":"has-post-thumbnail","6":"product_brand-as-motor-fr","7":"product_cat-machines","8":"product_cat-tondeuses-et-robots","9":"product_cat-tracteurs-de-pelouse","10":"sws-gruppo-macchinari-fr","11":"sws-conto-ricavi-merci-rivendita-macchinari-fr","12":"sws-gruppo-iva-iva81-fr","14":"first","15":"onbackorder","16":"shipping-taxable","17":"purchasable","18":"product-type-simple"},"_links":{"self":[{"href":"https:\/\/lucacastelli.com\/fr\/wp-json\/wp\/v2\/product\/504188","targetHints":{"allow":["GET"]}}],"collection":[{"href":"https:\/\/lucacastelli.com\/fr\/wp-json\/wp\/v2\/product"}],"about":[{"href":"https:\/\/lucacastelli.com\/fr\/wp-json\/wp\/v2\/types\/product"}],"wp:featuredmedia":[{"embeddable":true,"href":"https:\/\/lucacastelli.com\/fr\/wp-json\/wp\/v2\/media\/55147"}],"wp:attachment":[{"href":"https:\/\/lucacastelli.com\/fr\/wp-json\/wp\/v2\/media?parent=504188"}],"wp:term":[{"taxonomy":"product_brand","embeddable":true,"href":"https:\/\/lucacastelli.com\/fr\/wp-json\/wp\/v2\/product_brand?post=504188"},{"taxonomy":"product_cat","embeddable":true,"href":"https:\/\/lucacastelli.com\/fr\/wp-json\/wp\/v2\/product_cat?post=504188"},{"taxonomy":"product_tag","embeddable":true,"href":"https:\/\/lucacastelli.com\/fr\/wp-json\/wp\/v2\/product_tag?post=504188"}],"curies":[{"name":"wp","href":"https:\/\/api.w.org\/{rel}","templated":true}]}}