{"id":504182,"date":"2023-05-13T16:36:34","date_gmt":"2023-05-13T14:36:34","guid":{"rendered":"https:\/\/lucacastelli.com\/prodotto\/as-1000-ovis-rc\/"},"modified":"2023-05-13T16:36:34","modified_gmt":"2023-05-13T14:36:34","slug":"as-1000-ovis-rc","status":"publish","type":"product","link":"https:\/\/lucacastelli.com\/fr\/produit\/as-1000-ovis-rc\/","title":{"rendered":"AS 1000 OVIS RC"},"content":{"rendered":"<p>Le broyeur sur chenilles radiocommand\u00e9 &#8211; PRO pour les<br \/>\nPRO Les talus sonores, les remblais ferroviaires, les bassins de r\u00e9tention des eaux pluviales, les fermes solaires ou les parcs \u00e9oliens posent souvent un d\u00e9fi majeur aux paysagistes et aux prestataires de services : les zones difficiles d\u2019acc\u00e8s, impraticables et escarp\u00e9es doivent \u00eatre entretenues r\u00e9guli\u00e8rement. Gr\u00e2ce \u00e0 sa conception simple de t\u00e9l\u00e9commande RC et \u00e0 ses \u00e9normes performances de tonte, l\u2019AS 1000 Ovis RC est \u00e0 la hauteur du d\u00e9fi. Avec la tondeuse \u00e0 fl\u00e9aux t\u00e9l\u00e9command\u00e9e, vous pouvez tondre confortablement et intuitivement \u00e0 une distance de s\u00e9curit\u00e9. Gr\u00e2ce \u00e0 sa faible hauteur totale (seulement 69 cm) et au moteur Vanguard Professional avec syst\u00e8me de lubrification \u00e0 l\u2019huile optimis\u00e9, la tondeuse \u00e0 fl\u00e9aux dispose d\u2019un centre de gravit\u00e9 parfait, ce qui est la condition pr\u00e9alable pour affronter les pentes extr\u00eames et tondre sous de faibles obstacles. Le faible poids en ordre de marche de 415 kg assure une protection maximale du sol. La r\u00e9partition \u00e9quilibr\u00e9e du poids et la chenille robuste vous permettent de tondre en toute s\u00e9curit\u00e9 sur des pentes raides allant jusqu\u2019\u00e0 50 degr\u00e9s.     <\/p>\n<p>\u00c9norme performance de coupe et r\u00e9glage individuel pour chaque exigence<br \/>\nLe bo\u00eetier flottant de la tondeuse \u00e0 fl\u00e9aux s\u2019adapte aux terrains accident\u00e9s sur les terrains difficiles gr\u00e2ce \u00e0 la grande course pendulaire de haut en bas et \u00e9vite d\u2019endommager la pelouse. R\u00e9glage variable de la tondeuse : guidage optimal gr\u00e2ce \u00e0 un ch\u00e2ssis coulissant r\u00e9glable (fonction anti-scalp) ou \u00e0 un dispositif int\u00e9gr\u00e9 pour une utilisation optimale dans diff\u00e9rentes conditions de sol. Choisissez votre r\u00e9glage personnel pour un ajustement parfait. La tondeuse \u00e0 fl\u00e9aux de 100 cm de large (hauteur de coupe r\u00e9glable en continu) avec ses chenilles plus \u00e9troites vous permet de couper confortablement jusqu\u2019\u00e0 quelques centim\u00e8tres des garde-corps ou d\u2019autres obstacles.   <\/p>\n<p>L\u2019\u00e9norme<br \/>\npuissance du moteur en V Vanguard Professional est transmise directement et avec peu de perte \u00e0 l\u2019arbre de coupe par deux courroies. Le moteur \u00e9prouv\u00e9 d\u2019une puissance maximale de 23 ch impressionne par sa garantie de trois ans et sa construction stable et robuste. Les composants fiables de la s\u00e9rie YAK, tels que l\u2019unit\u00e9 de tondeuse \u00e0 fl\u00e9aux robuste et le syst\u00e8me de tension \u00e0 ressort de courroie, sont utilis\u00e9s dans la nouvelle AS 1000 Ovis RC.  <\/p>\n<p>Manipulation et entretien simplifi\u00e9s<br \/>\nDes chenilles stables avec des inserts en acier assurent une traction maximale sur les pentes extr\u00eames. Les courroies peuvent \u00eatre mont\u00e9es rapidement gr\u00e2ce \u00e0 une taille de r\u00e9glage d\u00e9finie. Le frein de stationnement m\u00e9canique automatique offre une plus grande s\u00e9curit\u00e9 lors des travaux en pente. Gr\u00e2ce au gabarit de charge compact (159 cm \/ 112 cm \/ 69 cm), le broyeur t\u00e9l\u00e9command\u00e9 peut \u00eatre transport\u00e9 rapidement et facilement.   <\/p>\n<p>Des roulements d\u2019arbre sans entretien, des moteurs hydrauliques robustes pour la production \u00e0 grande \u00e9chelle et un haut niveau de s\u00e9curit\u00e9 sont les principales caract\u00e9ristiques de cette tondeuse.<\/p>\n<table class=\"data-table\">\n<colgroup>\n<col width=\"25%\">\n<col>\n                <\/colgroup>\n<tbody>\n<tr class=\"odd\">\n<td class=\"spec-name\">\n Longeur de travail\n                            <\/td>\n<td class=\"spec-value\">\n100 cm <\/td>\n<\/tr>\n<tr class=\"even\">\n<td class=\"spec-name\">\n puissance\n                            <\/td>\n<td class=\"spec-value\">\n23.0 PS <\/td>\n<\/tr>\n<tr class=\"odd\">\n<td class=\"spec-name\">\n moteur\n                            <\/td>\n<td class=\"spec-value\">\nessence 4T <\/td>\n<\/tr>\n<tr class=\"even\">\n<td class=\"spec-name\">\n cylindre\n                            <\/td>\n<td class=\"spec-value\">\n2 cylindre <\/td>\n<\/tr>\n<tr class=\"odd\">\n<td class=\"spec-name\">\n d\u00e9marreur \u00e9lectrique\n                            <\/td>\n<td class=\"spec-value\">\noui <\/td>\n<\/tr>\n<tr class=\"even\">\n<td class=\"spec-name\">\n Dispositif d\u2019entra\u00eenement\n                            <\/td>\n<td class=\"spec-value\">\noui <\/td>\n<\/tr>\n<tr class=\"odd\">\n<td class=\"spec-name\">\n Moyen de propulsion\n                            <\/td>\n<td class=\"spec-value\">\nhydrostatique <\/td>\n<\/tr>\n<tr class=\"even\">\n<td class=\"spec-name\">\n Vitesses\n                            <\/td>\n<td class=\"spec-value\">\nVariomatique <\/td>\n<\/tr>\n<tr class=\"odd\">\n<td class=\"spec-name\">\n t\u00e9l\u00e9commande\n                            <\/td>\n<td class=\"spec-value\">\noui <\/td>\n<\/tr>\n<\/tbody>\n<\/table>\n","protected":false},"excerpt":{"rendered":"<p>Le broyeur sur chenilles radiocommand\u00e9 &#8211; PRO pour les PRO Les talus sonores, les remblais ferroviaires, les bassins de r\u00e9tention<\/p>\n","protected":false},"featured_media":55122,"template":"","meta":{"_seopress_robots_primary_cat":"","_seopress_titles_title":"","_seopress_titles_desc":"","_seopress_robots_index":""},"product_brand":[4374],"product_cat":[1453,1558,167],"product_tag":[],"class_list":{"0":"post-504182","1":"product","2":"type-product","3":"status-publish","4":"has-post-thumbnail","6":"product_brand-as-motor-fr","7":"product_cat-autres-appareils","8":"product_cat-dechiqueteuses","9":"product_cat-machines","11":"first","12":"onbackorder","13":"shipping-taxable","14":"purchasable","15":"product-type-simple"},"_links":{"self":[{"href":"https:\/\/lucacastelli.com\/fr\/wp-json\/wp\/v2\/product\/504182","targetHints":{"allow":["GET"]}}],"collection":[{"href":"https:\/\/lucacastelli.com\/fr\/wp-json\/wp\/v2\/product"}],"about":[{"href":"https:\/\/lucacastelli.com\/fr\/wp-json\/wp\/v2\/types\/product"}],"wp:featuredmedia":[{"embeddable":true,"href":"https:\/\/lucacastelli.com\/fr\/wp-json\/wp\/v2\/media\/55122"}],"wp:attachment":[{"href":"https:\/\/lucacastelli.com\/fr\/wp-json\/wp\/v2\/media?parent=504182"}],"wp:term":[{"taxonomy":"product_brand","embeddable":true,"href":"https:\/\/lucacastelli.com\/fr\/wp-json\/wp\/v2\/product_brand?post=504182"},{"taxonomy":"product_cat","embeddable":true,"href":"https:\/\/lucacastelli.com\/fr\/wp-json\/wp\/v2\/product_cat?post=504182"},{"taxonomy":"product_tag","embeddable":true,"href":"https:\/\/lucacastelli.com\/fr\/wp-json\/wp\/v2\/product_tag?post=504182"}],"curies":[{"name":"wp","href":"https:\/\/api.w.org\/{rel}","templated":true}]}}